{"id":1264,"date":"2018-01-12T12:43:40","date_gmt":"2018-01-12T11:43:40","guid":{"rendered":"http:\/\/www.mbt-concept.rs\/?page_id=1264"},"modified":"2021-04-28T14:01:16","modified_gmt":"2021-04-28T12:01:16","slug":"smokva-bay","status":"publish","type":"page","link":"https:\/\/www.mbt-concept.rs\/sr\/projects\/smokva-bay\/","title":{"rendered":"Smokva Bay"},"content":{"rendered":"<p>[vc_row][vc_column width=&#8220;1\/2&#8243;][vc_wp_text]VAS Invest i Boticelli Land Development su suinvestitori projekta razvoja Smokva Bay koji se nalazi na jednoj od najlep\u0161ih lokacija, pored Re\u017eevi\u0107a, u op\u0161tini Budva. Sa povr\u0161inom od 140,042 m<sup>2<\/sup>, on predstavlja najve\u0107u parcelu u privatnom vlasni\u0161tvu na crnogorskoj obali. Budu\u0107i kompleks \u0107e se sastojati od luksuznih hotela i vila.[\/vc_wp_text][\/vc_column][vc_column width=&#8220;1\/2&#8243;][vc_single_image image=&#8220;1130&#8243; img_size=&#8220;full&#8220;][\/vc_column][\/vc_row][vc_row][vc_column][vc_empty_space][\/vc_column][\/vc_row][vc_row][vc_column width=&#8220;1\/2&#8243;][vc_column_text]<\/p>\n<p><!-- index.php -->\n<div\n\tclass=\"ngg-galleryoverview\"\n\tid=\"ngg-gallery-82f2920499a87f21997e61dd552121e0-1\">\n\n    \t\t<!-- Thumbnails -->\n\t\t\t\t<div id=\"ngg-image-0\" class=\"ngg-gallery-thumbnail-box\" >\n\t\t\t\t        <div class=\"ngg-gallery-thumbnail\">\n            <a href=\"https:\/\/www.mbt-concept.rs\/wp-content\/gallery\/smokvabay\/s16.jpg\"\n               title=\"\"\n               data-src=\"https:\/\/www.mbt-concept.rs\/wp-content\/gallery\/smokvabay\/s16.jpg\"\n               data-thumbnail=\"https:\/\/www.mbt-concept.rs\/wp-content\/gallery\/smokvabay\/thumbs\/thumbs_s16.jpg\"\n               data-image-id=\"32\"\n               data-title=\"s16\"\n               data-description=\"\"\n               data-image-slug=\"s16\"\n               class='use_imagebrowser_effect' data-imagebrowser-url='https:\/\/www.mbt-concept.rs\/sr\/projects\/smokva-bay\/nggallery\/image\/%STUB%'>\n                <img\n                    title=\"s16\"\n                    alt=\"s16\"\n                    src=\"https:\/\/www.mbt-concept.rs\/wp-content\/gallery\/smokvabay\/thumbs\/thumbs_s16.jpg\"\n                    width=\"180\"\n                    height=\"99\"\n                    style=\"max-width:100%;\"\n                \/>\n            <\/a>\n        <\/div>\n\t\t\t\t\t\t\t<\/div> \n\t\t\t\n                            \n\t\t\t\t<div id=\"ngg-image-1\" class=\"ngg-gallery-thumbnail-box\" >\n\t\t\t\t        <div class=\"ngg-gallery-thumbnail\">\n            <a href=\"https:\/\/www.mbt-concept.rs\/wp-content\/gallery\/smokvabay\/s15-1.jpg\"\n               title=\"\"\n               data-src=\"https:\/\/www.mbt-concept.rs\/wp-content\/gallery\/smokvabay\/s15-1.jpg\"\n               data-thumbnail=\"https:\/\/www.mbt-concept.rs\/wp-content\/gallery\/smokvabay\/thumbs\/thumbs_s15-1.jpg\"\n               data-image-id=\"33\"\n               data-title=\"s15-1\"\n               data-description=\"\"\n               data-image-slug=\"s15-1\"\n               class='use_imagebrowser_effect' data-imagebrowser-url='https:\/\/www.mbt-concept.rs\/sr\/projects\/smokva-bay\/nggallery\/image\/%STUB%'>\n                <img\n                    title=\"s15-1\"\n                    alt=\"s15-1\"\n                    src=\"https:\/\/www.mbt-concept.rs\/wp-content\/gallery\/smokvabay\/thumbs\/thumbs_s15-1.jpg\"\n                    width=\"180\"\n                    height=\"99\"\n                    style=\"max-width:100%;\"\n                \/>\n            <\/a>\n        <\/div>\n\t\t\t\t\t\t\t<\/div> \n\t\t\t\n                            \n\t\t\t\t<div id=\"ngg-image-2\" class=\"ngg-gallery-thumbnail-box\" >\n\t\t\t\t        <div class=\"ngg-gallery-thumbnail\">\n            <a href=\"https:\/\/www.mbt-concept.rs\/wp-content\/gallery\/smokvabay\/s14-1.jpg\"\n               title=\"\"\n               data-src=\"https:\/\/www.mbt-concept.rs\/wp-content\/gallery\/smokvabay\/s14-1.jpg\"\n               data-thumbnail=\"https:\/\/www.mbt-concept.rs\/wp-content\/gallery\/smokvabay\/thumbs\/thumbs_s14-1.jpg\"\n               data-image-id=\"34\"\n               data-title=\"s14-1\"\n               data-description=\"\"\n               data-image-slug=\"s14-1\"\n               class='use_imagebrowser_effect' data-imagebrowser-url='https:\/\/www.mbt-concept.rs\/sr\/projects\/smokva-bay\/nggallery\/image\/%STUB%'>\n                <img\n                    title=\"s14-1\"\n                    alt=\"s14-1\"\n                    src=\"https:\/\/www.mbt-concept.rs\/wp-content\/gallery\/smokvabay\/thumbs\/thumbs_s14-1.jpg\"\n                    width=\"180\"\n                    height=\"99\"\n                    style=\"max-width:100%;\"\n                \/>\n            <\/a>\n        <\/div>\n\t\t\t\t\t\t\t<\/div> \n\t\t\t\n                            \n\t\t\t\t<div id=\"ngg-image-3\" class=\"ngg-gallery-thumbnail-box\" >\n\t\t\t\t        <div class=\"ngg-gallery-thumbnail\">\n            <a href=\"https:\/\/www.mbt-concept.rs\/wp-content\/gallery\/smokvabay\/s13.jpg\"\n               title=\"\"\n               data-src=\"https:\/\/www.mbt-concept.rs\/wp-content\/gallery\/smokvabay\/s13.jpg\"\n               data-thumbnail=\"https:\/\/www.mbt-concept.rs\/wp-content\/gallery\/smokvabay\/thumbs\/thumbs_s13.jpg\"\n               data-image-id=\"35\"\n               data-title=\"s13\"\n               data-description=\"\"\n               data-image-slug=\"s13\"\n               class='use_imagebrowser_effect' data-imagebrowser-url='https:\/\/www.mbt-concept.rs\/sr\/projects\/smokva-bay\/nggallery\/image\/%STUB%'>\n                <img\n                    title=\"s13\"\n                    alt=\"s13\"\n                    src=\"https:\/\/www.mbt-concept.rs\/wp-content\/gallery\/smokvabay\/thumbs\/thumbs_s13.jpg\"\n                    width=\"180\"\n                    height=\"99\"\n                    style=\"max-width:100%;\"\n                \/>\n            <\/a>\n        <\/div>\n\t\t\t\t\t\t\t<\/div> \n\t\t\t\n                            \n\t\t\t\t<div id=\"ngg-image-4\" class=\"ngg-gallery-thumbnail-box\" >\n\t\t\t\t        <div class=\"ngg-gallery-thumbnail\">\n            <a href=\"https:\/\/www.mbt-concept.rs\/wp-content\/gallery\/smokvabay\/s12-1.jpg\"\n               title=\"\"\n               data-src=\"https:\/\/www.mbt-concept.rs\/wp-content\/gallery\/smokvabay\/s12-1.jpg\"\n               data-thumbnail=\"https:\/\/www.mbt-concept.rs\/wp-content\/gallery\/smokvabay\/thumbs\/thumbs_s12-1.jpg\"\n               data-image-id=\"36\"\n               data-title=\"s12-1\"\n               data-description=\"\"\n               data-image-slug=\"s12-1\"\n               class='use_imagebrowser_effect' data-imagebrowser-url='https:\/\/www.mbt-concept.rs\/sr\/projects\/smokva-bay\/nggallery\/image\/%STUB%'>\n                <img\n                    title=\"s12-1\"\n                    alt=\"s12-1\"\n                    src=\"https:\/\/www.mbt-concept.rs\/wp-content\/gallery\/smokvabay\/thumbs\/thumbs_s12-1.jpg\"\n                    width=\"180\"\n                    height=\"99\"\n                    style=\"max-width:100%;\"\n                \/>\n            <\/a>\n        <\/div>\n\t\t\t\t\t\t\t<\/div> \n\t\t\t\n                            \n\t\t\t\t<div id=\"ngg-image-5\" class=\"ngg-gallery-thumbnail-box\" >\n\t\t\t\t        <div class=\"ngg-gallery-thumbnail\">\n            <a href=\"https:\/\/www.mbt-concept.rs\/wp-content\/gallery\/smokvabay\/s11-1.jpg\"\n               title=\"\"\n               data-src=\"https:\/\/www.mbt-concept.rs\/wp-content\/gallery\/smokvabay\/s11-1.jpg\"\n               data-thumbnail=\"https:\/\/www.mbt-concept.rs\/wp-content\/gallery\/smokvabay\/thumbs\/thumbs_s11-1.jpg\"\n               data-image-id=\"37\"\n               data-title=\"s11-1\"\n               data-description=\"\"\n               data-image-slug=\"s11-1\"\n               class='use_imagebrowser_effect' data-imagebrowser-url='https:\/\/www.mbt-concept.rs\/sr\/projects\/smokva-bay\/nggallery\/image\/%STUB%'>\n                <img\n                    title=\"s11-1\"\n                    alt=\"s11-1\"\n                    src=\"https:\/\/www.mbt-concept.rs\/wp-content\/gallery\/smokvabay\/thumbs\/thumbs_s11-1.jpg\"\n                    width=\"180\"\n                    height=\"99\"\n                    style=\"max-width:100%;\"\n                \/>\n            <\/a>\n        <\/div>\n\t\t\t\t\t\t\t<\/div> \n\t\t\t\n                            \n\t\t\t\t<div id=\"ngg-image-6\" class=\"ngg-gallery-thumbnail-box\" >\n\t\t\t\t        <div class=\"ngg-gallery-thumbnail\">\n            <a href=\"https:\/\/www.mbt-concept.rs\/wp-content\/gallery\/smokvabay\/s8-1.jpg\"\n               title=\"\"\n               data-src=\"https:\/\/www.mbt-concept.rs\/wp-content\/gallery\/smokvabay\/s8-1.jpg\"\n               data-thumbnail=\"https:\/\/www.mbt-concept.rs\/wp-content\/gallery\/smokvabay\/thumbs\/thumbs_s8-1.jpg\"\n               data-image-id=\"38\"\n               data-title=\"s8-1\"\n               data-description=\"\"\n               data-image-slug=\"s8-1\"\n               class='use_imagebrowser_effect' data-imagebrowser-url='https:\/\/www.mbt-concept.rs\/sr\/projects\/smokva-bay\/nggallery\/image\/%STUB%'>\n                <img\n                    title=\"s8-1\"\n                    alt=\"s8-1\"\n                    src=\"https:\/\/www.mbt-concept.rs\/wp-content\/gallery\/smokvabay\/thumbs\/thumbs_s8-1.jpg\"\n                    width=\"180\"\n                    height=\"99\"\n                    style=\"max-width:100%;\"\n                \/>\n            <\/a>\n        <\/div>\n\t\t\t\t\t\t\t<\/div> \n\t\t\t\n                            \n\t\t\t\t<div id=\"ngg-image-7\" class=\"ngg-gallery-thumbnail-box\" >\n\t\t\t\t        <div class=\"ngg-gallery-thumbnail\">\n            <a href=\"https:\/\/www.mbt-concept.rs\/wp-content\/gallery\/smokvabay\/s6-1.jpg\"\n               title=\"\"\n               data-src=\"https:\/\/www.mbt-concept.rs\/wp-content\/gallery\/smokvabay\/s6-1.jpg\"\n               data-thumbnail=\"https:\/\/www.mbt-concept.rs\/wp-content\/gallery\/smokvabay\/thumbs\/thumbs_s6-1.jpg\"\n               data-image-id=\"39\"\n               data-title=\"s6-1\"\n               data-description=\"\"\n               data-image-slug=\"s6-1\"\n               class='use_imagebrowser_effect' data-imagebrowser-url='https:\/\/www.mbt-concept.rs\/sr\/projects\/smokva-bay\/nggallery\/image\/%STUB%'>\n                <img\n                    title=\"s6-1\"\n                    alt=\"s6-1\"\n                    src=\"https:\/\/www.mbt-concept.rs\/wp-content\/gallery\/smokvabay\/thumbs\/thumbs_s6-1.jpg\"\n                    width=\"180\"\n                    height=\"99\"\n                    style=\"max-width:100%;\"\n                \/>\n            <\/a>\n        <\/div>\n\t\t\t\t\t\t\t<\/div> \n\t\t\t\n                            \n\t\t\t\t<div id=\"ngg-image-8\" class=\"ngg-gallery-thumbnail-box\" >\n\t\t\t\t        <div class=\"ngg-gallery-thumbnail\">\n            <a href=\"https:\/\/www.mbt-concept.rs\/wp-content\/gallery\/smokvabay\/S1-1.jpg\"\n               title=\"\"\n               data-src=\"https:\/\/www.mbt-concept.rs\/wp-content\/gallery\/smokvabay\/S1-1.jpg\"\n               data-thumbnail=\"https:\/\/www.mbt-concept.rs\/wp-content\/gallery\/smokvabay\/thumbs\/thumbs_S1-1.jpg\"\n               data-image-id=\"40\"\n               data-title=\"S1-1\"\n               data-description=\"\"\n               data-image-slug=\"s1-1\"\n               class='use_imagebrowser_effect' data-imagebrowser-url='https:\/\/www.mbt-concept.rs\/sr\/projects\/smokva-bay\/nggallery\/image\/%STUB%'>\n                <img\n                    title=\"S1-1\"\n                    alt=\"S1-1\"\n                    src=\"https:\/\/www.mbt-concept.rs\/wp-content\/gallery\/smokvabay\/thumbs\/thumbs_S1-1.jpg\"\n                    width=\"180\"\n                    height=\"99\"\n                    style=\"max-width:100%;\"\n                \/>\n            <\/a>\n        <\/div>\n\t\t\t\t\t\t\t<\/div> \n\t\t\t\n                            \n\t\t\t\t<div id=\"ngg-image-9\" class=\"ngg-gallery-thumbnail-box\" >\n\t\t\t\t        <div class=\"ngg-gallery-thumbnail\">\n            <a href=\"https:\/\/www.mbt-concept.rs\/wp-content\/gallery\/smokvabay\/s2-1.jpg\"\n               title=\"\"\n               data-src=\"https:\/\/www.mbt-concept.rs\/wp-content\/gallery\/smokvabay\/s2-1.jpg\"\n               data-thumbnail=\"https:\/\/www.mbt-concept.rs\/wp-content\/gallery\/smokvabay\/thumbs\/thumbs_s2-1.jpg\"\n               data-image-id=\"41\"\n               data-title=\"s2-1\"\n               data-description=\"\"\n               data-image-slug=\"s2-1\"\n               class='use_imagebrowser_effect' data-imagebrowser-url='https:\/\/www.mbt-concept.rs\/sr\/projects\/smokva-bay\/nggallery\/image\/%STUB%'>\n                <img\n                    title=\"s2-1\"\n                    alt=\"s2-1\"\n                    src=\"https:\/\/www.mbt-concept.rs\/wp-content\/gallery\/smokvabay\/thumbs\/thumbs_s2-1.jpg\"\n                    width=\"180\"\n                    height=\"99\"\n                    style=\"max-width:100%;\"\n                \/>\n            <\/a>\n        <\/div>\n\t\t\t\t\t\t\t<\/div> \n\t\t\t\n                            \n\t\t\t\t<div id=\"ngg-image-10\" class=\"ngg-gallery-thumbnail-box\" >\n\t\t\t\t        <div class=\"ngg-gallery-thumbnail\">\n            <a href=\"https:\/\/www.mbt-concept.rs\/wp-content\/gallery\/smokvabay\/s4-1.jpg\"\n               title=\"\"\n               data-src=\"https:\/\/www.mbt-concept.rs\/wp-content\/gallery\/smokvabay\/s4-1.jpg\"\n               data-thumbnail=\"https:\/\/www.mbt-concept.rs\/wp-content\/gallery\/smokvabay\/thumbs\/thumbs_s4-1.jpg\"\n               data-image-id=\"42\"\n               data-title=\"s4-1\"\n               data-description=\"\"\n               data-image-slug=\"s4-1\"\n               class='use_imagebrowser_effect' data-imagebrowser-url='https:\/\/www.mbt-concept.rs\/sr\/projects\/smokva-bay\/nggallery\/image\/%STUB%'>\n                <img\n                    title=\"s4-1\"\n                    alt=\"s4-1\"\n                    src=\"https:\/\/www.mbt-concept.rs\/wp-content\/gallery\/smokvabay\/thumbs\/thumbs_s4-1.jpg\"\n                    width=\"180\"\n                    height=\"99\"\n                    style=\"max-width:100%;\"\n                \/>\n            <\/a>\n        <\/div>\n\t\t\t\t\t\t\t<\/div> \n\t\t\t\n                            \n\t\t\t\t<div id=\"ngg-image-11\" class=\"ngg-gallery-thumbnail-box\" >\n\t\t\t\t        <div class=\"ngg-gallery-thumbnail\">\n            <a href=\"https:\/\/www.mbt-concept.rs\/wp-content\/gallery\/smokvabay\/s3.jpg\"\n               title=\"\"\n               data-src=\"https:\/\/www.mbt-concept.rs\/wp-content\/gallery\/smokvabay\/s3.jpg\"\n               data-thumbnail=\"https:\/\/www.mbt-concept.rs\/wp-content\/gallery\/smokvabay\/thumbs\/thumbs_s3.jpg\"\n               data-image-id=\"43\"\n               data-title=\"s3\"\n               data-description=\"\"\n               data-image-slug=\"s3\"\n               class='use_imagebrowser_effect' data-imagebrowser-url='https:\/\/www.mbt-concept.rs\/sr\/projects\/smokva-bay\/nggallery\/image\/%STUB%'>\n                <img\n                    title=\"s3\"\n                    alt=\"s3\"\n                    src=\"https:\/\/www.mbt-concept.rs\/wp-content\/gallery\/smokvabay\/thumbs\/thumbs_s3.jpg\"\n                    width=\"180\"\n                    height=\"99\"\n                    style=\"max-width:100%;\"\n                \/>\n            <\/a>\n        <\/div>\n\t\t\t\t\t\t\t<\/div> \n\t\t\t\n                            \n\t\t\n\t\t<!-- Pagination -->\n\t<div class='ngg-clear'><\/div>\t<\/div>\n[\/vc_column_text][\/vc_column][vc_column width=&#8220;1\/2&#8243;][vc_wp_text]<strong>MBT &#8211; obim anga\u017emana<\/strong><\/p>\n<p>Sveobuhvatna usluga upravljanja projektima tokom faze razvoja infrastrukture:<\/p>\n<ul>\n<li>Razvoj ugovorne strategije<\/li>\n<li>Pregovori sa konsultantima za projektovanje<\/li>\n<li>Priprema ugovora za konsultanta za projektovanje (u partnerstvu sa ovla\u0161\u0107enim advokatima)<\/li>\n<li>Pra\u0107enje geotehni\u010dkih istra\u017eivanja<\/li>\n<li>Upravljanje preliminarnim radovima na lokaciji<\/li>\n<li>Kontrola projektovanja i pregled projekta infrastrukture<\/li>\n<li>Priprema master programa za infrastrukturne radove<\/li>\n<\/ul>\n<p>[\/vc_wp_text][\/vc_column][\/vc_row]<\/p>","protected":false},"excerpt":{"rendered":"<p>[vc_row][vc_column width=&#8220;1\/2&#8243;][vc_wp_text]VAS Invest i Boticelli Land Development su suinvestitori projekta razvoja Smokva Bay koji se nalazi na jednoj od najlep\u0161ih lokacija, pored Re\u017eevi\u0107a, u op\u0161tini Budva. Sa povr\u0161inom od 140,042 m2, on predstavlja najve\u0107u parcelu u privatnom vlasni\u0161tvu na crnogorskoj obali. Budu\u0107i kompleks \u0107e se&hellip;<\/p>\n","protected":false},"author":2,"featured_media":0,"parent":555,"menu_order":0,"comment_status":"closed","ping_status":"closed","template":"","meta":{"ngg_post_thumbnail":0,"footnotes":""},"class_list":["post-1264","page","type-page","status-publish","hentry"],"acf":[],"_links":{"self":[{"href":"https:\/\/www.mbt-concept.rs\/sr\/wp-json\/wp\/v2\/pages\/1264","targetHints":{"allow":["GET"]}}],"collection":[{"href":"https:\/\/www.mbt-concept.rs\/sr\/wp-json\/wp\/v2\/pages"}],"about":[{"href":"https:\/\/www.mbt-concept.rs\/sr\/wp-json\/wp\/v2\/types\/page"}],"author":[{"embeddable":true,"href":"https:\/\/www.mbt-concept.rs\/sr\/wp-json\/wp\/v2\/users\/2"}],"replies":[{"embeddable":true,"href":"https:\/\/www.mbt-concept.rs\/sr\/wp-json\/wp\/v2\/comments?post=1264"}],"version-history":[{"count":12,"href":"https:\/\/www.mbt-concept.rs\/sr\/wp-json\/wp\/v2\/pages\/1264\/revisions"}],"predecessor-version":[{"id":1676,"href":"https:\/\/www.mbt-concept.rs\/sr\/wp-json\/wp\/v2\/pages\/1264\/revisions\/1676"}],"up":[{"embeddable":true,"href":"https:\/\/www.mbt-concept.rs\/sr\/wp-json\/wp\/v2\/pages\/555"}],"wp:attachment":[{"href":"https:\/\/www.mbt-concept.rs\/sr\/wp-json\/wp\/v2\/media?parent=1264"}],"curies":[{"name":"wp","href":"https:\/\/api.w.org\/{rel}","templated":true}]}}