{"id":1597,"date":"2021-04-23T19:38:01","date_gmt":"2021-04-23T17:38:01","guid":{"rendered":"http:\/\/www.mbt-concept.rs\/?page_id=1597"},"modified":"2021-04-28T15:24:17","modified_gmt":"2021-04-28T13:24:17","slug":"viceroy-kopaonik","status":"publish","type":"page","link":"https:\/\/www.mbt-concept.rs\/sr\/projects\/viceroy-kopaonik\/","title":{"rendered":"Viceroy Kopaonik"},"content":{"rendered":"<p>[vc_row][vc_column width=&#8220;1\/2&#8243;][vc_wp_text]Jedna od najve\u0107ih i najeminentnijih kompanija iz Ujedinjenih Arapskih Emirata, Royal Grupa, investirala je u luksuzni hotel od 5 zvezdica sa 119 soba sme\u0161ten na planini Kopaonik, u samom centru najpoznatijeg skijali\u0161ta u Srbiji. Hotelom c\u0301e upravljati presti\u017eni operater VICEROY.<\/p>\n<p>Hotel \u0107e imati SPA centar sa grejanim otvorenim bazenima, prostorijama za tretmane i hamamom, \u010detiri mesta gde \u0107e se slu\u017eiti hrana i pi\u0107e, uklju\u010duju\u0107i skija\u0161ki salon uokviren prekrasnim pogledom na vrhove planina i bic\u0301e jedan od najluksuznijih hotela u ovom delu Evrope.[\/vc_wp_text][\/vc_column][vc_column width=&#8220;1\/2&#8243;][vc_single_image image=&#8220;1578&#8243; img_size=&#8220;full&#8220;][\/vc_column][\/vc_row][vc_row][vc_column][vc_empty_space][\/vc_column][\/vc_row][vc_row][vc_column width=&#8220;1\/2&#8243;][vc_column_text]<\/p>\n<p><!-- index.php -->\n<div\n\tclass=\"ngg-galleryoverview\"\n\tid=\"ngg-gallery-c1bd05e7d6d0e76adefef6843652a6bb-1\">\n\n    \t\t<!-- Thumbnails -->\n\t\t\t\t<div id=\"ngg-image-0\" class=\"ngg-gallery-thumbnail-box\" >\n\t\t\t\t        <div class=\"ngg-gallery-thumbnail\">\n            <a href=\"https:\/\/www.mbt-concept.rs\/wp-content\/gallery\/viceroy\/viceroy-1-1024x600.jpg\"\n               title=\"\"\n               data-src=\"https:\/\/www.mbt-concept.rs\/wp-content\/gallery\/viceroy\/viceroy-1-1024x600.jpg\"\n               data-thumbnail=\"https:\/\/www.mbt-concept.rs\/wp-content\/gallery\/viceroy\/thumbs\/thumbs_viceroy-1-1024x600.jpg\"\n               data-image-id=\"46\"\n               data-title=\"viceroy-1-1024x600\"\n               data-description=\"\"\n               data-image-slug=\"viceroy-1-1024x600\"\n               class='use_imagebrowser_effect' data-imagebrowser-url='https:\/\/www.mbt-concept.rs\/sr\/projects\/viceroy-kopaonik\/nggallery\/image\/%STUB%'>\n                <img\n                    title=\"viceroy-1-1024x600\"\n                    alt=\"viceroy-1-1024x600\"\n                    src=\"https:\/\/www.mbt-concept.rs\/wp-content\/gallery\/viceroy\/thumbs\/thumbs_viceroy-1-1024x600.jpg\"\n                    width=\"180\"\n                    height=\"105\"\n                    style=\"max-width:100%;\"\n                \/>\n            <\/a>\n        <\/div>\n\t\t\t\t\t\t\t<\/div> \n\t\t\t\n                            \n\t\t\t\t<div id=\"ngg-image-1\" class=\"ngg-gallery-thumbnail-box\" >\n\t\t\t\t        <div class=\"ngg-gallery-thumbnail\">\n            <a href=\"https:\/\/www.mbt-concept.rs\/wp-content\/gallery\/viceroy\/viceroy-2-1024x600.jpg\"\n               title=\"\"\n               data-src=\"https:\/\/www.mbt-concept.rs\/wp-content\/gallery\/viceroy\/viceroy-2-1024x600.jpg\"\n               data-thumbnail=\"https:\/\/www.mbt-concept.rs\/wp-content\/gallery\/viceroy\/thumbs\/thumbs_viceroy-2-1024x600.jpg\"\n               data-image-id=\"50\"\n               data-title=\"viceroy-2-1024x600\"\n               data-description=\"\"\n               data-image-slug=\"viceroy-2-1024x600\"\n               class='use_imagebrowser_effect' data-imagebrowser-url='https:\/\/www.mbt-concept.rs\/sr\/projects\/viceroy-kopaonik\/nggallery\/image\/%STUB%'>\n                <img\n                    title=\"viceroy-2-1024x600\"\n                    alt=\"viceroy-2-1024x600\"\n                    src=\"https:\/\/www.mbt-concept.rs\/wp-content\/gallery\/viceroy\/thumbs\/thumbs_viceroy-2-1024x600.jpg\"\n                    width=\"180\"\n                    height=\"105\"\n                    style=\"max-width:100%;\"\n                \/>\n            <\/a>\n        <\/div>\n\t\t\t\t\t\t\t<\/div> \n\t\t\t\n                            \n\t\t\t\t<div id=\"ngg-image-2\" class=\"ngg-gallery-thumbnail-box\" >\n\t\t\t\t        <div class=\"ngg-gallery-thumbnail\">\n            <a href=\"https:\/\/www.mbt-concept.rs\/wp-content\/gallery\/viceroy\/viceroy-3-1024x600.jpg\"\n               title=\"\"\n               data-src=\"https:\/\/www.mbt-concept.rs\/wp-content\/gallery\/viceroy\/viceroy-3-1024x600.jpg\"\n               data-thumbnail=\"https:\/\/www.mbt-concept.rs\/wp-content\/gallery\/viceroy\/thumbs\/thumbs_viceroy-3-1024x600.jpg\"\n               data-image-id=\"49\"\n               data-title=\"viceroy-3-1024x600\"\n               data-description=\"\"\n               data-image-slug=\"viceroy-3-1024x600\"\n               class='use_imagebrowser_effect' data-imagebrowser-url='https:\/\/www.mbt-concept.rs\/sr\/projects\/viceroy-kopaonik\/nggallery\/image\/%STUB%'>\n                <img\n                    title=\"viceroy-3-1024x600\"\n                    alt=\"viceroy-3-1024x600\"\n                    src=\"https:\/\/www.mbt-concept.rs\/wp-content\/gallery\/viceroy\/thumbs\/thumbs_viceroy-3-1024x600.jpg\"\n                    width=\"180\"\n                    height=\"105\"\n                    style=\"max-width:100%;\"\n                \/>\n            <\/a>\n        <\/div>\n\t\t\t\t\t\t\t<\/div> \n\t\t\t\n                            \n\t\t\t\t<div id=\"ngg-image-3\" class=\"ngg-gallery-thumbnail-box\" >\n\t\t\t\t        <div class=\"ngg-gallery-thumbnail\">\n            <a href=\"https:\/\/www.mbt-concept.rs\/wp-content\/gallery\/viceroy\/viceroy-5-1024x349.jpg\"\n               title=\"\"\n               data-src=\"https:\/\/www.mbt-concept.rs\/wp-content\/gallery\/viceroy\/viceroy-5-1024x349.jpg\"\n               data-thumbnail=\"https:\/\/www.mbt-concept.rs\/wp-content\/gallery\/viceroy\/thumbs\/thumbs_viceroy-5-1024x349.jpg\"\n               data-image-id=\"45\"\n               data-title=\"viceroy-5-1024x349\"\n               data-description=\"\"\n               data-image-slug=\"viceroy-5-1024x349\"\n               class='use_imagebrowser_effect' data-imagebrowser-url='https:\/\/www.mbt-concept.rs\/sr\/projects\/viceroy-kopaonik\/nggallery\/image\/%STUB%'>\n                <img\n                    title=\"viceroy-5-1024x349\"\n                    alt=\"viceroy-5-1024x349\"\n                    src=\"https:\/\/www.mbt-concept.rs\/wp-content\/gallery\/viceroy\/thumbs\/thumbs_viceroy-5-1024x349.jpg\"\n                    width=\"180\"\n                    height=\"61\"\n                    style=\"max-width:100%;\"\n                \/>\n            <\/a>\n        <\/div>\n\t\t\t\t\t\t\t<\/div> \n\t\t\t\n                            \n\t\t\t\t<div id=\"ngg-image-4\" class=\"ngg-gallery-thumbnail-box\" >\n\t\t\t\t        <div class=\"ngg-gallery-thumbnail\">\n            <a href=\"https:\/\/www.mbt-concept.rs\/wp-content\/gallery\/viceroy\/viceroy-4-1024x346.jpg\"\n               title=\"\"\n               data-src=\"https:\/\/www.mbt-concept.rs\/wp-content\/gallery\/viceroy\/viceroy-4-1024x346.jpg\"\n               data-thumbnail=\"https:\/\/www.mbt-concept.rs\/wp-content\/gallery\/viceroy\/thumbs\/thumbs_viceroy-4-1024x346.jpg\"\n               data-image-id=\"48\"\n               data-title=\"viceroy-4-1024x346\"\n               data-description=\"\"\n               data-image-slug=\"viceroy-4-1024x346\"\n               class='use_imagebrowser_effect' data-imagebrowser-url='https:\/\/www.mbt-concept.rs\/sr\/projects\/viceroy-kopaonik\/nggallery\/image\/%STUB%'>\n                <img\n                    title=\"viceroy-4-1024x346\"\n                    alt=\"viceroy-4-1024x346\"\n                    src=\"https:\/\/www.mbt-concept.rs\/wp-content\/gallery\/viceroy\/thumbs\/thumbs_viceroy-4-1024x346.jpg\"\n                    width=\"180\"\n                    height=\"61\"\n                    style=\"max-width:100%;\"\n                \/>\n            <\/a>\n        <\/div>\n\t\t\t\t\t\t\t<\/div> \n\t\t\t\n                            \n\t\t\n\t\t<!-- Pagination -->\n\t<div class='ngg-clear'><\/div>\t<\/div>\n[\/vc_column_text][\/vc_column][vc_column width=&#8220;1\/2&#8243;][vc_wp_text]<b>MBT &#8211; obim anga\u017emana<\/b><\/p>\n<p>Upravljanje ugovorima i upravljanje dinamikom radova za Generalnog izvo\u0111a\u010da, kompaniju M Enterijer Gradnja d.o.o:<\/p>\n<ul>\n<li style=\"list-style-type: none;\">\n<ul>\n<li>Izrada Aneksa ugovora<\/li>\n<li>Izrada ugovora sa podizvo\u0111a\u010dima<\/li>\n<li>Izrada od\u0161tetnih zahteva \u2013 klejmova<\/li>\n<li>Upravljanje Izmenama\/Varijacijama na projektu<\/li>\n<li>Izrada dinamike radova<\/li>\n<li>Izrada izve\u0161taja o toku novca (Cash flow)<\/li>\n<li>Izrada programa nabavke materijala<\/li>\n<li>Izrada programa ugovaranja<\/li>\n<li>U\u010de\u0161\u0107e u pregovorima sa Investitorom<\/li>\n<li>U\u010de\u0161\u0107e u pregovorima sa podizvo\u0111a\u010dima<\/li>\n<\/ul>\n<\/li>\n<\/ul>\n<p>[\/vc_wp_text][\/vc_column][\/vc_row]<\/p>","protected":false},"excerpt":{"rendered":"<p>[vc_row][vc_column width=&#8220;1\/2&#8243;][vc_wp_text]Jedna od najve\u0107ih i najeminentnijih kompanija iz Ujedinjenih Arapskih Emirata, Royal Grupa, investirala je u luksuzni hotel od 5 zvezdica sa 119 soba sme\u0161ten na planini Kopaonik, u samom centru najpoznatijeg skijali\u0161ta u Srbiji. Hotelom c\u0301e upravljati presti\u017eni operater VICEROY. Hotel \u0107e imati SPA&hellip;<\/p>\n","protected":false},"author":2,"featured_media":0,"parent":555,"menu_order":0,"comment_status":"closed","ping_status":"closed","template":"","meta":{"ngg_post_thumbnail":0,"footnotes":""},"class_list":["post-1597","page","type-page","status-publish","hentry"],"acf":[],"_links":{"self":[{"href":"https:\/\/www.mbt-concept.rs\/sr\/wp-json\/wp\/v2\/pages\/1597","targetHints":{"allow":["GET"]}}],"collection":[{"href":"https:\/\/www.mbt-concept.rs\/sr\/wp-json\/wp\/v2\/pages"}],"about":[{"href":"https:\/\/www.mbt-concept.rs\/sr\/wp-json\/wp\/v2\/types\/page"}],"author":[{"embeddable":true,"href":"https:\/\/www.mbt-concept.rs\/sr\/wp-json\/wp\/v2\/users\/2"}],"replies":[{"embeddable":true,"href":"https:\/\/www.mbt-concept.rs\/sr\/wp-json\/wp\/v2\/comments?post=1597"}],"version-history":[{"count":14,"href":"https:\/\/www.mbt-concept.rs\/sr\/wp-json\/wp\/v2\/pages\/1597\/revisions"}],"predecessor-version":[{"id":1691,"href":"https:\/\/www.mbt-concept.rs\/sr\/wp-json\/wp\/v2\/pages\/1597\/revisions\/1691"}],"up":[{"embeddable":true,"href":"https:\/\/www.mbt-concept.rs\/sr\/wp-json\/wp\/v2\/pages\/555"}],"wp:attachment":[{"href":"https:\/\/www.mbt-concept.rs\/sr\/wp-json\/wp\/v2\/media?parent=1597"}],"curies":[{"name":"wp","href":"https:\/\/api.w.org\/{rel}","templated":true}]}}