{"id":2009,"date":"2025-02-15T12:17:36","date_gmt":"2025-02-15T11:17:36","guid":{"rendered":"https:\/\/www.mbt-concept.rs\/?page_id=2009"},"modified":"2025-02-15T12:18:00","modified_gmt":"2025-02-15T11:18:00","slug":"belgrade-waterfront-plot-22a-bw-kings-park-and-queens-park-residences","status":"publish","type":"page","link":"https:\/\/www.mbt-concept.rs\/sr\/projects\/belgrade-waterfront-plot-22a-bw-kings-park-and-queens-park-residences\/","title":{"rendered":"Beograd na vodi, Plot 22a &#8211; BW King&#8217;s Park  i Queen&#8217;s Park Residences"},"content":{"rendered":"<p><\/p>\n<section class=\"mbt-proj__hero\">\n   <picture>\n      <img decoding=\"async\" src=\"https:\/\/www.mbt-concept.rs\/wp-content\/uploads\/2025\/02\/bw-plot22a-1.jpg\" alt=\"Beograd na vodi\">\n   <\/picture>\n<div class=\"container\">\n<div class=\"row\">\n<div class=\"col-xs-12 col-lg-9\">\n<h1>Beograd na vodi, Plot 22a<\/h1>\n<h4>BW King&#8217;s Park  i Queen&#8217;s Park Residences<\/h4>\n<hr><\/div><\/div><\/div>\n<\/section>\n<section class=\"mbt-proj__wrapper\">\n<div class=\"container\">\n<div class=\"row\">\n<div class=\"col-xs-12 col-sm-4 mbt-proj__service__wrapper\">\n<div class=\"mbt-proj__service\">\n<p>\n              <span>Lokacija<\/span><br \/>\n              <span>Beograd, Srbija<\/span>\n            <\/p>\n<p>\n              <span>Investitor<\/span><br \/>\n              <span>Beograd na vodi d.o.o.<\/span>\n            <\/p>\n<p>\n              <span>Klijent<\/span><br \/>\n              <span>Beograd na vodi d.o.o.<\/span>\n            <\/p>\n<p>\n              <span>Veli\u010dina projekta<\/span><br \/>\n              <span>51.000 m&sup2;<\/span>\n            <\/p>\n<p>\n              <span>Usluga<\/span><br \/>\n              <span>FIDIC In\u017eenjer<\/span><br \/>\n              <span>Stru\u010dni nadzor<\/span><br \/>\n              <span>Projekt menad\u017ement<\/span><br \/>\n              <span>Bezbednost i zdravlje na radu<\/span>\n            <\/p>\n<\/p><\/div><\/div>\n<div class=\"col-xs-12 col-sm-8\">\n<div class=\"mbt-proj__desc\">\n<p>Beograd na vodi je monumentalni projekat urbane revitalizacije vredan 3 milijarde dolara. Pozicioniran du\u017e obale reke Save, svojom savremenom arhitekturom, luksuznim stambenim zgradama, i prvoklasnim sadr\u017eajem transformi\u0161e panoramu grada. Projektovan je tako da kombinuje luksuzni stil \u017eivota sa dinami\u010dnim javnim prostorima uklju\u010duju\u0107i re\u010dnu promenadu i raznovrsnu ponudu maloprodajnih i ugostiteljskih objekata.<\/p>\n<p>Investitori Beograda na vodi su Eagle Hills i Republika Srbija. Eagle Hills je privatna gra\u0111evinska i investiciona kompanija sa sedi\u0161tem u Abu Dabiju, specijalizovana za kreiranje novih gradskih jezgara i vrhunskih destinacija na tr\u017ei\u0161tima u razvoju. Pored Srbije, razvijaju prepoznatljive projekte u Bahreinu, Jordanu, Maroku, Etiopiji, Omanu i Ujedinjenim Arapskim Emiratima.<\/p>\n<p>Plot 22a prostire sa na povr\u0161ini od oko 51000 m&sup2;, sastoji se od BW Queen i BW King&#8217;s Park Residences kompleksa. Queen&#8217;s Park Residences se nalazi u tre\u0107em redu od reke Save. Arhitekturom se potpuno uklapa u prepoznatljiv stil Beograda na vodi, a jedinstvenim fasadnim re\u0161enjem kreira vanvremensku eleganciju i utisak sveobuhvatnog \u0161ika, poput gracioznih njujor\u0161kih art deko zdanja. Odabirom boja, materijala i ritmi\u010dkih obrazaca, zgrada je savr\u0161eno izbalansirana i opravdava svoj naziv kraljice.<\/p>\n<p>BW Queen&#8217;s Park Residences je moderna osmospratnica sa 108 stambenih jedinica razli\u010ditih veli\u010dina &#8211; od studija do stanova sa tri spava\u0107e sobe. U prizemlju zgrade nalaze se razli\u010diti sadr\u017eaji poput prodavnica, lokala, kafi\u0107a i restorana, dok se podzemna gara\u017ea prote\u017ee na dva nivoa i poseduje 121 parking mesto.<\/p>\n<p>BW King&#8217;s Park Residences je projektovana kao stambena zgrada koja se sastoji od 15 spratova, sa prodavnicama i kafi\u0107ima u prizemlju uz dva nivoa podzemne gara\u017ee sa 275 parking mesta za stanare. Sastoji se od 233 stana razli\u010ditih struktura &#8211; od jedinica sa jednom do onih sa \u010detiri spava\u0107e sobe<\/p>\n<p>Mbt concept je doprineo razvoju i realizaciji projekta na plota 22a pru\u017eaju\u0107i slede\u0107e usluge: FIDIC in\u017eenjer, stru\u010dni nadzor, upravljanje projektom i bezbednosti i zdravlje na radu.<\/p>\n\n\n<div class=\"ngg-galleryoverview ngg-slideshow\"\n\t id=\"ngg-slideshow-ce14ee10b43c2ec7ad8ca98a56bf4fa0-2005668040\"\n     data-gallery-id=\"ce14ee10b43c2ec7ad8ca98a56bf4fa0\"\n     style=\"max-width: 735px; max-height: 350px;\">\n\n \t<div id=\"ngg-image-0\" class=\"ngg-gallery-slideshow-image\" style=\"height:350px\">\n\n        <a href=\"https:\/\/www.mbt-concept.rs\/wp-content\/gallery\/bw-plot-22a\/BW_KPR_Render-1.jpg\"\n           title=\"\"\n           data-src=\"https:\/\/www.mbt-concept.rs\/wp-content\/gallery\/bw-plot-22a\/BW_KPR_Render-1.jpg\"\n           data-thumbnail=\"https:\/\/www.mbt-concept.rs\/wp-content\/gallery\/bw-plot-22a\/thumbs\/thumbs_BW_KPR_Render-1.jpg\"\n           data-image-id=\"104\"\n           data-title=\"BW_KPR_Render-1\"\n           data-description=\"\"\n           class=\"ngg-fancybox\" rel=\"ce14ee10b43c2ec7ad8ca98a56bf4fa0\">\n\n            <img data-image-id='104'\n                 title=\"\"\n                 alt=\"BW_KPR_Render-1\"\n                 src=\"https:\/\/www.mbt-concept.rs\/wp-content\/gallery\/bw-plot-22a\/BW_KPR_Render-1.jpg\"\n                 style=\"max-height: 330px;\"\/>\n        <\/a>\n\n        <\/div> \n<div id=\"ngg-image-1\" class=\"ngg-gallery-slideshow-image\" style=\"height:350px\">\n\n        <a href=\"https:\/\/www.mbt-concept.rs\/wp-content\/gallery\/bw-plot-22a\/BW_KPR_Render-areal.jpg\"\n           title=\"\"\n           data-src=\"https:\/\/www.mbt-concept.rs\/wp-content\/gallery\/bw-plot-22a\/BW_KPR_Render-areal.jpg\"\n           data-thumbnail=\"https:\/\/www.mbt-concept.rs\/wp-content\/gallery\/bw-plot-22a\/thumbs\/thumbs_BW_KPR_Render-areal.jpg\"\n           data-image-id=\"101\"\n           data-title=\"BW_KPR_Render-areal\"\n           data-description=\"\"\n           class=\"ngg-fancybox\" rel=\"ce14ee10b43c2ec7ad8ca98a56bf4fa0\">\n\n            <img data-image-id='101'\n                 title=\"\"\n                 alt=\"BW_KPR_Render-areal\"\n                 src=\"https:\/\/www.mbt-concept.rs\/wp-content\/gallery\/bw-plot-22a\/BW_KPR_Render-areal.jpg\"\n                 style=\"max-height: 330px;\"\/>\n        <\/a>\n\n        <\/div> \n<div id=\"ngg-image-2\" class=\"ngg-gallery-slideshow-image\" style=\"height:350px\">\n\n        <a href=\"https:\/\/www.mbt-concept.rs\/wp-content\/gallery\/bw-plot-22a\/BW_KPR_Render-night.jpg\"\n           title=\"\"\n           data-src=\"https:\/\/www.mbt-concept.rs\/wp-content\/gallery\/bw-plot-22a\/BW_KPR_Render-night.jpg\"\n           data-thumbnail=\"https:\/\/www.mbt-concept.rs\/wp-content\/gallery\/bw-plot-22a\/thumbs\/thumbs_BW_KPR_Render-night.jpg\"\n           data-image-id=\"99\"\n           data-title=\"BW_KPR_Render-night\"\n           data-description=\"\"\n           class=\"ngg-fancybox\" rel=\"ce14ee10b43c2ec7ad8ca98a56bf4fa0\">\n\n            <img data-image-id='99'\n                 title=\"\"\n                 alt=\"BW_KPR_Render-night\"\n                 src=\"https:\/\/www.mbt-concept.rs\/wp-content\/gallery\/bw-plot-22a\/BW_KPR_Render-night.jpg\"\n                 style=\"max-height: 330px;\"\/>\n        <\/a>\n\n        <\/div> \n<div id=\"ngg-image-3\" class=\"ngg-gallery-slideshow-image\" style=\"height:350px\">\n\n        <a href=\"https:\/\/www.mbt-concept.rs\/wp-content\/gallery\/bw-plot-22a\/BW_QPR_Render-areal.jpg\"\n           title=\"\"\n           data-src=\"https:\/\/www.mbt-concept.rs\/wp-content\/gallery\/bw-plot-22a\/BW_QPR_Render-areal.jpg\"\n           data-thumbnail=\"https:\/\/www.mbt-concept.rs\/wp-content\/gallery\/bw-plot-22a\/thumbs\/thumbs_BW_QPR_Render-areal.jpg\"\n           data-image-id=\"103\"\n           data-title=\"BW_QPR_Render-areal\"\n           data-description=\"\"\n           class=\"ngg-fancybox\" rel=\"ce14ee10b43c2ec7ad8ca98a56bf4fa0\">\n\n            <img data-image-id='103'\n                 title=\"\"\n                 alt=\"BW_QPR_Render-areal\"\n                 src=\"https:\/\/www.mbt-concept.rs\/wp-content\/gallery\/bw-plot-22a\/BW_QPR_Render-areal.jpg\"\n                 style=\"max-height: 330px;\"\/>\n        <\/a>\n\n        <\/div> \n<div id=\"ngg-image-4\" class=\"ngg-gallery-slideshow-image\" style=\"height:350px\">\n\n        <a href=\"https:\/\/www.mbt-concept.rs\/wp-content\/gallery\/bw-plot-22a\/BW_QPR_Render-areal-Savski-trg.jpg\"\n           title=\"\"\n           data-src=\"https:\/\/www.mbt-concept.rs\/wp-content\/gallery\/bw-plot-22a\/BW_QPR_Render-areal-Savski-trg.jpg\"\n           data-thumbnail=\"https:\/\/www.mbt-concept.rs\/wp-content\/gallery\/bw-plot-22a\/thumbs\/thumbs_BW_QPR_Render-areal-Savski-trg.jpg\"\n           data-image-id=\"102\"\n           data-title=\"BW_QPR_Render-areal-Savski-trg\"\n           data-description=\"\"\n           class=\"ngg-fancybox\" rel=\"ce14ee10b43c2ec7ad8ca98a56bf4fa0\">\n\n            <img data-image-id='102'\n                 title=\"\"\n                 alt=\"BW_QPR_Render-areal-Savski-trg\"\n                 src=\"https:\/\/www.mbt-concept.rs\/wp-content\/gallery\/bw-plot-22a\/BW_QPR_Render-areal-Savski-trg.jpg\"\n                 style=\"max-height: 330px;\"\/>\n        <\/a>\n\n        <\/div> \n<div id=\"ngg-image-5\" class=\"ngg-gallery-slideshow-image\" style=\"height:350px\">\n\n        <a href=\"https:\/\/www.mbt-concept.rs\/wp-content\/gallery\/bw-plot-22a\/1_Queen_s_Park_Cam_01.jpg\"\n           title=\"\"\n           data-src=\"https:\/\/www.mbt-concept.rs\/wp-content\/gallery\/bw-plot-22a\/1_Queen_s_Park_Cam_01.jpg\"\n           data-thumbnail=\"https:\/\/www.mbt-concept.rs\/wp-content\/gallery\/bw-plot-22a\/thumbs\/thumbs_1_Queen_s_Park_Cam_01.jpg\"\n           data-image-id=\"100\"\n           data-title=\"1_Queen_s_Park_Cam_01\"\n           data-description=\"\"\n           class=\"ngg-fancybox\" rel=\"ce14ee10b43c2ec7ad8ca98a56bf4fa0\">\n\n            <img data-image-id='100'\n                 title=\"\"\n                 alt=\"1_Queen_s_Park_Cam_01\"\n                 src=\"https:\/\/www.mbt-concept.rs\/wp-content\/gallery\/bw-plot-22a\/1_Queen_s_Park_Cam_01.jpg\"\n                 style=\"max-height: 330px;\"\/>\n        <\/a>\n\n        <\/div> \n<div id=\"ngg-image-6\" class=\"ngg-gallery-slideshow-image\" style=\"height:350px\">\n\n        <a href=\"https:\/\/www.mbt-concept.rs\/wp-content\/gallery\/bw-plot-22a\/1_Queen_s_Park_Cam_02_NIGHT_V2.jpg\"\n           title=\"\"\n           data-src=\"https:\/\/www.mbt-concept.rs\/wp-content\/gallery\/bw-plot-22a\/1_Queen_s_Park_Cam_02_NIGHT_V2.jpg\"\n           data-thumbnail=\"https:\/\/www.mbt-concept.rs\/wp-content\/gallery\/bw-plot-22a\/thumbs\/thumbs_1_Queen_s_Park_Cam_02_NIGHT_V2.jpg\"\n           data-image-id=\"105\"\n           data-title=\"1_Queen_s_Park_Cam_02_NIGHT_V2\"\n           data-description=\"\"\n           class=\"ngg-fancybox\" rel=\"ce14ee10b43c2ec7ad8ca98a56bf4fa0\">\n\n            <img data-image-id='105'\n                 title=\"\"\n                 alt=\"1_Queen_s_Park_Cam_02_NIGHT_V2\"\n                 src=\"https:\/\/www.mbt-concept.rs\/wp-content\/gallery\/bw-plot-22a\/1_Queen_s_Park_Cam_02_NIGHT_V2.jpg\"\n                 style=\"max-height: 330px;\"\/>\n        <\/a>\n\n        <\/div> \n<div id=\"ngg-image-7\" class=\"ngg-gallery-slideshow-image\" style=\"height:350px\">\n\n        <a href=\"https:\/\/www.mbt-concept.rs\/wp-content\/gallery\/bw-plot-22a\/1_Queen_s_Park_Cam_03.jpg\"\n           title=\"\"\n           data-src=\"https:\/\/www.mbt-concept.rs\/wp-content\/gallery\/bw-plot-22a\/1_Queen_s_Park_Cam_03.jpg\"\n           data-thumbnail=\"https:\/\/www.mbt-concept.rs\/wp-content\/gallery\/bw-plot-22a\/thumbs\/thumbs_1_Queen_s_Park_Cam_03.jpg\"\n           data-image-id=\"106\"\n           data-title=\"1_Queen_s_Park_Cam_03\"\n           data-description=\"\"\n           class=\"ngg-fancybox\" rel=\"ce14ee10b43c2ec7ad8ca98a56bf4fa0\">\n\n            <img data-image-id='106'\n                 title=\"\"\n                 alt=\"1_Queen_s_Park_Cam_03\"\n                 src=\"https:\/\/www.mbt-concept.rs\/wp-content\/gallery\/bw-plot-22a\/1_Queen_s_Park_Cam_03.jpg\"\n                 style=\"max-height: 330px;\"\/>\n        <\/a>\n\n        <\/div> \n<div id=\"ngg-image-8\" class=\"ngg-gallery-slideshow-image\" style=\"height:350px\">\n\n        <a href=\"https:\/\/www.mbt-concept.rs\/wp-content\/gallery\/bw-plot-22a\/1_QueenBW_KPR_Render-2.jpg\"\n           title=\"\"\n           data-src=\"https:\/\/www.mbt-concept.rs\/wp-content\/gallery\/bw-plot-22a\/1_QueenBW_KPR_Render-2.jpg\"\n           data-thumbnail=\"https:\/\/www.mbt-concept.rs\/wp-content\/gallery\/bw-plot-22a\/thumbs\/thumbs_1_QueenBW_KPR_Render-2.jpg\"\n           data-image-id=\"107\"\n           data-title=\"1_QueenBW_KPR_Render-2\"\n           data-description=\"\"\n           class=\"ngg-fancybox\" rel=\"ce14ee10b43c2ec7ad8ca98a56bf4fa0\">\n\n            <img data-image-id='107'\n                 title=\"\"\n                 alt=\"1_QueenBW_KPR_Render-2\"\n                 src=\"https:\/\/www.mbt-concept.rs\/wp-content\/gallery\/bw-plot-22a\/1_QueenBW_KPR_Render-2.jpg\"\n                 style=\"max-height: 330px;\"\/>\n        <\/a>\n\n        <\/div> \n<\/div>\n\n\n\n\n<\/p><\/div><\/div><\/div><\/div>\n<\/section>\n<p><\/p>","protected":false},"excerpt":{"rendered":"<p>Beograd na vodi, Plot 22a BW King&#8217;s Park i Queen&#8217;s Park Residences Lokacija Beograd, Srbija Investitor Beograd na vodi d.o.o. Klijent Beograd na vodi d.o.o. Veli\u010dina projekta 51.000 m&sup2; Usluga FIDIC In\u017eenjer Stru\u010dni nadzor Projekt menad\u017ement Bezbednost i zdravlje na radu Beograd na vodi je&hellip;<\/p>\n","protected":false},"author":3,"featured_media":0,"parent":555,"menu_order":0,"comment_status":"closed","ping_status":"closed","template":"","meta":{"ngg_post_thumbnail":0,"footnotes":""},"class_list":["post-2009","page","type-page","status-publish","hentry"],"acf":[],"_links":{"self":[{"href":"https:\/\/www.mbt-concept.rs\/sr\/wp-json\/wp\/v2\/pages\/2009","targetHints":{"allow":["GET"]}}],"collection":[{"href":"https:\/\/www.mbt-concept.rs\/sr\/wp-json\/wp\/v2\/pages"}],"about":[{"href":"https:\/\/www.mbt-concept.rs\/sr\/wp-json\/wp\/v2\/types\/page"}],"author":[{"embeddable":true,"href":"https:\/\/www.mbt-concept.rs\/sr\/wp-json\/wp\/v2\/users\/3"}],"replies":[{"embeddable":true,"href":"https:\/\/www.mbt-concept.rs\/sr\/wp-json\/wp\/v2\/comments?post=2009"}],"version-history":[{"count":0,"href":"https:\/\/www.mbt-concept.rs\/sr\/wp-json\/wp\/v2\/pages\/2009\/revisions"}],"up":[{"embeddable":true,"href":"https:\/\/www.mbt-concept.rs\/sr\/wp-json\/wp\/v2\/pages\/555"}],"wp:attachment":[{"href":"https:\/\/www.mbt-concept.rs\/sr\/wp-json\/wp\/v2\/media?parent=2009"}],"curies":[{"name":"wp","href":"https:\/\/api.w.org\/{rel}","templated":true}]}}