{"id":2013,"date":"2025-02-15T16:40:43","date_gmt":"2025-02-15T15:40:43","guid":{"rendered":"https:\/\/www.mbt-concept.rs\/?page_id=2013"},"modified":"2025-02-15T16:40:43","modified_gmt":"2025-02-15T15:40:43","slug":"porto-montenegro-boka-place","status":"publish","type":"page","link":"https:\/\/www.mbt-concept.rs\/sr\/projects\/porto-montenegro-boka-place\/","title":{"rendered":"Porto Montenegro &#8211; Boka Place"},"content":{"rendered":"<p><\/p>\n<section class=\"mbt-proj__hero\">\n   <picture>\n      <img decoding=\"async\" src=\"https:\/\/www.mbt-concept.rs\/wp-content\/uploads\/2025\/02\/porto-montenegro-boka-place-1.jpg\" alt=\"Porto Montenegro Boka Place\">\n   <\/picture>\n<div class=\"container\">\n<div class=\"row\">\n<div class=\"col-xs-12 col-lg-9\">\n<h1>Porto Montenegro<\/h1>\n<h4>Boka Place<\/h4>\n<hr><\/div><\/div><\/div>\n<\/section>\n<section class=\"mbt-proj__wrapper\">\n<div class=\"container\">\n<div class=\"row\">\n<div class=\"col-xs-12 col-sm-4 mbt-proj__service__wrapper\">\n<div class=\"mbt-proj__service\">\n<p>\n              <span>Lokacija<\/span><br \/>\n              <span>Porto Montenegro, Tivat, Crna Gora<\/span>\n            <\/p>\n<p>\n              <span>Investitor<\/span><br \/>\n              <span>Adriatic Marinas d.o.o.<\/span>\n            <\/p>\n<p>\n              <span>Klijent<\/span><br \/>\n              <span>Adriatic Marinas d.o.o.<\/span>\n            <\/p>\n<p>\n              <span>Veli\u010dina projekta<\/span><br \/>\n              <span>75.000 m&sup2;<\/span>\n            <\/p>\n<p>\n              <span>Usluga<\/span><br \/>\n              <span>Planiranje i izrada dinamika<\/span><br \/>\n              <span>Upravljanje izgradnjom<\/span>\n            <\/p>\n<\/p><\/div><\/div>\n<div class=\"col-xs-12 col-sm-8\">\n<div class=\"mbt-proj__desc\">\n<p>Kompanija MBT je ponosna na dugogodi\u0161nju saradnju sa Porto Montenegrom. Od samog osnivanja, MBT pru\u017ea profesionalne usluge na ovom presti\u017enom projektu &#8211; jednoj od najve\u0107ih i najatraktivnijih investicija u Crnoj Gori.<\/p>\n<p>Porto Montenegro je sme\u0161ten u Bokokotorskom zalivu, koji je pod UNESCO za\u0161titom, na mestu gde se Jadransko more susre\u0107e sa veli\u010danstvenim planinama. Porto Montenegro nudi spoj luksuznog na\u010dina \u017eivota, svetski priznate marine i ekskluzivnog rezidencijalnog kompleksa. Ovaj presti\u017eni prostor pru\u017ea mogu\u0107nost kupovine i iznajmljivanja nekretnina na jednoj od najpo\u017eeljnijih lokacija Mediterana. Porto Montenegro tokom cele godine okuplja raznoliku zajednicu ljudi koja u\u017eiva u izuzetnom \u017eivotnom stilu. U sklopu kompleksa nalazi se i luksuzni Regent Hotel, jedan od najpresti\u017enijih hotela u Crnoj Gori, kao i marina za superjahte sa 450 vezova, koja pru\u017ea vrhunske usluge vlasnicima jahti, njihovim gostima i posadi. Ova marina je prva i za sada jedina dobitnica presti\u017ene TYHA Platinum Marina nagrade.<\/p>\n<p>Porto Montenegro je 2016. godine pre\u0161ao u vlasni\u0161tvo Investicione korporacije Dubaija (ICD), koja predstavlja osnovni investicioni ogranak Vlade Dubaija, \u010diji portfolio uklju\u010duje finansijske usluge, transport, energiju i industriju, nekretnine, rekreativne sadr\u017eaje i maloprodajne objekte \u0161irom sveta. IDC, izme\u0111u ostalog obuhvata vode\u0107e kompanije poput Emirates Group, Dubai World i Emaar Properties.<\/p>\n<p>Boka Place je \u017eivopisni urbani kompleks koji predstavlja sastavni deo ekskluzivnog Porto Montenegro projekta. Na povr\u0161ini od 75.000 m&sup2; razvijen je multifunkcionalni prostor koji obuhvata luksuzni 5* SIRO Hotel, rezidencije sa profesionalnim upravljanjem, wellness centar, bioskop, kao i brojne maloprodajne i ugostiteljske objekte.<\/p>\n<p>Boka Place Residences nude luksuzne apartmane, penthause i duplekse sa spektakularnim pogledima, dizajnirane za one koji \u017eele aktivan i dinami\u010dan na\u010din \u017eivota na vrhunskoj lokaciji. SIRO Boka Place, inovativni koncept operatera Kerzner International, kombinuje transformativna wellness iskustva sa najsavremenijom digitalnom tehnologijom i svetski priznatom ekspertizom u oblasti zdravlja i oporavka.<\/p>\n<p>Na projektu Boka Place MBT tim je odgovoran za planiranje i izradu dinamika i upravljanje izgradnjom.<\/p>\n\n\n<div class=\"ngg-galleryoverview ngg-slideshow\"\n\t id=\"ngg-slideshow-83a9e042645dd1d761c801ee390db456-15113319320\"\n     data-gallery-id=\"83a9e042645dd1d761c801ee390db456\"\n     style=\"max-width: 735px; max-height: 350px;\">\n\n \t<div id=\"ngg-image-0\" class=\"ngg-gallery-slideshow-image\" style=\"height:350px\">\n\n        <a href=\"https:\/\/www.mbt-concept.rs\/wp-content\/gallery\/porto-montenegro-boka-place\/porto-montenegro-boka-place-01.jpg\"\n           title=\"\"\n           data-src=\"https:\/\/www.mbt-concept.rs\/wp-content\/gallery\/porto-montenegro-boka-place\/porto-montenegro-boka-place-01.jpg\"\n           data-thumbnail=\"https:\/\/www.mbt-concept.rs\/wp-content\/gallery\/porto-montenegro-boka-place\/thumbs\/thumbs_porto-montenegro-boka-place-01.jpg\"\n           data-image-id=\"51\"\n           data-title=\"porto-montenegro-boka-place-01\"\n           data-description=\"\"\n           class=\"ngg-fancybox\" rel=\"83a9e042645dd1d761c801ee390db456\">\n\n            <img data-image-id='51'\n                 title=\"\"\n                 alt=\"porto-montenegro-boka-place-01\"\n                 src=\"https:\/\/www.mbt-concept.rs\/wp-content\/gallery\/porto-montenegro-boka-place\/porto-montenegro-boka-place-01.jpg\"\n                 style=\"max-height: 330px;\"\/>\n        <\/a>\n\n        <\/div> \n<div id=\"ngg-image-1\" class=\"ngg-gallery-slideshow-image\" style=\"height:350px\">\n\n        <a href=\"https:\/\/www.mbt-concept.rs\/wp-content\/gallery\/porto-montenegro-boka-place\/porto-montenegro-boka-place-02.jpg\"\n           title=\"\"\n           data-src=\"https:\/\/www.mbt-concept.rs\/wp-content\/gallery\/porto-montenegro-boka-place\/porto-montenegro-boka-place-02.jpg\"\n           data-thumbnail=\"https:\/\/www.mbt-concept.rs\/wp-content\/gallery\/porto-montenegro-boka-place\/thumbs\/thumbs_porto-montenegro-boka-place-02.jpg\"\n           data-image-id=\"56\"\n           data-title=\"porto-montenegro-boka-place-02\"\n           data-description=\"\"\n           class=\"ngg-fancybox\" rel=\"83a9e042645dd1d761c801ee390db456\">\n\n            <img data-image-id='56'\n                 title=\"\"\n                 alt=\"porto-montenegro-boka-place-02\"\n                 src=\"https:\/\/www.mbt-concept.rs\/wp-content\/gallery\/porto-montenegro-boka-place\/porto-montenegro-boka-place-02.jpg\"\n                 style=\"max-height: 330px;\"\/>\n        <\/a>\n\n        <\/div> \n<div id=\"ngg-image-2\" class=\"ngg-gallery-slideshow-image\" style=\"height:350px\">\n\n        <a href=\"https:\/\/www.mbt-concept.rs\/wp-content\/gallery\/porto-montenegro-boka-place\/porto-montenegro-boka-place-03.jpg\"\n           title=\"\"\n           data-src=\"https:\/\/www.mbt-concept.rs\/wp-content\/gallery\/porto-montenegro-boka-place\/porto-montenegro-boka-place-03.jpg\"\n           data-thumbnail=\"https:\/\/www.mbt-concept.rs\/wp-content\/gallery\/porto-montenegro-boka-place\/thumbs\/thumbs_porto-montenegro-boka-place-03.jpg\"\n           data-image-id=\"52\"\n           data-title=\"porto-montenegro-boka-place-03\"\n           data-description=\"\"\n           class=\"ngg-fancybox\" rel=\"83a9e042645dd1d761c801ee390db456\">\n\n            <img data-image-id='52'\n                 title=\"\"\n                 alt=\"porto-montenegro-boka-place-03\"\n                 src=\"https:\/\/www.mbt-concept.rs\/wp-content\/gallery\/porto-montenegro-boka-place\/porto-montenegro-boka-place-03.jpg\"\n                 style=\"max-height: 330px;\"\/>\n        <\/a>\n\n        <\/div> \n<div id=\"ngg-image-3\" class=\"ngg-gallery-slideshow-image\" style=\"height:350px\">\n\n        <a href=\"https:\/\/www.mbt-concept.rs\/wp-content\/gallery\/porto-montenegro-boka-place\/porto-montenegro-boka-place-04.jpg\"\n           title=\"\"\n           data-src=\"https:\/\/www.mbt-concept.rs\/wp-content\/gallery\/porto-montenegro-boka-place\/porto-montenegro-boka-place-04.jpg\"\n           data-thumbnail=\"https:\/\/www.mbt-concept.rs\/wp-content\/gallery\/porto-montenegro-boka-place\/thumbs\/thumbs_porto-montenegro-boka-place-04.jpg\"\n           data-image-id=\"55\"\n           data-title=\"porto-montenegro-boka-place-04\"\n           data-description=\"\"\n           class=\"ngg-fancybox\" rel=\"83a9e042645dd1d761c801ee390db456\">\n\n            <img data-image-id='55'\n                 title=\"\"\n                 alt=\"porto-montenegro-boka-place-04\"\n                 src=\"https:\/\/www.mbt-concept.rs\/wp-content\/gallery\/porto-montenegro-boka-place\/porto-montenegro-boka-place-04.jpg\"\n                 style=\"max-height: 330px;\"\/>\n        <\/a>\n\n        <\/div> \n<div id=\"ngg-image-4\" class=\"ngg-gallery-slideshow-image\" style=\"height:350px\">\n\n        <a href=\"https:\/\/www.mbt-concept.rs\/wp-content\/gallery\/porto-montenegro-boka-place\/porto-montenegro-boka-place-05.jpg\"\n           title=\"\"\n           data-src=\"https:\/\/www.mbt-concept.rs\/wp-content\/gallery\/porto-montenegro-boka-place\/porto-montenegro-boka-place-05.jpg\"\n           data-thumbnail=\"https:\/\/www.mbt-concept.rs\/wp-content\/gallery\/porto-montenegro-boka-place\/thumbs\/thumbs_porto-montenegro-boka-place-05.jpg\"\n           data-image-id=\"54\"\n           data-title=\"porto-montenegro-boka-place-05\"\n           data-description=\"\"\n           class=\"ngg-fancybox\" rel=\"83a9e042645dd1d761c801ee390db456\">\n\n            <img data-image-id='54'\n                 title=\"\"\n                 alt=\"porto-montenegro-boka-place-05\"\n                 src=\"https:\/\/www.mbt-concept.rs\/wp-content\/gallery\/porto-montenegro-boka-place\/porto-montenegro-boka-place-05.jpg\"\n                 style=\"max-height: 330px;\"\/>\n        <\/a>\n\n        <\/div> \n<div id=\"ngg-image-5\" class=\"ngg-gallery-slideshow-image\" style=\"height:350px\">\n\n        <a href=\"https:\/\/www.mbt-concept.rs\/wp-content\/gallery\/porto-montenegro-boka-place\/porto-montenegro-boka-place-06.jpg\"\n           title=\"\"\n           data-src=\"https:\/\/www.mbt-concept.rs\/wp-content\/gallery\/porto-montenegro-boka-place\/porto-montenegro-boka-place-06.jpg\"\n           data-thumbnail=\"https:\/\/www.mbt-concept.rs\/wp-content\/gallery\/porto-montenegro-boka-place\/thumbs\/thumbs_porto-montenegro-boka-place-06.jpg\"\n           data-image-id=\"53\"\n           data-title=\"porto-montenegro-boka-place-06\"\n           data-description=\"\"\n           class=\"ngg-fancybox\" rel=\"83a9e042645dd1d761c801ee390db456\">\n\n            <img data-image-id='53'\n                 title=\"\"\n                 alt=\"porto-montenegro-boka-place-06\"\n                 src=\"https:\/\/www.mbt-concept.rs\/wp-content\/gallery\/porto-montenegro-boka-place\/porto-montenegro-boka-place-06.jpg\"\n                 style=\"max-height: 330px;\"\/>\n        <\/a>\n\n        <\/div> \n<div id=\"ngg-image-6\" class=\"ngg-gallery-slideshow-image\" style=\"height:350px\">\n\n        <a href=\"https:\/\/www.mbt-concept.rs\/wp-content\/gallery\/porto-montenegro-boka-place\/porto-montenegro-boka-place-07.jpg\"\n           title=\"\"\n           data-src=\"https:\/\/www.mbt-concept.rs\/wp-content\/gallery\/porto-montenegro-boka-place\/porto-montenegro-boka-place-07.jpg\"\n           data-thumbnail=\"https:\/\/www.mbt-concept.rs\/wp-content\/gallery\/porto-montenegro-boka-place\/thumbs\/thumbs_porto-montenegro-boka-place-07.jpg\"\n           data-image-id=\"57\"\n           data-title=\"porto-montenegro-boka-place-07\"\n           data-description=\"\"\n           class=\"ngg-fancybox\" rel=\"83a9e042645dd1d761c801ee390db456\">\n\n            <img data-image-id='57'\n                 title=\"\"\n                 alt=\"porto-montenegro-boka-place-07\"\n                 src=\"https:\/\/www.mbt-concept.rs\/wp-content\/gallery\/porto-montenegro-boka-place\/porto-montenegro-boka-place-07.jpg\"\n                 style=\"max-height: 330px;\"\/>\n        <\/a>\n\n        <\/div> \n<\/div>\n\n\n\n\n<\/p><\/div><\/div><\/div><\/div>\n<\/section>\n<p><\/p>","protected":false},"excerpt":{"rendered":"<p>Porto Montenegro Boka Place Lokacija Porto Montenegro, Tivat, Crna Gora Investitor Adriatic Marinas d.o.o. Klijent Adriatic Marinas d.o.o. Veli\u010dina projekta 75.000 m&sup2; Usluga Planiranje i izrada dinamika Upravljanje izgradnjom Kompanija MBT je ponosna na dugogodi\u0161nju saradnju sa Porto Montenegrom. Od samog osnivanja, MBT pru\u017ea profesionalne&hellip;<\/p>\n","protected":false},"author":3,"featured_media":0,"parent":555,"menu_order":0,"comment_status":"closed","ping_status":"closed","template":"","meta":{"ngg_post_thumbnail":0,"footnotes":""},"class_list":["post-2013","page","type-page","status-publish","hentry"],"acf":[],"_links":{"self":[{"href":"https:\/\/www.mbt-concept.rs\/sr\/wp-json\/wp\/v2\/pages\/2013","targetHints":{"allow":["GET"]}}],"collection":[{"href":"https:\/\/www.mbt-concept.rs\/sr\/wp-json\/wp\/v2\/pages"}],"about":[{"href":"https:\/\/www.mbt-concept.rs\/sr\/wp-json\/wp\/v2\/types\/page"}],"author":[{"embeddable":true,"href":"https:\/\/www.mbt-concept.rs\/sr\/wp-json\/wp\/v2\/users\/3"}],"replies":[{"embeddable":true,"href":"https:\/\/www.mbt-concept.rs\/sr\/wp-json\/wp\/v2\/comments?post=2013"}],"version-history":[{"count":0,"href":"https:\/\/www.mbt-concept.rs\/sr\/wp-json\/wp\/v2\/pages\/2013\/revisions"}],"up":[{"embeddable":true,"href":"https:\/\/www.mbt-concept.rs\/sr\/wp-json\/wp\/v2\/pages\/555"}],"wp:attachment":[{"href":"https:\/\/www.mbt-concept.rs\/sr\/wp-json\/wp\/v2\/media?parent=2013"}],"curies":[{"name":"wp","href":"https:\/\/api.w.org\/{rel}","templated":true}]}}