{"id":2017,"date":"2025-02-15T17:22:58","date_gmt":"2025-02-15T16:22:58","guid":{"rendered":"https:\/\/www.mbt-concept.rs\/?page_id=2017"},"modified":"2025-02-15T17:22:58","modified_gmt":"2025-02-15T16:22:58","slug":"belgrade-waterfront-plot-19-2b-residential-buildings","status":"publish","type":"page","link":"https:\/\/www.mbt-concept.rs\/sr\/projects\/belgrade-waterfront-plot-19-2b-residential-buildings\/","title":{"rendered":"Beograd na vodi, plot 19.2b &#8211; Stambeni kompleks"},"content":{"rendered":"<p><\/p>\n<section class=\"mbt-proj__hero\">\n   <picture>\n      <img decoding=\"async\" src=\"https:\/\/www.mbt-concept.rs\/wp-content\/uploads\/2025\/02\/bw-plot19-2b-1.jpg\" alt=\"Beograd na vodi\">\n   <\/picture>\n<div class=\"container\">\n<div class=\"row\">\n<div class=\"col-xs-12 col-lg-9\">\n<h1>Beograd na vodi, plot 19.2b<\/h1>\n<h4>BW Bella, BW Bonaca, BW Dolce &#8211; Stambeni kompleks<\/h4>\n<hr><\/div><\/div><\/div>\n<\/section>\n<section class=\"mbt-proj__wrapper\">\n<div class=\"container\">\n<div class=\"row\">\n<div class=\"col-xs-12 col-sm-4 mbt-proj__service__wrapper\">\n<div class=\"mbt-proj__service\">\n<p>\n              <span>Lokacija<\/span><br \/>\n              <span>Beograd, Srbija<\/span>\n            <\/p>\n<p>\n              <span>Investitor<\/span><br \/>\n              <span>Beograd na vodi d.o.o.<\/span>\n            <\/p>\n<p>\n              <span>Klijent<\/span><br \/>\n              <span>Beograd na vodi d.o.o.<\/span>\n            <\/p>\n<p>\n              <span>Veli\u010dina projekta<\/span><br \/>\n              <span>174.000 m&sup2;<\/span>\n            <\/p>\n<p>\n              <span>Usluga<\/span><br \/>\n              <span>Tehni\u010dka kontrola projekta<\/span><br \/>\n              <span>Nezavisna kontrola projekta<\/span><br \/>\n              <span>Vrednosno in\u017einjerstvo<\/span>\n            <\/p>\n<\/p><\/div><\/div>\n<div class=\"col-xs-12 col-sm-8\">\n<div class=\"mbt-proj__desc\">\n<p>Beograd na vodi je monumentalni projekat urbane revitalizacije vredan 3 milijarde dolara. Pozicioniran du\u017e obale reke Save, svojom savremenom arhitekturom, luksuznim stambenim zgradama, i prvoklasnim sadr\u017eajem transformi\u0161e panoramu grada. Projektovan je tako da kombinuje luksuzni stil \u017eivota sa dinami\u010dnim javnim prostorima uklju\u010duju\u0107i re\u010dnu promenadu i raznovrsnu ponudu maloprodajnih i ugostiteljskih objekata.<\/p>\n<p>Investitori Beograda na vodi su Eagle Hills i Republika Srbija. Eagle Hills je privatna gra\u0111evinska i investiciona kompanija sa sedi\u0161tem u Abu Dabiju, specijalizovana za kreiranje novih gradskih jezgara i vrhunskih destinacija na tr\u017ei\u0161tima u razvoju. Pored Srbije, razvijaju prepoznatljive projekte u Bahreinu, Jordanu, Maroku, Etiopiji, Omanu i Ujedinjenim Arapskim Emiratima.<\/p>\n<p>Plot 19.2b obuhvata povr\u0161inu od otprilike 174000m&sup2;, to je luksuzni stambeni kompleks kojeg \u010dine tri zgrade BW Bella, BW Bonaca i BW Dolce.<\/p>\n<p>BW Dolce je stambena zgrada sa 21 spratom i 266 stanova, Zgrada ima direktan pristup bazenu od 25 metara, opremljenom svim prate\u0107im sadr\u017eajima, kao \u0161to su spa centar, moderna teretana, svla\u010dionice sa tu\u0161evima, kao i razli\u010dite sportske i rekreativne aktivnosti za decu. Zgrada ima i podzemnu gara\u017eu sa 971 parking mesta.<\/p>\n<p>BW Bella je moderna, zgrada sa 20 spratova i 307 stanova razli\u010dite strukture. Podzemna gara\u017ea se prostire na dva nivoa i ima 393 parking mesta, uklju\u010duju\u0107i tandem parking mesta i mesta za elektri\u010dna vozila. Najve\u0107a prednost, pored same lokacije i jedinstvene panorame, jesu kontinuirane i potpuno natkrivene terase, koje, osim \u0161to pru\u017eaju spektakularan pogled, pobolj\u0161avaju akusti\u010dne karakteristike zgrade i doprinose smanjenju buke.<\/p>\n<p>BW Bonaca ima 20 spratova i 209 stanova razli\u010dite veli\u010dine kao I podzemnu gara\u017eu na dva nivoa sa 300 parking mesta. Ima direktan pristup bazenu I SPA centru koji se nalaze u prizemlju.<\/p>\n<p>Kompleks ima unutra\u0161nje dvori\u0161te zami\u0161ljeno kao ogroman park koji obuhvata razli\u010dite sadr\u017eaje: de\u010dije igrali\u0161te, mesta za odmor ispod drve\u0107a i pergola, stazu za tr\u010danje, kao i raznovrsno zelenilo.<\/p>\n<p>NNa projektu plota 19.2b, stambeni kompleks, MBT tim je odgovoran za tehni\u010dku kontrolu projekta, nezavisnu kontrolu projekta i vrednosno in\u017eenjerstvo.<\/p>\n\n\n<div class=\"ngg-galleryoverview ngg-slideshow\"\n\t id=\"ngg-slideshow-1c4fd8698d740766a19f8add1eb8eeac-4542263300\"\n     data-gallery-id=\"1c4fd8698d740766a19f8add1eb8eeac\"\n     style=\"max-width: 735px; max-height: 350px;\">\n\n \t<div id=\"ngg-image-0\" class=\"ngg-gallery-slideshow-image\" style=\"height:350px\">\n\n        <a href=\"https:\/\/www.mbt-concept.rs\/wp-content\/gallery\/bw-plot19-2b\/BW-Bella-1.jpg\"\n           title=\"\"\n           data-src=\"https:\/\/www.mbt-concept.rs\/wp-content\/gallery\/bw-plot19-2b\/BW-Bella-1.jpg\"\n           data-thumbnail=\"https:\/\/www.mbt-concept.rs\/wp-content\/gallery\/bw-plot19-2b\/thumbs\/thumbs_BW-Bella-1.jpg\"\n           data-image-id=\"84\"\n           data-title=\"BW-Bella-1\"\n           data-description=\"\"\n           class=\"ngg-fancybox\" rel=\"1c4fd8698d740766a19f8add1eb8eeac\">\n\n            <img data-image-id='84'\n                 title=\"\"\n                 alt=\"BW-Bella-1\"\n                 src=\"https:\/\/www.mbt-concept.rs\/wp-content\/gallery\/bw-plot19-2b\/BW-Bella-1.jpg\"\n                 style=\"max-height: 330px;\"\/>\n        <\/a>\n\n        <\/div> \n<div id=\"ngg-image-1\" class=\"ngg-gallery-slideshow-image\" style=\"height:350px\">\n\n        <a href=\"https:\/\/www.mbt-concept.rs\/wp-content\/gallery\/bw-plot19-2b\/BW-Bella-2.jpg\"\n           title=\"\"\n           data-src=\"https:\/\/www.mbt-concept.rs\/wp-content\/gallery\/bw-plot19-2b\/BW-Bella-2.jpg\"\n           data-thumbnail=\"https:\/\/www.mbt-concept.rs\/wp-content\/gallery\/bw-plot19-2b\/thumbs\/thumbs_BW-Bella-2.jpg\"\n           data-image-id=\"82\"\n           data-title=\"BW-Bella-2\"\n           data-description=\"\"\n           class=\"ngg-fancybox\" rel=\"1c4fd8698d740766a19f8add1eb8eeac\">\n\n            <img data-image-id='82'\n                 title=\"\"\n                 alt=\"BW-Bella-2\"\n                 src=\"https:\/\/www.mbt-concept.rs\/wp-content\/gallery\/bw-plot19-2b\/BW-Bella-2.jpg\"\n                 style=\"max-height: 330px;\"\/>\n        <\/a>\n\n        <\/div> \n<div id=\"ngg-image-2\" class=\"ngg-gallery-slideshow-image\" style=\"height:350px\">\n\n        <a href=\"https:\/\/www.mbt-concept.rs\/wp-content\/gallery\/bw-plot19-2b\/BW-Bella-3.jpg\"\n           title=\"\"\n           data-src=\"https:\/\/www.mbt-concept.rs\/wp-content\/gallery\/bw-plot19-2b\/BW-Bella-3.jpg\"\n           data-thumbnail=\"https:\/\/www.mbt-concept.rs\/wp-content\/gallery\/bw-plot19-2b\/thumbs\/thumbs_BW-Bella-3.jpg\"\n           data-image-id=\"81\"\n           data-title=\"BW-Bella-3\"\n           data-description=\"\"\n           class=\"ngg-fancybox\" rel=\"1c4fd8698d740766a19f8add1eb8eeac\">\n\n            <img data-image-id='81'\n                 title=\"\"\n                 alt=\"BW-Bella-3\"\n                 src=\"https:\/\/www.mbt-concept.rs\/wp-content\/gallery\/bw-plot19-2b\/BW-Bella-3.jpg\"\n                 style=\"max-height: 330px;\"\/>\n        <\/a>\n\n        <\/div> \n<div id=\"ngg-image-3\" class=\"ngg-gallery-slideshow-image\" style=\"height:350px\">\n\n        <a href=\"https:\/\/www.mbt-concept.rs\/wp-content\/gallery\/bw-plot19-2b\/BW-Bella-4.jpg\"\n           title=\"\"\n           data-src=\"https:\/\/www.mbt-concept.rs\/wp-content\/gallery\/bw-plot19-2b\/BW-Bella-4.jpg\"\n           data-thumbnail=\"https:\/\/www.mbt-concept.rs\/wp-content\/gallery\/bw-plot19-2b\/thumbs\/thumbs_BW-Bella-4.jpg\"\n           data-image-id=\"80\"\n           data-title=\"BW-Bella-4\"\n           data-description=\"\"\n           class=\"ngg-fancybox\" rel=\"1c4fd8698d740766a19f8add1eb8eeac\">\n\n            <img data-image-id='80'\n                 title=\"\"\n                 alt=\"BW-Bella-4\"\n                 src=\"https:\/\/www.mbt-concept.rs\/wp-content\/gallery\/bw-plot19-2b\/BW-Bella-4.jpg\"\n                 style=\"max-height: 330px;\"\/>\n        <\/a>\n\n        <\/div> \n<div id=\"ngg-image-4\" class=\"ngg-gallery-slideshow-image\" style=\"height:350px\">\n\n        <a href=\"https:\/\/www.mbt-concept.rs\/wp-content\/gallery\/bw-plot19-2b\/BW-Bella-5.jpg\"\n           title=\"\"\n           data-src=\"https:\/\/www.mbt-concept.rs\/wp-content\/gallery\/bw-plot19-2b\/BW-Bella-5.jpg\"\n           data-thumbnail=\"https:\/\/www.mbt-concept.rs\/wp-content\/gallery\/bw-plot19-2b\/thumbs\/thumbs_BW-Bella-5.jpg\"\n           data-image-id=\"83\"\n           data-title=\"BW-Bella-5\"\n           data-description=\"\"\n           class=\"ngg-fancybox\" rel=\"1c4fd8698d740766a19f8add1eb8eeac\">\n\n            <img data-image-id='83'\n                 title=\"\"\n                 alt=\"BW-Bella-5\"\n                 src=\"https:\/\/www.mbt-concept.rs\/wp-content\/gallery\/bw-plot19-2b\/BW-Bella-5.jpg\"\n                 style=\"max-height: 330px;\"\/>\n        <\/a>\n\n        <\/div> \n<div id=\"ngg-image-5\" class=\"ngg-gallery-slideshow-image\" style=\"height:350px\">\n\n        <a href=\"https:\/\/www.mbt-concept.rs\/wp-content\/gallery\/bw-plot19-2b\/BW-Bella-6.jpg\"\n           title=\"\"\n           data-src=\"https:\/\/www.mbt-concept.rs\/wp-content\/gallery\/bw-plot19-2b\/BW-Bella-6.jpg\"\n           data-thumbnail=\"https:\/\/www.mbt-concept.rs\/wp-content\/gallery\/bw-plot19-2b\/thumbs\/thumbs_BW-Bella-6.jpg\"\n           data-image-id=\"85\"\n           data-title=\"BW-Bella-6\"\n           data-description=\"\"\n           class=\"ngg-fancybox\" rel=\"1c4fd8698d740766a19f8add1eb8eeac\">\n\n            <img data-image-id='85'\n                 title=\"\"\n                 alt=\"BW-Bella-6\"\n                 src=\"https:\/\/www.mbt-concept.rs\/wp-content\/gallery\/bw-plot19-2b\/BW-Bella-6.jpg\"\n                 style=\"max-height: 330px;\"\/>\n        <\/a>\n\n        <\/div> \n<div id=\"ngg-image-6\" class=\"ngg-gallery-slideshow-image\" style=\"height:350px\">\n\n        <a href=\"https:\/\/www.mbt-concept.rs\/wp-content\/gallery\/bw-plot19-2b\/BW-Dolce-1.jpg\"\n           title=\"\"\n           data-src=\"https:\/\/www.mbt-concept.rs\/wp-content\/gallery\/bw-plot19-2b\/BW-Dolce-1.jpg\"\n           data-thumbnail=\"https:\/\/www.mbt-concept.rs\/wp-content\/gallery\/bw-plot19-2b\/thumbs\/thumbs_BW-Dolce-1.jpg\"\n           data-image-id=\"86\"\n           data-title=\"BW-Dolce-1\"\n           data-description=\"\"\n           class=\"ngg-fancybox\" rel=\"1c4fd8698d740766a19f8add1eb8eeac\">\n\n            <img data-image-id='86'\n                 title=\"\"\n                 alt=\"BW-Dolce-1\"\n                 src=\"https:\/\/www.mbt-concept.rs\/wp-content\/gallery\/bw-plot19-2b\/BW-Dolce-1.jpg\"\n                 style=\"max-height: 330px;\"\/>\n        <\/a>\n\n        <\/div> \n<div id=\"ngg-image-7\" class=\"ngg-gallery-slideshow-image\" style=\"height:350px\">\n\n        <a href=\"https:\/\/www.mbt-concept.rs\/wp-content\/gallery\/bw-plot19-2b\/BW-Dolce-2.jpg\"\n           title=\"\"\n           data-src=\"https:\/\/www.mbt-concept.rs\/wp-content\/gallery\/bw-plot19-2b\/BW-Dolce-2.jpg\"\n           data-thumbnail=\"https:\/\/www.mbt-concept.rs\/wp-content\/gallery\/bw-plot19-2b\/thumbs\/thumbs_BW-Dolce-2.jpg\"\n           data-image-id=\"87\"\n           data-title=\"BW-Dolce-2\"\n           data-description=\"\"\n           class=\"ngg-fancybox\" rel=\"1c4fd8698d740766a19f8add1eb8eeac\">\n\n            <img data-image-id='87'\n                 title=\"\"\n                 alt=\"BW-Dolce-2\"\n                 src=\"https:\/\/www.mbt-concept.rs\/wp-content\/gallery\/bw-plot19-2b\/BW-Dolce-2.jpg\"\n                 style=\"max-height: 330px;\"\/>\n        <\/a>\n\n        <\/div> \n<div id=\"ngg-image-8\" class=\"ngg-gallery-slideshow-image\" style=\"height:350px\">\n\n        <a href=\"https:\/\/www.mbt-concept.rs\/wp-content\/gallery\/bw-plot19-2b\/BW-Dolce-3.jpg\"\n           title=\"\"\n           data-src=\"https:\/\/www.mbt-concept.rs\/wp-content\/gallery\/bw-plot19-2b\/BW-Dolce-3.jpg\"\n           data-thumbnail=\"https:\/\/www.mbt-concept.rs\/wp-content\/gallery\/bw-plot19-2b\/thumbs\/thumbs_BW-Dolce-3.jpg\"\n           data-image-id=\"89\"\n           data-title=\"BW-Dolce-3\"\n           data-description=\"\"\n           class=\"ngg-fancybox\" rel=\"1c4fd8698d740766a19f8add1eb8eeac\">\n\n            <img data-image-id='89'\n                 title=\"\"\n                 alt=\"BW-Dolce-3\"\n                 src=\"https:\/\/www.mbt-concept.rs\/wp-content\/gallery\/bw-plot19-2b\/BW-Dolce-3.jpg\"\n                 style=\"max-height: 330px;\"\/>\n        <\/a>\n\n        <\/div> \n<div id=\"ngg-image-9\" class=\"ngg-gallery-slideshow-image\" style=\"height:350px\">\n\n        <a href=\"https:\/\/www.mbt-concept.rs\/wp-content\/gallery\/bw-plot19-2b\/BW-Dolce-4.jpg\"\n           title=\"\"\n           data-src=\"https:\/\/www.mbt-concept.rs\/wp-content\/gallery\/bw-plot19-2b\/BW-Dolce-4.jpg\"\n           data-thumbnail=\"https:\/\/www.mbt-concept.rs\/wp-content\/gallery\/bw-plot19-2b\/thumbs\/thumbs_BW-Dolce-4.jpg\"\n           data-image-id=\"90\"\n           data-title=\"BW-Dolce-4\"\n           data-description=\"\"\n           class=\"ngg-fancybox\" rel=\"1c4fd8698d740766a19f8add1eb8eeac\">\n\n            <img data-image-id='90'\n                 title=\"\"\n                 alt=\"BW-Dolce-4\"\n                 src=\"https:\/\/www.mbt-concept.rs\/wp-content\/gallery\/bw-plot19-2b\/BW-Dolce-4.jpg\"\n                 style=\"max-height: 330px;\"\/>\n        <\/a>\n\n        <\/div> \n<div id=\"ngg-image-10\" class=\"ngg-gallery-slideshow-image\" style=\"height:350px\">\n\n        <a href=\"https:\/\/www.mbt-concept.rs\/wp-content\/gallery\/bw-plot19-2b\/BW-Dolce-5.jpg\"\n           title=\"\"\n           data-src=\"https:\/\/www.mbt-concept.rs\/wp-content\/gallery\/bw-plot19-2b\/BW-Dolce-5.jpg\"\n           data-thumbnail=\"https:\/\/www.mbt-concept.rs\/wp-content\/gallery\/bw-plot19-2b\/thumbs\/thumbs_BW-Dolce-5.jpg\"\n           data-image-id=\"88\"\n           data-title=\"BW-Dolce-5\"\n           data-description=\"\"\n           class=\"ngg-fancybox\" rel=\"1c4fd8698d740766a19f8add1eb8eeac\">\n\n            <img data-image-id='88'\n                 title=\"\"\n                 alt=\"BW-Dolce-5\"\n                 src=\"https:\/\/www.mbt-concept.rs\/wp-content\/gallery\/bw-plot19-2b\/BW-Dolce-5.jpg\"\n                 style=\"max-height: 330px;\"\/>\n        <\/a>\n\n        <\/div> \n<\/div>\n\n\n\n\n<\/p><\/div><\/div><\/div><\/div>\n<\/section>\n<p><\/p>","protected":false},"excerpt":{"rendered":"<p>Beograd na vodi, plot 19.2b BW Bella, BW Bonaca, BW Dolce &#8211; Stambeni kompleks Lokacija Beograd, Srbija Investitor Beograd na vodi d.o.o. Klijent Beograd na vodi d.o.o. Veli\u010dina projekta 174.000 m&sup2; Usluga Tehni\u010dka kontrola projekta Nezavisna kontrola projekta Vrednosno in\u017einjerstvo Beograd na vodi je monumentalni&hellip;<\/p>\n","protected":false},"author":3,"featured_media":0,"parent":555,"menu_order":0,"comment_status":"closed","ping_status":"closed","template":"","meta":{"ngg_post_thumbnail":0,"footnotes":""},"class_list":["post-2017","page","type-page","status-publish","hentry"],"acf":[],"_links":{"self":[{"href":"https:\/\/www.mbt-concept.rs\/sr\/wp-json\/wp\/v2\/pages\/2017","targetHints":{"allow":["GET"]}}],"collection":[{"href":"https:\/\/www.mbt-concept.rs\/sr\/wp-json\/wp\/v2\/pages"}],"about":[{"href":"https:\/\/www.mbt-concept.rs\/sr\/wp-json\/wp\/v2\/types\/page"}],"author":[{"embeddable":true,"href":"https:\/\/www.mbt-concept.rs\/sr\/wp-json\/wp\/v2\/users\/3"}],"replies":[{"embeddable":true,"href":"https:\/\/www.mbt-concept.rs\/sr\/wp-json\/wp\/v2\/comments?post=2017"}],"version-history":[{"count":0,"href":"https:\/\/www.mbt-concept.rs\/sr\/wp-json\/wp\/v2\/pages\/2017\/revisions"}],"up":[{"embeddable":true,"href":"https:\/\/www.mbt-concept.rs\/sr\/wp-json\/wp\/v2\/pages\/555"}],"wp:attachment":[{"href":"https:\/\/www.mbt-concept.rs\/sr\/wp-json\/wp\/v2\/media?parent=2017"}],"curies":[{"name":"wp","href":"https:\/\/api.w.org\/{rel}","templated":true}]}}