{"id":2024,"date":"2025-02-15T18:52:36","date_gmt":"2025-02-15T17:52:36","guid":{"rendered":"https:\/\/www.mbt-concept.rs\/?page_id=2024"},"modified":"2025-02-15T18:52:36","modified_gmt":"2025-02-15T17:52:36","slug":"winter-wonderland-igman","status":"publish","type":"page","link":"https:\/\/www.mbt-concept.rs\/sr\/projects\/winter-wonderland-igman\/","title":{"rendered":"Winter Wonderland Igman"},"content":{"rendered":"<p><\/p>\n<section class=\"mbt-proj__hero\">\n <picture>\n\t\t<img decoding=\"async\" src=\"https:\/\/www.mbt-concept.rs\/wp-content\/uploads\/2025\/02\/winter-wonderland-1.jpg\" alt=\"Winter Wonderland\">\n <\/picture>\n<div class=\"container\">\n<div class=\"row\">\n<div class=\"col-xs-12 col-lg-9\">\n<h1>Winter Wonderland<\/h1>\n<h4>Igman<\/h4>\n<hr><\/div><\/div><\/div>\n<\/section>\n<section class=\"mbt-proj__wrapper\">\n<div class=\"container\">\n<div class=\"row\">\n<div class=\"col-xs-12 col-sm-4 mbt-proj__service__wrapper\">\n<div class=\"mbt-proj__service\">\n<p>\n\t\t\t\t\t\t<span>Lokacija<\/span><br \/>\n\t\t\t\t\t\t<span>Igman, Bosna i Hercegovina<\/span>\n\t\t\t\t\t<\/p>\n<p>\n\t\t\t\t\t\t<span>Investitor<\/span><br \/>\n\t\t\t\t\t\t<span>The Place d.o.o.<\/span>\n\t\t\t\t\t<\/p>\n<p>\n\t\t\t\t\t\t<span>Klijent<\/span><br \/>\n\t\t\t\t\t\t<span>The Place d.o.o.<\/span>\n\t\t\t\t\t<\/p>\n<p>\n\t\t\t\t\t\t<span>Veli\u010dina projekta<\/span><br \/>\n\t\t\t\t\t\t<span>60.000 m&sup2;<\/span>\n\t\t\t\t\t<\/p>\n<p>\n\t\t\t\t\t\t<span>Usluga<\/span><br \/>\n\t\t\t\t\t\t<span>Divelopment Manad\u017ement<\/span>\n\t\t\t\t\t<\/p>\n<\/p><\/div><\/div>\n<div class=\"col-xs-12 col-sm-8\">\n<div class=\"mbt-proj__desc\">\n<p>Winter wonderland Igman predstavlja hotelsko-stambeni kompleks najvi\u0161eg ranga, sme\u0161ten u netaknutoj prirodi olimpijske planine Igman. Igman je planina u blizini Sarajeva u Bosni i Hercegovini, poznata po svojoj prirodnoj lepoti, zimskim sportovima i Zimskim olimpijskim igrama 1984. godine. Kompleks se nalazi u neposrednoj blizini skakaonica, sa prostranim platoom ispred. Veruje se da ovo podru\u010dje ima najvi\u0161u koncentraciju negativnih jona.<\/p>\n<p>Winter wonderland Igman se prostire na povr\u0161ini od 60.000 m&sup2; i po planu treba da obuhvata apartmane za prodaju, hotel sa 5 zvezdica, veliki spa centar, sportsku halu, prostrane kongresne sadr\u017eaje, bioskop, fitnes sadr\u017eaje, spolja\u0161nje terene za sport, kao i mno\u0161tvo sadr\u017eaja namenjenih deci.<\/p>\n<p>MBT je anga\u017eovan od strane investitora, kompanije The Place d.o.o, da upravlja razvojem ovog jedinstvenog planinskog kompleksa jo\u0161 od najranijih faza projekta. Ovaj anga\u017eman je, izme\u0111u ostalog, obuhvatao: izradu projektnog zadatka, upravljanje procesom projektovanja, stru\u010dnu reviziju projektne dokumentacije, bud\u017eetiranje, kao i asistenciju u procesu pribavljanja dozvola.<\/p>\n<p>The Place d.o.o. je bosanska razvojna kompanija koja, zajedno sa ICD (Investment Corporation of Dubai), investira i razvija brojne projekte \u0161irom Bosne i Hercegovine.<\/p>\n\n\n<div class=\"ngg-galleryoverview ngg-slideshow\"\n\t id=\"ngg-slideshow-71f0361440fb42efd1eafcda0caab268-11311108860\"\n     data-gallery-id=\"71f0361440fb42efd1eafcda0caab268\"\n     style=\"max-width: 735px; max-height: 350px;\">\n\n \t<div id=\"ngg-image-0\" class=\"ngg-gallery-slideshow-image\" style=\"height:350px\">\n\n        <a href=\"https:\/\/www.mbt-concept.rs\/wp-content\/gallery\/winter-wonderland\/Igman.jpg\"\n           title=\"\"\n           data-src=\"https:\/\/www.mbt-concept.rs\/wp-content\/gallery\/winter-wonderland\/Igman.jpg\"\n           data-thumbnail=\"https:\/\/www.mbt-concept.rs\/wp-content\/gallery\/winter-wonderland\/thumbs\/thumbs_Igman.jpg\"\n           data-image-id=\"114\"\n           data-title=\"Igman\"\n           data-description=\"\"\n           class=\"ngg-fancybox\" rel=\"71f0361440fb42efd1eafcda0caab268\">\n\n            <img data-image-id='114'\n                 title=\"\"\n                 alt=\"Igman\"\n                 src=\"https:\/\/www.mbt-concept.rs\/wp-content\/gallery\/winter-wonderland\/Igman.jpg\"\n                 style=\"max-height: 330px;\"\/>\n        <\/a>\n\n        <\/div> \n<\/div>\n\n\n\n\n<\/p><\/div><\/div><\/div><\/div>\n<\/section>\n<p><\/p>","protected":false},"excerpt":{"rendered":"<p>Winter Wonderland Igman Lokacija Igman, Bosna i Hercegovina Investitor The Place d.o.o. Klijent The Place d.o.o. Veli\u010dina projekta 60.000 m&sup2; Usluga Divelopment Manad\u017ement Winter wonderland Igman predstavlja hotelsko-stambeni kompleks najvi\u0161eg ranga, sme\u0161ten u netaknutoj prirodi olimpijske planine Igman. Igman je planina u blizini Sarajeva u&hellip;<\/p>\n","protected":false},"author":3,"featured_media":0,"parent":555,"menu_order":0,"comment_status":"closed","ping_status":"closed","template":"","meta":{"ngg_post_thumbnail":0,"footnotes":""},"class_list":["post-2024","page","type-page","status-publish","hentry"],"acf":[],"_links":{"self":[{"href":"https:\/\/www.mbt-concept.rs\/sr\/wp-json\/wp\/v2\/pages\/2024","targetHints":{"allow":["GET"]}}],"collection":[{"href":"https:\/\/www.mbt-concept.rs\/sr\/wp-json\/wp\/v2\/pages"}],"about":[{"href":"https:\/\/www.mbt-concept.rs\/sr\/wp-json\/wp\/v2\/types\/page"}],"author":[{"embeddable":true,"href":"https:\/\/www.mbt-concept.rs\/sr\/wp-json\/wp\/v2\/users\/3"}],"replies":[{"embeddable":true,"href":"https:\/\/www.mbt-concept.rs\/sr\/wp-json\/wp\/v2\/comments?post=2024"}],"version-history":[{"count":0,"href":"https:\/\/www.mbt-concept.rs\/sr\/wp-json\/wp\/v2\/pages\/2024\/revisions"}],"up":[{"embeddable":true,"href":"https:\/\/www.mbt-concept.rs\/sr\/wp-json\/wp\/v2\/pages\/555"}],"wp:attachment":[{"href":"https:\/\/www.mbt-concept.rs\/sr\/wp-json\/wp\/v2\/media?parent=2024"}],"curies":[{"name":"wp","href":"https:\/\/api.w.org\/{rel}","templated":true}]}}