{"id":2027,"date":"2025-02-16T03:08:27","date_gmt":"2025-02-16T02:08:27","guid":{"rendered":"https:\/\/www.mbt-concept.rs\/?page_id=2027"},"modified":"2025-02-16T03:08:27","modified_gmt":"2025-02-16T02:08:27","slug":"belgrade-waterfront-plot-29a-2-residential-buildings","status":"publish","type":"page","link":"https:\/\/www.mbt-concept.rs\/sr\/projects\/belgrade-waterfront-plot-29a-2-residential-buildings\/","title":{"rendered":"Beograd na vodi, Plot 29a-2 &#8211; BW Nova, BW Vizia, BW Iskra &#8211; Stambeni kompleks"},"content":{"rendered":"<p><\/p>\n<section class=\"mbt-proj__hero\">\n  <picture>\n    <img decoding=\"async\" src=\"https:\/\/www.mbt-concept.rs\/wp-content\/uploads\/2025\/02\/bw-plot29a2-1.jpg\" alt=\"Beograd na vodi\">\n  <\/picture>\n<div class=\"container\">\n<div class=\"row\">\n<div class=\"col-xs-12 col-lg-9\">\n<h1>Beograd na vodi, Plot 29a-2<\/h1>\n<h4>BW Nova, BW Vizia, BW Iskra &#8211; Stambeni kompleks<\/h4>\n<hr><\/div><\/div><\/div>\n<\/section>\n<section class=\"mbt-proj__wrapper\">\n<div class=\"container\">\n<div class=\"row\">\n<div class=\"col-xs-12 col-sm-4 mbt-proj__service__wrapper\">\n<div class=\"mbt-proj__service\">\n<p>\n            <span>Lokacija<\/span><br \/>\n            <span>Beograd, Srbija<\/span>\n          <\/p>\n<p>\n            <span>Investitor<\/span><br \/>\n            <span>Beograd na vodi d.o.o.<\/span>\n          <\/p>\n<p>\n            <span>Klijent<\/span><br \/>\n            <span>Beograd na vodi d.o.o.<\/span>\n          <\/p>\n<p>\n            <span>Veli\u010dina projekta<\/span><br \/>\n            <span>92.000 m&sup2;<\/span>\n          <\/p>\n<p>\n            <span>Usluga<\/span><br \/>\n            <span>Tehni\u010dka kontrola projekta<\/span><br \/>\n            <span>Nezavisna kontrola projekta<\/span><br \/>\n            <span>Vrednosno in\u017einjerstvo<\/span>\n          <\/p>\n<\/p><\/div><\/div>\n<div class=\"col-xs-12 col-sm-8\">\n<div class=\"mbt-proj__desc\">\n<p>Beograd na vodi je savremeni urbani razvojni projekat vredan 3 milijarde dolara. Pozicioniran du\u017e obale reke Save, sa luksuznim stambenim zgradama, modernom arhitekturom i raznovrsnim sadr\u017eajima, Beograd na vodi kreira specifi\u010dnu panoramu grada. Njegovi parkovi, re\u010dna promenada i dinami\u010dna zona za kupovinu i gastronomiju deo su koncepta koji spaja luksuzno stanovanje sa \u017eivopisnim javnim prostorima.<\/p>\n<p>Investitori Beograda na vodi su Eagle Hills i Republika Srbija. Eagle Hills je privatna gra\u0111evinska i investiciona kompanija sa sedi\u0161tem u Abu Dabiju, specijalizovana za kreiranje novih gradskih jezgara i vrhunskih destinacija na tr\u017ei\u0161tima u razvoju. Pored Srbije, razvijaju prepoznatljive projekte u Bahreinu, Jordanu, Maroku, Etiopiji, Omanu i Ujedinjenim Arapskim Emiratima.<\/p>\n<p>Beograd na vodi, Plot 29a-2 prostire sa na povr\u0161ini od oko 92.000 m&sup2;. Ovaj stambeni kompleks \u010dine tri zgrade BW Nova, BW Iskra i BW Vizia. BW Iskra ima 9 spratova i 165 stanova. Zgrada poseduje podzemnu gara\u017eu na jednom nivou, sa 194 parking mesta, dok se u prizemlju nalaze maloprodajni lokali poput prodavnica, restorana i kafi\u0107a<\/p>\n<p>BW Nova ima 9 spratova i 109 stanova razli\u010ditih veli\u010dina. Zgrada u prizemlju poseduje modernu teretanu, a podzemna gara\u017ea na jednom nivou obuhvata i namenski skladi\u0161ni prostor. Zgrada ima pristup zajedni\u010dkom dvori\u0161tu sa zelenilom, zonom za opu\u0161tanje, de\u010djim igrali\u0161tem, sportskim i rekreativnim sadr\u017eajima koji obuhvataju stazu za d\u017eoging, teren za ko\u0161arku, opremu za ve\u017ebanje na otvorenom i poligon za penjanje. Posebnu atrakciju ove zgrade predstavljaju stanovi u prizemlju sa privatnim ba\u0161tama koje se nastavljaju izvan terasa. BW Vizija ima 9 spratova i 124 stanova, kao i gara\u017eu sa 149 parking mesta <\/p>\n<p>Na projektu Plota 29a-2 MBT je odgovoran za tehni\u010dku kontrolu projekta, nezavisnu kontrolu projekta i vrednosno in\u017eenjerstvo.<\/p>\n\n\n<div class=\"ngg-galleryoverview ngg-slideshow\"\n\t id=\"ngg-slideshow-00cd32fa51bac8dbc74a063389ef66f7-12250455350\"\n     data-gallery-id=\"00cd32fa51bac8dbc74a063389ef66f7\"\n     style=\"max-width: 735px; max-height: 350px;\">\n\n \t<div id=\"ngg-image-0\" class=\"ngg-gallery-slideshow-image\" style=\"height:350px\">\n\n        <a href=\"https:\/\/www.mbt-concept.rs\/wp-content\/gallery\/bw-plot-29a-2\/BW-Nova-2.jpg\"\n           title=\"\"\n           data-src=\"https:\/\/www.mbt-concept.rs\/wp-content\/gallery\/bw-plot-29a-2\/BW-Nova-2.jpg\"\n           data-thumbnail=\"https:\/\/www.mbt-concept.rs\/wp-content\/gallery\/bw-plot-29a-2\/thumbs\/thumbs_BW-Nova-2.jpg\"\n           data-image-id=\"122\"\n           data-title=\"BW-Nova-2\"\n           data-description=\"\"\n           class=\"ngg-fancybox\" rel=\"00cd32fa51bac8dbc74a063389ef66f7\">\n\n            <img data-image-id='122'\n                 title=\"\"\n                 alt=\"BW-Nova-2\"\n                 src=\"https:\/\/www.mbt-concept.rs\/wp-content\/gallery\/bw-plot-29a-2\/BW-Nova-2.jpg\"\n                 style=\"max-height: 330px;\"\/>\n        <\/a>\n\n        <\/div> \n<div id=\"ngg-image-1\" class=\"ngg-gallery-slideshow-image\" style=\"height:350px\">\n\n        <a href=\"https:\/\/www.mbt-concept.rs\/wp-content\/gallery\/bw-plot-29a-2\/BW-Nova-1.jpg\"\n           title=\"\"\n           data-src=\"https:\/\/www.mbt-concept.rs\/wp-content\/gallery\/bw-plot-29a-2\/BW-Nova-1.jpg\"\n           data-thumbnail=\"https:\/\/www.mbt-concept.rs\/wp-content\/gallery\/bw-plot-29a-2\/thumbs\/thumbs_BW-Nova-1.jpg\"\n           data-image-id=\"123\"\n           data-title=\"BW-Nova-1\"\n           data-description=\"\"\n           class=\"ngg-fancybox\" rel=\"00cd32fa51bac8dbc74a063389ef66f7\">\n\n            <img data-image-id='123'\n                 title=\"\"\n                 alt=\"BW-Nova-1\"\n                 src=\"https:\/\/www.mbt-concept.rs\/wp-content\/gallery\/bw-plot-29a-2\/BW-Nova-1.jpg\"\n                 style=\"max-height: 330px;\"\/>\n        <\/a>\n\n        <\/div> \n<div id=\"ngg-image-2\" class=\"ngg-gallery-slideshow-image\" style=\"height:350px\">\n\n        <a href=\"https:\/\/www.mbt-concept.rs\/wp-content\/gallery\/bw-plot-29a-2\/BW-Nova-3.jpg\"\n           title=\"\"\n           data-src=\"https:\/\/www.mbt-concept.rs\/wp-content\/gallery\/bw-plot-29a-2\/BW-Nova-3.jpg\"\n           data-thumbnail=\"https:\/\/www.mbt-concept.rs\/wp-content\/gallery\/bw-plot-29a-2\/thumbs\/thumbs_BW-Nova-3.jpg\"\n           data-image-id=\"124\"\n           data-title=\"BW-Nova-3\"\n           data-description=\"\"\n           class=\"ngg-fancybox\" rel=\"00cd32fa51bac8dbc74a063389ef66f7\">\n\n            <img data-image-id='124'\n                 title=\"\"\n                 alt=\"BW-Nova-3\"\n                 src=\"https:\/\/www.mbt-concept.rs\/wp-content\/gallery\/bw-plot-29a-2\/BW-Nova-3.jpg\"\n                 style=\"max-height: 330px;\"\/>\n        <\/a>\n\n        <\/div> \n<div id=\"ngg-image-3\" class=\"ngg-gallery-slideshow-image\" style=\"height:350px\">\n\n        <a href=\"https:\/\/www.mbt-concept.rs\/wp-content\/gallery\/bw-plot-29a-2\/BW-Vizia-2.jpg\"\n           title=\"\"\n           data-src=\"https:\/\/www.mbt-concept.rs\/wp-content\/gallery\/bw-plot-29a-2\/BW-Vizia-2.jpg\"\n           data-thumbnail=\"https:\/\/www.mbt-concept.rs\/wp-content\/gallery\/bw-plot-29a-2\/thumbs\/thumbs_BW-Vizia-2.jpg\"\n           data-image-id=\"125\"\n           data-title=\"BW-Vizia-2\"\n           data-description=\"\"\n           class=\"ngg-fancybox\" rel=\"00cd32fa51bac8dbc74a063389ef66f7\">\n\n            <img data-image-id='125'\n                 title=\"\"\n                 alt=\"BW-Vizia-2\"\n                 src=\"https:\/\/www.mbt-concept.rs\/wp-content\/gallery\/bw-plot-29a-2\/BW-Vizia-2.jpg\"\n                 style=\"max-height: 330px;\"\/>\n        <\/a>\n\n        <\/div> \n<div id=\"ngg-image-4\" class=\"ngg-gallery-slideshow-image\" style=\"height:350px\">\n\n        <a href=\"https:\/\/www.mbt-concept.rs\/wp-content\/gallery\/bw-plot-29a-2\/BW-Iskra-1.jpg\"\n           title=\"\"\n           data-src=\"https:\/\/www.mbt-concept.rs\/wp-content\/gallery\/bw-plot-29a-2\/BW-Iskra-1.jpg\"\n           data-thumbnail=\"https:\/\/www.mbt-concept.rs\/wp-content\/gallery\/bw-plot-29a-2\/thumbs\/thumbs_BW-Iskra-1.jpg\"\n           data-image-id=\"126\"\n           data-title=\"BW-Iskra-1\"\n           data-description=\"\"\n           class=\"ngg-fancybox\" rel=\"00cd32fa51bac8dbc74a063389ef66f7\">\n\n            <img data-image-id='126'\n                 title=\"\"\n                 alt=\"BW-Iskra-1\"\n                 src=\"https:\/\/www.mbt-concept.rs\/wp-content\/gallery\/bw-plot-29a-2\/BW-Iskra-1.jpg\"\n                 style=\"max-height: 330px;\"\/>\n        <\/a>\n\n        <\/div> \n<div id=\"ngg-image-5\" class=\"ngg-gallery-slideshow-image\" style=\"height:350px\">\n\n        <a href=\"https:\/\/www.mbt-concept.rs\/wp-content\/gallery\/bw-plot-29a-2\/BW-Iskra-5.jpg\"\n           title=\"\"\n           data-src=\"https:\/\/www.mbt-concept.rs\/wp-content\/gallery\/bw-plot-29a-2\/BW-Iskra-5.jpg\"\n           data-thumbnail=\"https:\/\/www.mbt-concept.rs\/wp-content\/gallery\/bw-plot-29a-2\/thumbs\/thumbs_BW-Iskra-5.jpg\"\n           data-image-id=\"127\"\n           data-title=\"BW-Iskra-5\"\n           data-description=\"\"\n           class=\"ngg-fancybox\" rel=\"00cd32fa51bac8dbc74a063389ef66f7\">\n\n            <img data-image-id='127'\n                 title=\"\"\n                 alt=\"BW-Iskra-5\"\n                 src=\"https:\/\/www.mbt-concept.rs\/wp-content\/gallery\/bw-plot-29a-2\/BW-Iskra-5.jpg\"\n                 style=\"max-height: 330px;\"\/>\n        <\/a>\n\n        <\/div> \n<\/div>\n\n\n\n\n<\/p><\/div><\/div><\/div><\/div>\n<\/section>\n<p><\/p>","protected":false},"excerpt":{"rendered":"<p>Beograd na vodi, Plot 29a-2 BW Nova, BW Vizia, BW Iskra &#8211; Stambeni kompleks Lokacija Beograd, Srbija Investitor Beograd na vodi d.o.o. Klijent Beograd na vodi d.o.o. Veli\u010dina projekta 92.000 m&sup2; Usluga Tehni\u010dka kontrola projekta Nezavisna kontrola projekta Vrednosno in\u017einjerstvo Beograd na vodi je savremeni&hellip;<\/p>\n","protected":false},"author":3,"featured_media":0,"parent":555,"menu_order":0,"comment_status":"closed","ping_status":"closed","template":"","meta":{"ngg_post_thumbnail":0,"footnotes":""},"class_list":["post-2027","page","type-page","status-publish","hentry"],"acf":[],"_links":{"self":[{"href":"https:\/\/www.mbt-concept.rs\/sr\/wp-json\/wp\/v2\/pages\/2027","targetHints":{"allow":["GET"]}}],"collection":[{"href":"https:\/\/www.mbt-concept.rs\/sr\/wp-json\/wp\/v2\/pages"}],"about":[{"href":"https:\/\/www.mbt-concept.rs\/sr\/wp-json\/wp\/v2\/types\/page"}],"author":[{"embeddable":true,"href":"https:\/\/www.mbt-concept.rs\/sr\/wp-json\/wp\/v2\/users\/3"}],"replies":[{"embeddable":true,"href":"https:\/\/www.mbt-concept.rs\/sr\/wp-json\/wp\/v2\/comments?post=2027"}],"version-history":[{"count":0,"href":"https:\/\/www.mbt-concept.rs\/sr\/wp-json\/wp\/v2\/pages\/2027\/revisions"}],"up":[{"embeddable":true,"href":"https:\/\/www.mbt-concept.rs\/sr\/wp-json\/wp\/v2\/pages\/555"}],"wp:attachment":[{"href":"https:\/\/www.mbt-concept.rs\/sr\/wp-json\/wp\/v2\/media?parent=2027"}],"curies":[{"name":"wp","href":"https:\/\/api.w.org\/{rel}","templated":true}]}}