{"id":2032,"date":"2025-02-16T03:20:08","date_gmt":"2025-02-16T02:20:08","guid":{"rendered":"https:\/\/www.mbt-concept.rs\/?page_id=2032"},"modified":"2025-02-16T03:20:08","modified_gmt":"2025-02-16T02:20:08","slug":"holiday-village-bonaca-bol-brac","status":"publish","type":"page","link":"https:\/\/www.mbt-concept.rs\/sr\/projects\/holiday-village-bonaca-bol-brac\/","title":{"rendered":"Holiday Village Bonaca, Bol-Bra\u010d"},"content":{"rendered":"<p><\/p>\n<section class=\"mbt-proj__hero\">\n  <picture>\n     <img decoding=\"async\" src=\"https:\/\/www.mbt-concept.rs\/wp-content\/uploads\/2025\/02\/holiday-village-bonanca-1.jpg\" alt=\"Holiday Village Bonaca\">\n  <\/picture>\n<div class=\"container\">\n<div class=\"row\">\n<div class=\"col-xs-12 col-lg-9\">\n<h1>Holiday Village Bonaca<\/h1>\n<h4>Bol-Bra\u010d<\/h4>\n<hr><\/div><\/div><\/div>\n<\/section>\n<section class=\"mbt-proj__wrapper\">\n<div class=\"container\">\n<div class=\"row\">\n<div class=\"col-xs-12 col-sm-4 mbt-proj__service__wrapper\">\n<div class=\"mbt-proj__service\">\n<p>\n             <span>Lokacija<\/span><br \/>\n             <span>Bol Bra\u010d, Hrvatska<\/span>\n           <\/p>\n<p>\n             <span>Investitor<\/span><br \/>\n             <span>Eagle Hills<\/span>\n           <\/p>\n<p>\n             <span>Klijent<\/span><br \/>\n             <span>Trika d.o.o.<\/span>\n           <\/p>\n<p>\n             <span>Usluga<\/span><br \/>\n             <span>Strategija nabavke i ugovaranje<\/span><br \/>\n             <span>Upravljanje ugovorima<\/span>\n           <\/p>\n<\/p><\/div><\/div>\n<div class=\"col-xs-12 col-sm-8\">\n<div class=\"mbt-proj__desc\">\n<p>Sme\u0161ten usred mediteranskog zelenila, Bluesun Holiday Village Bonaca je porodi\u010dni hotel sa 4 zvezdice, koji se nalazi u Bolu na ostrvu Bra\u010d u Hrvatskoj.<\/p>\n<p>Bluesun Hotels &amp; Resorts je brend pod kojim Sunce hoteli upravljaju ve\u0107inom svojih objekata. Sunce je jedna od vode\u0107ih turisti\u010dkih grupacija koja posluje i razvija hotele u Hrvatskoj, upravlja sa 13 hotela na jadranskoj obali, jednim kampom i ima ve\u0107insko vlasni\u0161tvo nad aerodromom na ostrvu Bra\u010d. <\/p>\n<p>Kompanija Sunce Hoteli d.d. renovirala je svojih \u0161est hotela na Makarskoj rivijeri:<\/p>\n<ul>\n<li>HILLIDAY VILLAGE BONACA, Bol, Bra\u010d (48 soba)<\/li>\n<li>HOTEL ELAPHUSA, Bol, Bra\u010d (303 soba)<\/li>\n<li>HOTEL KA\u0160TELET, Tu\u010depi (28 soba)<\/li>\n<li>HOTEL BORAK, Bol, Bra\u010d (137 soba)<\/li>\n<li>HOTEL MAESTRAL, Brela (69 soba)<\/li>\n<li>HOTEL SOLINE, Brela (206 soba)<\/li>\n<\/ul>\n<p>Na projektu renoviranja hotela, MBT je anga\u017eovan od strane kompanije Trika d.o.o. Zagreb, koja je bila dobavlja\u010d za pokretni name\u0161taj i opremu (FF&amp;E) u projektu renoviranja \u0161est hotela na Makarskoj rivijeri. MBT tim je upravljao svim ugovorima (vi\u0161e od 50 razli\u010ditih proizvo\u0111a\u010da pokretnog name\u0161taja i opreme), kao i glavnim ugovorom sa investitorom. To je podrazumevalo, izme\u0111u ostalog: pripremu ugovora, upravljanje promenama i zahtevima, vo\u0111enje i koordinaciju celokupne ugovorne korespodencije, savetovanje vezano za proces nabavke i instalacije, kao i podr\u0161ku u izazovima vezanim za transport i logistiku.<\/p>\n\n\n<div class=\"ngg-galleryoverview ngg-slideshow\"\n\t id=\"ngg-slideshow-2ed1f3ae1a2f6a28d39ee8e851674328-21044897120\"\n     data-gallery-id=\"2ed1f3ae1a2f6a28d39ee8e851674328\"\n     style=\"max-width: 735px; max-height: 350px;\">\n\n \t<div id=\"ngg-image-0\" class=\"ngg-gallery-slideshow-image\" style=\"height:350px\">\n\n        <a href=\"https:\/\/www.mbt-concept.rs\/wp-content\/gallery\/hotel-village-bonaca\/Bonaca1.jpg\"\n           title=\"\"\n           data-src=\"https:\/\/www.mbt-concept.rs\/wp-content\/gallery\/hotel-village-bonaca\/Bonaca1.jpg\"\n           data-thumbnail=\"https:\/\/www.mbt-concept.rs\/wp-content\/gallery\/hotel-village-bonaca\/thumbs\/thumbs_Bonaca1.jpg\"\n           data-image-id=\"64\"\n           data-title=\"Bonaca1\"\n           data-description=\"\"\n           class=\"ngg-fancybox\" rel=\"2ed1f3ae1a2f6a28d39ee8e851674328\">\n\n            <img data-image-id='64'\n                 title=\"\"\n                 alt=\"Bonaca1\"\n                 src=\"https:\/\/www.mbt-concept.rs\/wp-content\/gallery\/hotel-village-bonaca\/Bonaca1.jpg\"\n                 style=\"max-height: 330px;\"\/>\n        <\/a>\n\n        <\/div> \n<div id=\"ngg-image-1\" class=\"ngg-gallery-slideshow-image\" style=\"height:350px\">\n\n        <a href=\"https:\/\/www.mbt-concept.rs\/wp-content\/gallery\/hotel-village-bonaca\/Bonaca2.jpg\"\n           title=\"\"\n           data-src=\"https:\/\/www.mbt-concept.rs\/wp-content\/gallery\/hotel-village-bonaca\/Bonaca2.jpg\"\n           data-thumbnail=\"https:\/\/www.mbt-concept.rs\/wp-content\/gallery\/hotel-village-bonaca\/thumbs\/thumbs_Bonaca2.jpg\"\n           data-image-id=\"63\"\n           data-title=\"Bonaca2\"\n           data-description=\"\"\n           class=\"ngg-fancybox\" rel=\"2ed1f3ae1a2f6a28d39ee8e851674328\">\n\n            <img data-image-id='63'\n                 title=\"\"\n                 alt=\"Bonaca2\"\n                 src=\"https:\/\/www.mbt-concept.rs\/wp-content\/gallery\/hotel-village-bonaca\/Bonaca2.jpg\"\n                 style=\"max-height: 330px;\"\/>\n        <\/a>\n\n        <\/div> \n<div id=\"ngg-image-2\" class=\"ngg-gallery-slideshow-image\" style=\"height:350px\">\n\n        <a href=\"https:\/\/www.mbt-concept.rs\/wp-content\/gallery\/hotel-village-bonaca\/Bonaca3.jpg\"\n           title=\"\"\n           data-src=\"https:\/\/www.mbt-concept.rs\/wp-content\/gallery\/hotel-village-bonaca\/Bonaca3.jpg\"\n           data-thumbnail=\"https:\/\/www.mbt-concept.rs\/wp-content\/gallery\/hotel-village-bonaca\/thumbs\/thumbs_Bonaca3.jpg\"\n           data-image-id=\"65\"\n           data-title=\"Bonaca3\"\n           data-description=\"\"\n           class=\"ngg-fancybox\" rel=\"2ed1f3ae1a2f6a28d39ee8e851674328\">\n\n            <img data-image-id='65'\n                 title=\"\"\n                 alt=\"Bonaca3\"\n                 src=\"https:\/\/www.mbt-concept.rs\/wp-content\/gallery\/hotel-village-bonaca\/Bonaca3.jpg\"\n                 style=\"max-height: 330px;\"\/>\n        <\/a>\n\n        <\/div> \n<div id=\"ngg-image-3\" class=\"ngg-gallery-slideshow-image\" style=\"height:350px\">\n\n        <a href=\"https:\/\/www.mbt-concept.rs\/wp-content\/gallery\/hotel-village-bonaca\/Bonaca4.jpg\"\n           title=\"\"\n           data-src=\"https:\/\/www.mbt-concept.rs\/wp-content\/gallery\/hotel-village-bonaca\/Bonaca4.jpg\"\n           data-thumbnail=\"https:\/\/www.mbt-concept.rs\/wp-content\/gallery\/hotel-village-bonaca\/thumbs\/thumbs_Bonaca4.jpg\"\n           data-image-id=\"61\"\n           data-title=\"Bonaca4\"\n           data-description=\"\"\n           class=\"ngg-fancybox\" rel=\"2ed1f3ae1a2f6a28d39ee8e851674328\">\n\n            <img data-image-id='61'\n                 title=\"\"\n                 alt=\"Bonaca4\"\n                 src=\"https:\/\/www.mbt-concept.rs\/wp-content\/gallery\/hotel-village-bonaca\/Bonaca4.jpg\"\n                 style=\"max-height: 330px;\"\/>\n        <\/a>\n\n        <\/div> \n<div id=\"ngg-image-4\" class=\"ngg-gallery-slideshow-image\" style=\"height:350px\">\n\n        <a href=\"https:\/\/www.mbt-concept.rs\/wp-content\/gallery\/hotel-village-bonaca\/Bonaca5.jpg\"\n           title=\"\"\n           data-src=\"https:\/\/www.mbt-concept.rs\/wp-content\/gallery\/hotel-village-bonaca\/Bonaca5.jpg\"\n           data-thumbnail=\"https:\/\/www.mbt-concept.rs\/wp-content\/gallery\/hotel-village-bonaca\/thumbs\/thumbs_Bonaca5.jpg\"\n           data-image-id=\"62\"\n           data-title=\"Bonaca5\"\n           data-description=\"\"\n           class=\"ngg-fancybox\" rel=\"2ed1f3ae1a2f6a28d39ee8e851674328\">\n\n            <img data-image-id='62'\n                 title=\"\"\n                 alt=\"Bonaca5\"\n                 src=\"https:\/\/www.mbt-concept.rs\/wp-content\/gallery\/hotel-village-bonaca\/Bonaca5.jpg\"\n                 style=\"max-height: 330px;\"\/>\n        <\/a>\n\n        <\/div> \n<\/div>\n\n\n\n\n<\/p><\/div><\/div><\/div><\/div>\n<\/section>\n<p><\/p>","protected":false},"excerpt":{"rendered":"<p>Holiday Village Bonaca Bol-Bra\u010d Lokacija Bol Bra\u010d, Hrvatska Investitor Eagle Hills Klijent Trika d.o.o. Usluga Strategija nabavke i ugovaranje Upravljanje ugovorima Sme\u0161ten usred mediteranskog zelenila, Bluesun Holiday Village Bonaca je porodi\u010dni hotel sa 4 zvezdice, koji se nalazi u Bolu na ostrvu Bra\u010d u Hrvatskoj.&hellip;<\/p>\n","protected":false},"author":3,"featured_media":0,"parent":555,"menu_order":0,"comment_status":"closed","ping_status":"closed","template":"","meta":{"ngg_post_thumbnail":0,"footnotes":""},"class_list":["post-2032","page","type-page","status-publish","hentry"],"acf":[],"_links":{"self":[{"href":"https:\/\/www.mbt-concept.rs\/sr\/wp-json\/wp\/v2\/pages\/2032","targetHints":{"allow":["GET"]}}],"collection":[{"href":"https:\/\/www.mbt-concept.rs\/sr\/wp-json\/wp\/v2\/pages"}],"about":[{"href":"https:\/\/www.mbt-concept.rs\/sr\/wp-json\/wp\/v2\/types\/page"}],"author":[{"embeddable":true,"href":"https:\/\/www.mbt-concept.rs\/sr\/wp-json\/wp\/v2\/users\/3"}],"replies":[{"embeddable":true,"href":"https:\/\/www.mbt-concept.rs\/sr\/wp-json\/wp\/v2\/comments?post=2032"}],"version-history":[{"count":0,"href":"https:\/\/www.mbt-concept.rs\/sr\/wp-json\/wp\/v2\/pages\/2032\/revisions"}],"up":[{"embeddable":true,"href":"https:\/\/www.mbt-concept.rs\/sr\/wp-json\/wp\/v2\/pages\/555"}],"wp:attachment":[{"href":"https:\/\/www.mbt-concept.rs\/sr\/wp-json\/wp\/v2\/media?parent=2032"}],"curies":[{"name":"wp","href":"https:\/\/api.w.org\/{rel}","templated":true}]}}