{"id":2036,"date":"2025-02-16T03:36:15","date_gmt":"2025-02-16T02:36:15","guid":{"rendered":"https:\/\/www.mbt-concept.rs\/?page_id=2036"},"modified":"2025-02-16T03:36:15","modified_gmt":"2025-02-16T02:36:15","slug":"hotel-kastelet-tucepi","status":"publish","type":"page","link":"https:\/\/www.mbt-concept.rs\/sr\/projects\/hotel-kastelet-tucepi\/","title":{"rendered":"Hotel Ka\u0161telet, Tu\u010depi"},"content":{"rendered":"<p><\/p>\n<section class=\"mbt-proj__hero\">\n  <picture>\n     <img decoding=\"async\" src=\"https:\/\/www.mbt-concept.rs\/wp-content\/uploads\/2025\/02\/hotel-kastelet-1.jpg\" alt=\"Hotel Ka\u0161telet\">\n  <\/picture>\n<div class=\"container\">\n<div class=\"row\">\n<div class=\"col-xs-12 col-lg-9\">\n<h1>Hotel Ka\u0161telet<\/h1>\n<h4>Tu\u010depi<\/h4>\n<hr><\/div><\/div><\/div>\n<\/section>\n<section class=\"mbt-proj__wrapper\">\n<div class=\"container\">\n<div class=\"row\">\n<div class=\"col-xs-12 col-sm-4 mbt-proj__service__wrapper\">\n<div class=\"mbt-proj__service\">\n<p>\n             <span>Lokacija<\/span><br \/>\n             <span>Tu\u010depi, Hrvatska<\/span>\n           <\/p>\n<p>\n             <span>Investitor<\/span><br \/>\n             <span>Eagle Hills<\/span>\n           <\/p>\n<p>\n             <span>Klijent<\/span><br \/>\n             <span>Trika d.o.o.<\/span>\n           <\/p>\n<p>\n             <span>Usluga<\/span><br \/>\n             <span>Strategija nabavke i ugovaranje<\/span><br \/>\n             <span>Upravljanje ugovorima<\/span>\n           <\/p>\n<\/p><\/div><\/div>\n<div class=\"col-xs-12 col-sm-8\">\n<div class=\"mbt-proj__desc\">\n<p>Heritage Hotel Ka\u0161telet je renovirana barokna vila izgra\u0111ena 1766. godine, sme\u0161tena u Tu\u010depima na Makarskoj rivijeri u Hrvatskoj. Nalazi se neposredno uz more i predstavlja spoj istorijskog \u0161arma i modernog sadr\u017eaja. Hotel Ka\u0161telet je \u010dlan udru\u017eenja Historic Hotels Worldwide, ekskluzivnog udru\u017eenja \u010diji su \u010dlanovi pa\u017eljivo odabrani istorijski hoteli iz 47 zemalja \u0161irom sveta.<\/p>\n<p>Bluesun Hotels &amp; Resorts je brend pod kojim Sunce hoteli upravljaju ve\u0107inom svojih objekata. Sunce je jedna od vode\u0107ih turisti\u010dkih grupacija koja posluje i razvija hotele u Hrvatskoj, upravlja sa 13 hotela na jadranskoj obali, jednim kampom i ima ve\u0107insko vlasni\u0161tvo nad aerodromom na ostrvu Bra\u010d.<\/p>\n<p>Kompanija Sunce Hoteli d.d. renovirala je svojih \u0161est hotela na Makarskoj rivijeri:<\/p>\n<ul>\n<li>HILLIDAY VILLAGE BONACA, Bol, Bra\u010d (48 soba)<\/li>\n<li>HOTEL ELAPHUSA, Bol, Bra\u010d (303 soba)<\/li>\n<li>HOTEL KA\u0160TELET, Tu\u010depi (28 soba)<\/li>\n<li>HOTEL BORAK, Bol, Bra\u010d (137 soba)<\/li>\n<li>HOTEL MAESTRAL, Brela (69 soba)<\/li>\n<li>HOTEL SOLINE, Brela (206 soba)<\/li>\n<\/ul>\n<p>Na projektu renoviranja hotela, MBT concept je bio anga\u017eovan od strane kompanije Trika d.o.o. Zagreb. Trika je bila dobavlja\u010d pokretnog name\u0161taja i opreme (FF&amp;E) u projektu renoviranja \u0161est hotela na Makarskoj rivijeri. MBT tim je upravljao svim ugovorima (vi\u0161e od 50 razli\u010ditih proizvo\u0111a\u010da pokretnog name\u0161taja i opreme), kao i glavnim ugovorom sa investitorom. To je podrazumevalo, izme\u0111u ostalog: pripremu ugovora, upravljanje promenama i zahtevima, vo\u0111enje i koordinaciju celokupne ugovorne korespodencije, savetovanje vezano za proces nabavke i instalacije, kao i podr\u0161ku u izazovima vezanim za transport i logistiku.<\/p>\n\n\n<div class=\"ngg-galleryoverview ngg-slideshow\"\n\t id=\"ngg-slideshow-dbba571fdf5f55ca4ec9dfc3a9f05100-21383374940\"\n     data-gallery-id=\"dbba571fdf5f55ca4ec9dfc3a9f05100\"\n     style=\"max-width: 735px; max-height: 350px;\">\n\n \t<div id=\"ngg-image-0\" class=\"ngg-gallery-slideshow-image\" style=\"height:350px\">\n\n        <a href=\"https:\/\/www.mbt-concept.rs\/wp-content\/gallery\/hotel-kastelet\/Kastelet1.jpg\"\n           title=\"\"\n           data-src=\"https:\/\/www.mbt-concept.rs\/wp-content\/gallery\/hotel-kastelet\/Kastelet1.jpg\"\n           data-thumbnail=\"https:\/\/www.mbt-concept.rs\/wp-content\/gallery\/hotel-kastelet\/thumbs\/thumbs_Kastelet1.jpg\"\n           data-image-id=\"73\"\n           data-title=\"Kastelet1\"\n           data-description=\"\"\n           class=\"ngg-fancybox\" rel=\"dbba571fdf5f55ca4ec9dfc3a9f05100\">\n\n            <img data-image-id='73'\n                 title=\"\"\n                 alt=\"Kastelet1\"\n                 src=\"https:\/\/www.mbt-concept.rs\/wp-content\/gallery\/hotel-kastelet\/Kastelet1.jpg\"\n                 style=\"max-height: 330px;\"\/>\n        <\/a>\n\n        <\/div> \n<div id=\"ngg-image-1\" class=\"ngg-gallery-slideshow-image\" style=\"height:350px\">\n\n        <a href=\"https:\/\/www.mbt-concept.rs\/wp-content\/gallery\/hotel-kastelet\/Kastelet2.jpg\"\n           title=\"\"\n           data-src=\"https:\/\/www.mbt-concept.rs\/wp-content\/gallery\/hotel-kastelet\/Kastelet2.jpg\"\n           data-thumbnail=\"https:\/\/www.mbt-concept.rs\/wp-content\/gallery\/hotel-kastelet\/thumbs\/thumbs_Kastelet2.jpg\"\n           data-image-id=\"76\"\n           data-title=\"Kastelet2\"\n           data-description=\"\"\n           class=\"ngg-fancybox\" rel=\"dbba571fdf5f55ca4ec9dfc3a9f05100\">\n\n            <img data-image-id='76'\n                 title=\"\"\n                 alt=\"Kastelet2\"\n                 src=\"https:\/\/www.mbt-concept.rs\/wp-content\/gallery\/hotel-kastelet\/Kastelet2.jpg\"\n                 style=\"max-height: 330px;\"\/>\n        <\/a>\n\n        <\/div> \n<div id=\"ngg-image-2\" class=\"ngg-gallery-slideshow-image\" style=\"height:350px\">\n\n        <a href=\"https:\/\/www.mbt-concept.rs\/wp-content\/gallery\/hotel-kastelet\/Kastelet3.jpg\"\n           title=\"\"\n           data-src=\"https:\/\/www.mbt-concept.rs\/wp-content\/gallery\/hotel-kastelet\/Kastelet3.jpg\"\n           data-thumbnail=\"https:\/\/www.mbt-concept.rs\/wp-content\/gallery\/hotel-kastelet\/thumbs\/thumbs_Kastelet3.jpg\"\n           data-image-id=\"74\"\n           data-title=\"Kastelet3\"\n           data-description=\"\"\n           class=\"ngg-fancybox\" rel=\"dbba571fdf5f55ca4ec9dfc3a9f05100\">\n\n            <img data-image-id='74'\n                 title=\"\"\n                 alt=\"Kastelet3\"\n                 src=\"https:\/\/www.mbt-concept.rs\/wp-content\/gallery\/hotel-kastelet\/Kastelet3.jpg\"\n                 style=\"max-height: 330px;\"\/>\n        <\/a>\n\n        <\/div> \n<div id=\"ngg-image-3\" class=\"ngg-gallery-slideshow-image\" style=\"height:350px\">\n\n        <a href=\"https:\/\/www.mbt-concept.rs\/wp-content\/gallery\/hotel-kastelet\/Kastelet4.jpg\"\n           title=\"\"\n           data-src=\"https:\/\/www.mbt-concept.rs\/wp-content\/gallery\/hotel-kastelet\/Kastelet4.jpg\"\n           data-thumbnail=\"https:\/\/www.mbt-concept.rs\/wp-content\/gallery\/hotel-kastelet\/thumbs\/thumbs_Kastelet4.jpg\"\n           data-image-id=\"75\"\n           data-title=\"Kastelet4\"\n           data-description=\"\"\n           class=\"ngg-fancybox\" rel=\"dbba571fdf5f55ca4ec9dfc3a9f05100\">\n\n            <img data-image-id='75'\n                 title=\"\"\n                 alt=\"Kastelet4\"\n                 src=\"https:\/\/www.mbt-concept.rs\/wp-content\/gallery\/hotel-kastelet\/Kastelet4.jpg\"\n                 style=\"max-height: 330px;\"\/>\n        <\/a>\n\n        <\/div> \n<\/div>\n\n\n\n\n<\/p><\/div><\/div><\/div><\/div>\n<\/section>\n<p><\/p>","protected":false},"excerpt":{"rendered":"<p>Hotel Ka\u0161telet Tu\u010depi Lokacija Tu\u010depi, Hrvatska Investitor Eagle Hills Klijent Trika d.o.o. Usluga Strategija nabavke i ugovaranje Upravljanje ugovorima Heritage Hotel Ka\u0161telet je renovirana barokna vila izgra\u0111ena 1766. godine, sme\u0161tena u Tu\u010depima na Makarskoj rivijeri u Hrvatskoj. Nalazi se neposredno uz more i predstavlja spoj&hellip;<\/p>\n","protected":false},"author":3,"featured_media":0,"parent":555,"menu_order":0,"comment_status":"closed","ping_status":"closed","template":"","meta":{"ngg_post_thumbnail":0,"footnotes":""},"class_list":["post-2036","page","type-page","status-publish","hentry"],"acf":[],"_links":{"self":[{"href":"https:\/\/www.mbt-concept.rs\/sr\/wp-json\/wp\/v2\/pages\/2036","targetHints":{"allow":["GET"]}}],"collection":[{"href":"https:\/\/www.mbt-concept.rs\/sr\/wp-json\/wp\/v2\/pages"}],"about":[{"href":"https:\/\/www.mbt-concept.rs\/sr\/wp-json\/wp\/v2\/types\/page"}],"author":[{"embeddable":true,"href":"https:\/\/www.mbt-concept.rs\/sr\/wp-json\/wp\/v2\/users\/3"}],"replies":[{"embeddable":true,"href":"https:\/\/www.mbt-concept.rs\/sr\/wp-json\/wp\/v2\/comments?post=2036"}],"version-history":[{"count":0,"href":"https:\/\/www.mbt-concept.rs\/sr\/wp-json\/wp\/v2\/pages\/2036\/revisions"}],"up":[{"embeddable":true,"href":"https:\/\/www.mbt-concept.rs\/sr\/wp-json\/wp\/v2\/pages\/555"}],"wp:attachment":[{"href":"https:\/\/www.mbt-concept.rs\/sr\/wp-json\/wp\/v2\/media?parent=2036"}],"curies":[{"name":"wp","href":"https:\/\/api.w.org\/{rel}","templated":true}]}}