{"id":2043,"date":"2025-02-16T03:49:57","date_gmt":"2025-02-16T02:49:57","guid":{"rendered":"https:\/\/www.mbt-concept.rs\/?page_id=2043"},"modified":"2025-02-16T03:49:57","modified_gmt":"2025-02-16T02:49:57","slug":"bijela-shipyard","status":"publish","type":"page","link":"https:\/\/www.mbt-concept.rs\/sr\/projects\/bijela-shipyard\/","title":{"rendered":"Brodogradili\u0161te Bjela"},"content":{"rendered":"<p><\/p>\n<section class=\"mbt-proj__hero\">\n   <picture>\n      <img decoding=\"async\" src=\"https:\/\/www.mbt-concept.rs\/wp-content\/uploads\/2025\/02\/bjela-shipyard-1.jpg\" alt=\"Brodogradili\u0161te Bijela\">\n   <\/picture>\n<div class=\"container\">\n<div class=\"row\">\n<div class=\"col-xs-12 col-lg-9\">\n<h1>Brodogradili\u0161te Bijela<\/h1>\n<hr><\/div><\/div><\/div>\n<\/section>\n<section class=\"mbt-proj__wrapper\">\n<div class=\"container\">\n<div class=\"row\">\n<div class=\"col-xs-12 col-sm-4 mbt-proj__service__wrapper\">\n<div class=\"mbt-proj__service\">\n<p>\n              <span>Lokacija<\/span><br \/>\n              <span>Bijela, Crna Gora<\/span>\n            <\/p>\n<p>\n              <span>Investitor<\/span><br \/>\n              <span>Adriatic Marinas d.o.o.<\/span>\n            <\/p>\n<p>\n              <span>Klijent<\/span><br \/>\n              <span>Adriatic Marinas d.o.o.<\/span>\n            <\/p>\n<p>\n              <span>Usluga<\/span><br \/>\n              <span>Tehni\u010dka i investiciona analiza stanja objekata i lokacija<\/span>\n            <\/p>\n<\/p><\/div><\/div>\n<div class=\"col-xs-12 col-sm-8\">\n<div class=\"mbt-proj__desc\">\n<p>Brodogradili\u0161te Bijela, osnovano 1927. godine, nalazi se u Bokokotorskom zalivu u Crnoj Gori i predstavlja jednu od najsigurnijih prirodnih luka na svetu. Istorijski gledano, brodogradili\u0161te je bilo najve\u0107i centar za remont brodova na ju\u017enom Jadranu.<\/p>\n<p>Brodogradili\u0161te je pro\u0161lo kroz zna\u010dajnu transformaciju u skorije vreme. Vlada Crne Gore dodelila je tridesetogodi\u0161nju koncesiju kompaniji Adriatic42, konzorcijumu koji \u010dine PM Holdings LLC, Investiciona korporacija Dubaija (ICD) i Drydocks World Dubai. Ova grupa ima za cilj da lokaciju preuredi u vrhunsku bazu za remont i odr\u017eavanje superjahti.<\/p>\n<p>Projekat obnove podrazumeva sveobuhvatno redizajniranje i postavljanje najve\u0107eg plutaju\u0107eg doka na Jadranu, \u010dime po\u010dinje novo poglavlje u istoriji brodogradili\u0161ta. Adriatic42 uz stru\u010dni tim sa bogatim iskustvom u jahting industriji je sada operativan i pru\u017ea kompletne usluge remonta i odr\u017eavanja superjahti.<\/p>\n<p>Kompanija MBT anga\u017eovana je za tehni\u010dku procenu brodogradili\u0161ta Bijela, \u0161to uklju\u010duje vo\u0111enje procesa pripreme zahteva za ponude (RFP), nabavke i ugovaranja svih usluga, kontrolu realizacije i komentarisanje izve\u0161taja. Pored toga, MBT je doprineo izradi Master plana za razvoj novih kapaciteta za odr\u017eavanje i obnovu megajahti.<\/p>\n\n\n<div class=\"ngg-galleryoverview ngg-slideshow\"\n\t id=\"ngg-slideshow-35b00bc348f98701619e6554e395eaa4-3289045820\"\n     data-gallery-id=\"35b00bc348f98701619e6554e395eaa4\"\n     style=\"max-width: 735px; max-height: 350px;\">\n\n \t<div id=\"ngg-image-0\" class=\"ngg-gallery-slideshow-image\" style=\"height:350px\">\n\n        <a href=\"https:\/\/www.mbt-concept.rs\/wp-content\/gallery\/bijela-shipyard\/Bjela1.jpg\"\n           title=\"\"\n           data-src=\"https:\/\/www.mbt-concept.rs\/wp-content\/gallery\/bijela-shipyard\/Bjela1.jpg\"\n           data-thumbnail=\"https:\/\/www.mbt-concept.rs\/wp-content\/gallery\/bijela-shipyard\/thumbs\/thumbs_Bjela1.jpg\"\n           data-image-id=\"58\"\n           data-title=\"Bjela1\"\n           data-description=\"\"\n           class=\"ngg-fancybox\" rel=\"35b00bc348f98701619e6554e395eaa4\">\n\n            <img data-image-id='58'\n                 title=\"\"\n                 alt=\"Bjela1\"\n                 src=\"https:\/\/www.mbt-concept.rs\/wp-content\/gallery\/bijela-shipyard\/Bjela1.jpg\"\n                 style=\"max-height: 330px;\"\/>\n        <\/a>\n\n        <\/div> \n<div id=\"ngg-image-1\" class=\"ngg-gallery-slideshow-image\" style=\"height:350px\">\n\n        <a href=\"https:\/\/www.mbt-concept.rs\/wp-content\/gallery\/bijela-shipyard\/Bjela2.jpg\"\n           title=\"\"\n           data-src=\"https:\/\/www.mbt-concept.rs\/wp-content\/gallery\/bijela-shipyard\/Bjela2.jpg\"\n           data-thumbnail=\"https:\/\/www.mbt-concept.rs\/wp-content\/gallery\/bijela-shipyard\/thumbs\/thumbs_Bjela2.jpg\"\n           data-image-id=\"59\"\n           data-title=\"Bjela2\"\n           data-description=\"\"\n           class=\"ngg-fancybox\" rel=\"35b00bc348f98701619e6554e395eaa4\">\n\n            <img data-image-id='59'\n                 title=\"\"\n                 alt=\"Bjela2\"\n                 src=\"https:\/\/www.mbt-concept.rs\/wp-content\/gallery\/bijela-shipyard\/Bjela2.jpg\"\n                 style=\"max-height: 330px;\"\/>\n        <\/a>\n\n        <\/div> \n<div id=\"ngg-image-2\" class=\"ngg-gallery-slideshow-image\" style=\"height:350px\">\n\n        <a href=\"https:\/\/www.mbt-concept.rs\/wp-content\/gallery\/bijela-shipyard\/Bjela3.jpg\"\n           title=\"\"\n           data-src=\"https:\/\/www.mbt-concept.rs\/wp-content\/gallery\/bijela-shipyard\/Bjela3.jpg\"\n           data-thumbnail=\"https:\/\/www.mbt-concept.rs\/wp-content\/gallery\/bijela-shipyard\/thumbs\/thumbs_Bjela3.jpg\"\n           data-image-id=\"60\"\n           data-title=\"Bjela3\"\n           data-description=\"\"\n           class=\"ngg-fancybox\" rel=\"35b00bc348f98701619e6554e395eaa4\">\n\n            <img data-image-id='60'\n                 title=\"\"\n                 alt=\"Bjela3\"\n                 src=\"https:\/\/www.mbt-concept.rs\/wp-content\/gallery\/bijela-shipyard\/Bjela3.jpg\"\n                 style=\"max-height: 330px;\"\/>\n        <\/a>\n\n        <\/div> \n<\/div>\n\n\n\n\n<\/p><\/div><\/div><\/div><\/div>\n<\/section>\n<p><\/p>","protected":false},"excerpt":{"rendered":"<p>Brodogradili\u0161te Bijela Lokacija Bijela, Crna Gora Investitor Adriatic Marinas d.o.o. Klijent Adriatic Marinas d.o.o. Usluga Tehni\u010dka i investiciona analiza stanja objekata i lokacija Brodogradili\u0161te Bijela, osnovano 1927. godine, nalazi se u Bokokotorskom zalivu u Crnoj Gori i predstavlja jednu od najsigurnijih prirodnih luka na svetu.&hellip;<\/p>\n","protected":false},"author":3,"featured_media":0,"parent":555,"menu_order":0,"comment_status":"closed","ping_status":"closed","template":"","meta":{"ngg_post_thumbnail":0,"footnotes":""},"class_list":["post-2043","page","type-page","status-publish","hentry"],"acf":[],"_links":{"self":[{"href":"https:\/\/www.mbt-concept.rs\/sr\/wp-json\/wp\/v2\/pages\/2043","targetHints":{"allow":["GET"]}}],"collection":[{"href":"https:\/\/www.mbt-concept.rs\/sr\/wp-json\/wp\/v2\/pages"}],"about":[{"href":"https:\/\/www.mbt-concept.rs\/sr\/wp-json\/wp\/v2\/types\/page"}],"author":[{"embeddable":true,"href":"https:\/\/www.mbt-concept.rs\/sr\/wp-json\/wp\/v2\/users\/3"}],"replies":[{"embeddable":true,"href":"https:\/\/www.mbt-concept.rs\/sr\/wp-json\/wp\/v2\/comments?post=2043"}],"version-history":[{"count":0,"href":"https:\/\/www.mbt-concept.rs\/sr\/wp-json\/wp\/v2\/pages\/2043\/revisions"}],"up":[{"embeddable":true,"href":"https:\/\/www.mbt-concept.rs\/sr\/wp-json\/wp\/v2\/pages\/555"}],"wp:attachment":[{"href":"https:\/\/www.mbt-concept.rs\/sr\/wp-json\/wp\/v2\/media?parent=2043"}],"curies":[{"name":"wp","href":"https:\/\/api.w.org\/{rel}","templated":true}]}}