{"id":2048,"date":"2025-02-16T04:07:01","date_gmt":"2025-02-16T03:07:01","guid":{"rendered":"https:\/\/www.mbt-concept.rs\/?page_id=2048"},"modified":"2025-02-16T04:07:01","modified_gmt":"2025-02-16T03:07:01","slug":"hotel-borak-bol-brac","status":"publish","type":"page","link":"https:\/\/www.mbt-concept.rs\/sr\/projects\/hotel-borak-bol-brac\/","title":{"rendered":"Hotel Borak, Bol-Bra\u010d"},"content":{"rendered":"<p><\/p>\n<section class=\"mbt-proj__hero\">\n   <picture>\n      <img decoding=\"async\" src=\"https:\/\/www.mbt-concept.rs\/wp-content\/uploads\/2025\/02\/hotel-borak-1.jpg\" alt=\"Hotel Borak\">\n   <\/picture>\n<div class=\"container\">\n<div class=\"row\">\n<div class=\"col-xs-12 col-lg-9\">\n<h1>Hotel Borak<\/h1>\n<h4>Bol-Bra\u010d<\/h4>\n<hr><\/div><\/div><\/div>\n<\/section>\n<section class=\"mbt-proj__wrapper\">\n<div class=\"container\">\n<div class=\"row\">\n<div class=\"col-xs-12 col-sm-4 mbt-proj__service__wrapper\">\n<div class=\"mbt-proj__service\">\n<p>\n              <span>Lokacija<\/span><br \/>\n              <span>Bol Bra\u010d, Hrvatska<\/span>\n            <\/p>\n<p>\n              <span>Investitor<\/span><br \/>\n              <span>Eagle Hills<\/span>\n            <\/p>\n<p>\n              <span>Klijent<\/span><br \/>\n              <span>Trika d.o.o.<\/span>\n            <\/p>\n<p>\n              <span>Usluga<\/span><br \/>\n              <span>Strategija nabavke i ugovaranje<\/span><br \/>\n              <span>Upravljanje ugovorima<\/span>\n            <\/p>\n<\/p><\/div><\/div>\n<div class=\"col-xs-12 col-sm-8\">\n<div class=\"mbt-proj__desc\">\n<p>Bluesun Hotel Borak je hotel sa 4 zvezdice koji se nalazi se u Bolu, na ostrvu Bra\u010d u Hrvatskoj. Hotel je okru\u017een bujnom borovom \u0161umom, ima 137 soba i nalazi se 50 metara od \u0161ljunkovite pla\u017ee.<\/p>\n<p>Hotel Borak je renoviran 2022 godine. Dodatno, hotel je najavio da \u0107e, zahvaljuju\u0107i unapre\u0111enjima koja su ura\u0111ena, zvani\u010dno dobiti \u010detvrtu zvezdicu tokom 2025. godine.<\/p>\n<p>Na projektu renoviranja hotela, MBT concept je bio anga\u017eovan od strane kompanije Trika d.o.o. Zagreb. Trika je bila dobavlja\u010d pokretnog name\u0161taja i opreme (FF&amp;E) u projektu renoviranja \u0161est hotela na Makarskoj rivijeri. MBT tim je upravljao svim ugovorima (vi\u0161e od 50 razli\u010ditih proizvo\u0111a\u010da pokretnog name\u0161taja i opreme), kao i glavnim ugovorom sa investitorom. To je podrazumevalo, izme\u0111u ostalog: pripremu ugovora, upravljanje promenama i zahtevima, vo\u0111enje i koordinaciju celokupne ugovorne korespodencije, savetovanje vezano za proces nabavke i instalacije, kao i podr\u0161ku u izazovima vezanim za transport i logistiku.<\/p>\n<p>Bluesun Hotels &amp; Resorts je brend pod kojim Sunce hoteli upravljaju ve\u0107inom svojih objekata. Sunce je jedna od vode\u0107ih turisti\u010dkih grupacija koja posluje i razvija hotele u Hrvatskoj, upravlja sa 13 hotela na jadranskoj obali, jednim kampom i ima ve\u0107insko vlasni\u0161tvo nad aerodromom na ostrvu Bra\u010d. <\/p>\n\n\n<div class=\"ngg-galleryoverview ngg-slideshow\"\n\t id=\"ngg-slideshow-f1883d154710195a7c48424b02cc135c-12369380510\"\n     data-gallery-id=\"f1883d154710195a7c48424b02cc135c\"\n     style=\"max-width: 735px; max-height: 350px;\">\n\n \t<div id=\"ngg-image-0\" class=\"ngg-gallery-slideshow-image\" style=\"height:350px\">\n\n        <a href=\"https:\/\/www.mbt-concept.rs\/wp-content\/gallery\/hotel-borak\/Borak1.jpg\"\n           title=\"\"\n           data-src=\"https:\/\/www.mbt-concept.rs\/wp-content\/gallery\/hotel-borak\/Borak1.jpg\"\n           data-thumbnail=\"https:\/\/www.mbt-concept.rs\/wp-content\/gallery\/hotel-borak\/thumbs\/thumbs_Borak1.jpg\"\n           data-image-id=\"70\"\n           data-title=\"Borak1\"\n           data-description=\"\"\n           class=\"ngg-fancybox\" rel=\"f1883d154710195a7c48424b02cc135c\">\n\n            <img data-image-id='70'\n                 title=\"\"\n                 alt=\"Borak1\"\n                 src=\"https:\/\/www.mbt-concept.rs\/wp-content\/gallery\/hotel-borak\/Borak1.jpg\"\n                 style=\"max-height: 330px;\"\/>\n        <\/a>\n\n        <\/div> \n<div id=\"ngg-image-1\" class=\"ngg-gallery-slideshow-image\" style=\"height:350px\">\n\n        <a href=\"https:\/\/www.mbt-concept.rs\/wp-content\/gallery\/hotel-borak\/Borak2.jpg\"\n           title=\"\"\n           data-src=\"https:\/\/www.mbt-concept.rs\/wp-content\/gallery\/hotel-borak\/Borak2.jpg\"\n           data-thumbnail=\"https:\/\/www.mbt-concept.rs\/wp-content\/gallery\/hotel-borak\/thumbs\/thumbs_Borak2.jpg\"\n           data-image-id=\"67\"\n           data-title=\"Borak2\"\n           data-description=\"\"\n           class=\"ngg-fancybox\" rel=\"f1883d154710195a7c48424b02cc135c\">\n\n            <img data-image-id='67'\n                 title=\"\"\n                 alt=\"Borak2\"\n                 src=\"https:\/\/www.mbt-concept.rs\/wp-content\/gallery\/hotel-borak\/Borak2.jpg\"\n                 style=\"max-height: 330px;\"\/>\n        <\/a>\n\n        <\/div> \n<div id=\"ngg-image-2\" class=\"ngg-gallery-slideshow-image\" style=\"height:350px\">\n\n        <a href=\"https:\/\/www.mbt-concept.rs\/wp-content\/gallery\/hotel-borak\/Borak3.jpg\"\n           title=\"\"\n           data-src=\"https:\/\/www.mbt-concept.rs\/wp-content\/gallery\/hotel-borak\/Borak3.jpg\"\n           data-thumbnail=\"https:\/\/www.mbt-concept.rs\/wp-content\/gallery\/hotel-borak\/thumbs\/thumbs_Borak3.jpg\"\n           data-image-id=\"66\"\n           data-title=\"Borak3\"\n           data-description=\"\"\n           class=\"ngg-fancybox\" rel=\"f1883d154710195a7c48424b02cc135c\">\n\n            <img data-image-id='66'\n                 title=\"\"\n                 alt=\"Borak3\"\n                 src=\"https:\/\/www.mbt-concept.rs\/wp-content\/gallery\/hotel-borak\/Borak3.jpg\"\n                 style=\"max-height: 330px;\"\/>\n        <\/a>\n\n        <\/div> \n<div id=\"ngg-image-3\" class=\"ngg-gallery-slideshow-image\" style=\"height:350px\">\n\n        <a href=\"https:\/\/www.mbt-concept.rs\/wp-content\/gallery\/hotel-borak\/Borak4.jpg\"\n           title=\"\"\n           data-src=\"https:\/\/www.mbt-concept.rs\/wp-content\/gallery\/hotel-borak\/Borak4.jpg\"\n           data-thumbnail=\"https:\/\/www.mbt-concept.rs\/wp-content\/gallery\/hotel-borak\/thumbs\/thumbs_Borak4.jpg\"\n           data-image-id=\"68\"\n           data-title=\"Borak4\"\n           data-description=\"\"\n           class=\"ngg-fancybox\" rel=\"f1883d154710195a7c48424b02cc135c\">\n\n            <img data-image-id='68'\n                 title=\"\"\n                 alt=\"Borak4\"\n                 src=\"https:\/\/www.mbt-concept.rs\/wp-content\/gallery\/hotel-borak\/Borak4.jpg\"\n                 style=\"max-height: 330px;\"\/>\n        <\/a>\n\n        <\/div> \n<div id=\"ngg-image-4\" class=\"ngg-gallery-slideshow-image\" style=\"height:350px\">\n\n        <a href=\"https:\/\/www.mbt-concept.rs\/wp-content\/gallery\/hotel-borak\/Borak5.jpg\"\n           title=\"\"\n           data-src=\"https:\/\/www.mbt-concept.rs\/wp-content\/gallery\/hotel-borak\/Borak5.jpg\"\n           data-thumbnail=\"https:\/\/www.mbt-concept.rs\/wp-content\/gallery\/hotel-borak\/thumbs\/thumbs_Borak5.jpg\"\n           data-image-id=\"69\"\n           data-title=\"Borak5\"\n           data-description=\"\"\n           class=\"ngg-fancybox\" rel=\"f1883d154710195a7c48424b02cc135c\">\n\n            <img data-image-id='69'\n                 title=\"\"\n                 alt=\"Borak5\"\n                 src=\"https:\/\/www.mbt-concept.rs\/wp-content\/gallery\/hotel-borak\/Borak5.jpg\"\n                 style=\"max-height: 330px;\"\/>\n        <\/a>\n\n        <\/div> \n<\/div>\n\n\n\n\n<\/p><\/div><\/div><\/div><\/div>\n<\/section>\n<p><\/p>","protected":false},"excerpt":{"rendered":"<p>Hotel Borak Bol-Bra\u010d Lokacija Bol Bra\u010d, Hrvatska Investitor Eagle Hills Klijent Trika d.o.o. Usluga Strategija nabavke i ugovaranje Upravljanje ugovorima Bluesun Hotel Borak je hotel sa 4 zvezdice koji se nalazi se u Bolu, na ostrvu Bra\u010d u Hrvatskoj. Hotel je okru\u017een bujnom borovom \u0161umom,&hellip;<\/p>\n","protected":false},"author":3,"featured_media":0,"parent":555,"menu_order":0,"comment_status":"closed","ping_status":"closed","template":"","meta":{"ngg_post_thumbnail":0,"footnotes":""},"class_list":["post-2048","page","type-page","status-publish","hentry"],"acf":[],"_links":{"self":[{"href":"https:\/\/www.mbt-concept.rs\/sr\/wp-json\/wp\/v2\/pages\/2048","targetHints":{"allow":["GET"]}}],"collection":[{"href":"https:\/\/www.mbt-concept.rs\/sr\/wp-json\/wp\/v2\/pages"}],"about":[{"href":"https:\/\/www.mbt-concept.rs\/sr\/wp-json\/wp\/v2\/types\/page"}],"author":[{"embeddable":true,"href":"https:\/\/www.mbt-concept.rs\/sr\/wp-json\/wp\/v2\/users\/3"}],"replies":[{"embeddable":true,"href":"https:\/\/www.mbt-concept.rs\/sr\/wp-json\/wp\/v2\/comments?post=2048"}],"version-history":[{"count":0,"href":"https:\/\/www.mbt-concept.rs\/sr\/wp-json\/wp\/v2\/pages\/2048\/revisions"}],"up":[{"embeddable":true,"href":"https:\/\/www.mbt-concept.rs\/sr\/wp-json\/wp\/v2\/pages\/555"}],"wp:attachment":[{"href":"https:\/\/www.mbt-concept.rs\/sr\/wp-json\/wp\/v2\/media?parent=2048"}],"curies":[{"name":"wp","href":"https:\/\/api.w.org\/{rel}","templated":true}]}}