{"id":2054,"date":"2025-02-17T12:41:48","date_gmt":"2025-02-17T11:41:48","guid":{"rendered":"https:\/\/www.mbt-concept.rs\/?page_id=2054"},"modified":"2025-02-17T12:51:19","modified_gmt":"2025-02-17T11:51:19","slug":"belgrade-waterfront-plot-29a-1-4-star-hotel","status":"publish","type":"page","link":"https:\/\/www.mbt-concept.rs\/sr\/projects\/belgrade-waterfront-plot-29a-1-4-star-hotel\/","title":{"rendered":"Beograd na vodi, Plot 29a-1 &#8211; 4* Hotel"},"content":{"rendered":"<p><\/p>\n<section class=\"mbt-proj__hero\">\n   <picture>\n      <img decoding=\"async\" src=\"https:\/\/www.mbt-concept.rs\/wp-content\/uploads\/2025\/04\/bw-plot29a-1-hotel-1.jpg\" alt=\"Beograd na vodi\">\n   <\/picture>\n<div class=\"container\">\n<div class=\"row\">\n<div class=\"col-xs-12 col-lg-9\">\n<h1>Beograd na vodi, Plot 29a-1<\/h1>\n<h4>4* Hotel<\/h4>\n<hr><\/div><\/div><\/div>\n<\/section>\n<section class=\"mbt-proj__wrapper\">\n<div class=\"container\">\n<div class=\"row\">\n<div class=\"col-xs-12 col-sm-4 mbt-proj__service__wrapper\">\n<div class=\"mbt-proj__service\">\n<p>\n              <span>Lokacija<\/span><br \/>\n              <span>Beograd, Srbija<\/span>\n            <\/p>\n<p>\n              <span>Investitor<\/span><br \/>\n              <span>Beograd na vodi d.o.o.<\/span>\n            <\/p>\n<p>\n              <span>Klijent<\/span><br \/>\n              <span>Beograd na vodi d.o.o.<\/span>\n            <\/p>\n<p>\n              <span>Veli\u010dina projekta<\/span><br \/>\n              <span>18.000 m&sup2;<\/span>\n            <\/p>\n<p>\n              <span>Usluga<\/span><br \/>\n              <span>Tehni\u010dka kontrola projekta<\/span><br \/>\n              <span>Nezavisna kontrola projekta<\/span><br \/>\n              <span>Vrednosno in\u017einjerstvo<\/span>\n            <\/p>\n<\/p><\/div><\/div>\n<div class=\"col-xs-12 col-sm-8\">\n<div class=\"mbt-proj__desc\">\n<p>Beograd na vodi je monumentalni projekat urbane revitalizacije vredan 3 milijarde dolara. Pozicioniran du\u017e obale reke Save, svojom savremenom arhitekturom, luksuznim stambenim zgradama, i prvoklasnim sadr\u017eajem transformi\u0161e panoramu grada. Projektovan je tako da kombinuje luksuzni stil \u017eivota sa dinami\u010dnim javnim prostorima uklju\u010duju\u0107i re\u010dnu promenadu i raznovrsnu ponudu maloprodajnih i ugostiteljskih objekata. <\/p>\n<p>Investitori Beograda na vodi su Eagle Hills i Republika Srbija. Eagle Hills je privatna gra\u0111evinska i investiciona kompanija sa sedi\u0161tem u Abu Dabiju, specijalizovana za kreiranje novih gradskih jezgara i vrhunskih destinacija na tr\u017ei\u0161tima u razvoju. Pored Srbije, razvijaju prepoznatljive projekte u Bahreinu, Jordanu, Maroku, Etiopiji, Omanu i Ujedinjenim Arapskim Emiratima.<\/p>\n<p>Na projektu plota 29a-1 &mdash; 4* Hotel, MBT tim je odgovoran za tehni\u010dku kontrolu projekta, nezavisnu kontrolu projekta i vrednosno in\u017eenjerstvo.<\/p>\n<\/p><\/div><\/div><\/div><\/div>\n<\/section>\n<p><\/p>","protected":false},"excerpt":{"rendered":"<p>Beograd na vodi, Plot 29a-1 4* Hotel Lokacija Beograd, Srbija Investitor Beograd na vodi d.o.o. Klijent Beograd na vodi d.o.o. Veli\u010dina projekta 18.000 m&sup2; Usluga Tehni\u010dka kontrola projekta Nezavisna kontrola projekta Vrednosno in\u017einjerstvo Beograd na vodi je monumentalni projekat urbane revitalizacije vredan 3 milijarde dolara.&hellip;<\/p>\n","protected":false},"author":3,"featured_media":0,"parent":555,"menu_order":0,"comment_status":"closed","ping_status":"closed","template":"","meta":{"ngg_post_thumbnail":0,"footnotes":""},"class_list":["post-2054","page","type-page","status-publish","hentry"],"acf":[],"_links":{"self":[{"href":"https:\/\/www.mbt-concept.rs\/sr\/wp-json\/wp\/v2\/pages\/2054","targetHints":{"allow":["GET"]}}],"collection":[{"href":"https:\/\/www.mbt-concept.rs\/sr\/wp-json\/wp\/v2\/pages"}],"about":[{"href":"https:\/\/www.mbt-concept.rs\/sr\/wp-json\/wp\/v2\/types\/page"}],"author":[{"embeddable":true,"href":"https:\/\/www.mbt-concept.rs\/sr\/wp-json\/wp\/v2\/users\/3"}],"replies":[{"embeddable":true,"href":"https:\/\/www.mbt-concept.rs\/sr\/wp-json\/wp\/v2\/comments?post=2054"}],"version-history":[{"count":0,"href":"https:\/\/www.mbt-concept.rs\/sr\/wp-json\/wp\/v2\/pages\/2054\/revisions"}],"up":[{"embeddable":true,"href":"https:\/\/www.mbt-concept.rs\/sr\/wp-json\/wp\/v2\/pages\/555"}],"wp:attachment":[{"href":"https:\/\/www.mbt-concept.rs\/sr\/wp-json\/wp\/v2\/media?parent=2054"}],"curies":[{"name":"wp","href":"https:\/\/api.w.org\/{rel}","templated":true}]}}