{"id":2058,"date":"2025-02-17T13:01:28","date_gmt":"2025-02-17T12:01:28","guid":{"rendered":"https:\/\/www.mbt-concept.rs\/?page_id=2058"},"modified":"2025-02-17T13:01:28","modified_gmt":"2025-02-17T12:01:28","slug":"hotel-crown-plaza-podgorica","status":"publish","type":"page","link":"https:\/\/www.mbt-concept.rs\/sr\/projects\/hotel-crown-plaza-podgorica\/","title":{"rendered":"Hotel Crown Plaza, Podgorica"},"content":{"rendered":"<p><\/p>\n<section class=\"mbt-proj__hero\">\n   <picture>\n      <img decoding=\"async\" src=\"https:\/\/www.mbt-concept.rs\/wp-content\/uploads\/2025\/04\/crown-plaza-1.jpg\" alt=\"Hotel Crown Plaza\">\n   <\/picture>\n<div class=\"container\">\n<div class=\"row\">\n<div class=\"col-xs-12 col-lg-9\">\n<h1>Hotel Crown Plaza<\/h1>\n<h4>Podgorica<\/h4>\n<hr><\/div><\/div><\/div>\n<\/section>\n<section class=\"mbt-proj__wrapper\">\n<div class=\"container\">\n<div class=\"row\">\n<div class=\"col-xs-12 col-sm-4 mbt-proj__service__wrapper\">\n<div class=\"mbt-proj__service\">\n<p>\n              <span>Lokacija<\/span><br \/>\n              <span>Podgorica, Montenegro<\/span>\n            <\/p>\n<p>\n              <span>Investitor<\/span><br \/>\n              <span>BIG CEE<\/span>\n            <\/p>\n<p>\n              <span>Klijent<\/span><br \/>\n              <span>BIG CEE<\/span>\n            <\/p>\n<p>\n              <span>Veli\u010dina projekta<\/span><br \/>\n              <span>10.000 m&sup2;<\/span>\n            <\/p>\n<p>\n              <span>Usluga<\/span><br \/>\n              <span>Savetovanje, pronala\u017eenje i nabavka pokretnog name\u0161taja i opreme<\/span><br \/>\n              <span>Zavr\u0161ni radovi (kre\u010denje, lepljenje tapeta, postavljanje tepiha, stolarski radovi)<\/span>\n            <\/p>\n<\/p><\/div><\/div>\n<div class=\"col-xs-12 col-sm-8\">\n<div class=\"mbt-proj__desc\">\n<p>InterContinental Hotels Group (IHG) &#8211; 4* Hotel<\/p>\n<\/p><\/div><\/div><\/div><\/div>\n<\/section>\n<p><\/p>","protected":false},"excerpt":{"rendered":"<p>Hotel Crown Plaza Podgorica Lokacija Podgorica, Montenegro Investitor BIG CEE Klijent BIG CEE Veli\u010dina projekta 10.000 m&sup2; Usluga Savetovanje, pronala\u017eenje i nabavka pokretnog name\u0161taja i opreme Zavr\u0161ni radovi (kre\u010denje, lepljenje tapeta, postavljanje tepiha, stolarski radovi) InterContinental Hotels Group (IHG) &#8211; 4* Hotel<\/p>\n","protected":false},"author":3,"featured_media":0,"parent":555,"menu_order":0,"comment_status":"closed","ping_status":"closed","template":"","meta":{"ngg_post_thumbnail":0,"footnotes":""},"class_list":["post-2058","page","type-page","status-publish","hentry"],"acf":[],"_links":{"self":[{"href":"https:\/\/www.mbt-concept.rs\/sr\/wp-json\/wp\/v2\/pages\/2058","targetHints":{"allow":["GET"]}}],"collection":[{"href":"https:\/\/www.mbt-concept.rs\/sr\/wp-json\/wp\/v2\/pages"}],"about":[{"href":"https:\/\/www.mbt-concept.rs\/sr\/wp-json\/wp\/v2\/types\/page"}],"author":[{"embeddable":true,"href":"https:\/\/www.mbt-concept.rs\/sr\/wp-json\/wp\/v2\/users\/3"}],"replies":[{"embeddable":true,"href":"https:\/\/www.mbt-concept.rs\/sr\/wp-json\/wp\/v2\/comments?post=2058"}],"version-history":[{"count":0,"href":"https:\/\/www.mbt-concept.rs\/sr\/wp-json\/wp\/v2\/pages\/2058\/revisions"}],"up":[{"embeddable":true,"href":"https:\/\/www.mbt-concept.rs\/sr\/wp-json\/wp\/v2\/pages\/555"}],"wp:attachment":[{"href":"https:\/\/www.mbt-concept.rs\/sr\/wp-json\/wp\/v2\/media?parent=2058"}],"curies":[{"name":"wp","href":"https:\/\/api.w.org\/{rel}","templated":true}]}}