{"id":2060,"date":"2025-02-17T13:05:11","date_gmt":"2025-02-17T12:05:11","guid":{"rendered":"https:\/\/www.mbt-concept.rs\/?page_id=2060"},"modified":"2025-02-17T13:05:11","modified_gmt":"2025-02-17T12:05:11","slug":"belgrade-waterfront-plot-10-residential-buildings","status":"publish","type":"page","link":"https:\/\/www.mbt-concept.rs\/sr\/projects\/belgrade-waterfront-plot-10-residential-buildings\/","title":{"rendered":"Beograd na vodi, Plot 10 &#8211; BW Alegra, BW Maestra, BW Diva &#8211; Stambeni kompleks"},"content":{"rendered":"<p><\/p>\n<section class=\"mbt-proj__hero\">\n   <picture>\n      <img decoding=\"async\" src=\"https:\/\/www.mbt-concept.rs\/wp-content\/uploads\/2025\/04\/bw-plot10-1.jpg\" alt=\"Beograd na vodi\">\n   <\/picture>\n<div class=\"container\">\n<div class=\"row\">\n<div class=\"col-xs-12 col-lg-9\">\n<h1>Beograd na vodi, Plot 10<\/h1>\n<h4>BW Alegra, BW Maestra, BW Diva &#8211; Stambeni kompleks<\/h4>\n<hr><\/div><\/div><\/div>\n<\/section>\n<section class=\"mbt-proj__wrapper\">\n<div class=\"container\">\n<div class=\"row\">\n<div class=\"col-xs-12 col-sm-4 mbt-proj__service__wrapper\">\n<div class=\"mbt-proj__service\">\n<p>\n              <span>Lokacija<\/span><br \/>\n              <span>Beograd, Srbija<\/span>\n            <\/p>\n<p>\n              <span>Investitor<\/span><br \/>\n              <span>Beograd na vodi d.o.o.<\/span>\n            <\/p>\n<p>\n              <span>Klijent<\/span><br \/>\n              <span>Beograd na vodi d.o.o.<\/span>\n            <\/p>\n<p>\n              <span>Veli\u010dina projekta<\/span><br \/>\n              <span>107.000 m&sup2;<\/span>\n            <\/p>\n<p>\n              <span>Usluga<\/span><br \/>\n              <span>Tehni\u010dka kontrola projekta<\/span><br \/>\n              <span>Nezavisna kontrola projekta<\/span><br \/>\n              <span>Vrednosno in\u017einjerstvo<\/span>\n            <\/p>\n<\/p><\/div><\/div>\n<div class=\"col-xs-12 col-sm-8\">\n<div class=\"mbt-proj__desc\">\n<p>Beograd na vodi je monumentalni projekat urbane revitalizacije vredan 3 milijarde dolara. Pozicioniran du\u017e obale reke Save, svojom savremenom arhitekturom, luksuznim stambenim zgradama, i prvoklasnim sadr\u017eajem transformi\u0161e panoramu grada. Projektovan je tako da kombinuje luksuzni stil \u017eivota sa dinami\u010dnim javnim prostorima uklju\u010duju\u0107i re\u010dnu promenadu i raznovrsnu ponudu maloprodajnih i ugostiteljskih objekata.<\/p>\n<p>Investitori Beograda na vodi su Eagle Hills i Republika Srbija. Eagle Hills je privatna gra\u0111evinska i investiciona kompanija sa sedi\u0161tem u Abu Dabiju, specijalizovana za kreiranje novih gradskih jezgara i vrhunskih destinacija na tr\u017ei\u0161tima u razvoju. Pored Srbije, razvijaju prepoznatljive projekte u Bahreinu, Jordanu, Maroku, Etiopiji, Omanu i Ujedinjenim Arapskim Emiratima.<\/p>\n<p>Beograd na vodi, plot 10 je stambeni kompleks koji se prostire na povr\u0161ini od oko 107.000 sq.m. Ovaj kompleks koji se nalazi du\u017e Kara\u0111or\u0111eve ulice specifi\u010dan je po trodelnim fasadama podse\u0107aju na tradicionalnu arhitekturu predratnog Beograda, koja je ujedno i za\u0161titni znak glavnog grada. Kompleks se sastoji od 5 zgrada.<\/p>\n<p>Zgrada BW Alegra raspola\u017ee sa 99 stanova razli\u010ditih tipova (od garsonjera do dupleks penthausa sa \u010detiri spava\u0107e sobe). U prizemlju se nalazi raznovrsni sadr\u017eaji koji uklju\u010duje prodavnice, kafi\u0107e i restorane. Gara\u017ea se prostire na dva podzemna nivoa sa ukupno 125 parking mesta. BW Maestra  ima 138 stanova, dok se podzemna gara\u017ea sa 179 parking mesta pru\u017ea na dva nivoa. Zgrada BW Diva raspola\u017ee sa 148 stanova razli\u010dite veli\u010dine i poseduje gara\u017eu na dva podzemna nivoa sa ukupno 206 parking mesta.<\/p>\n<p>Na projektu plota 10, stambeni kompleks, MBT tim je odgovoran za tehni\u010dku kontrolu projekta, nezavisnu kontrolu projekta i vrednosno in\u017eenjerstvo.<\/p>\n\n\n<div class=\"ngg-galleryoverview ngg-slideshow\"\n\t id=\"ngg-slideshow-fcf4126eede3a1427fd5f6dd91f58ee2-3299351440\"\n     data-gallery-id=\"fcf4126eede3a1427fd5f6dd91f58ee2\"\n     style=\"max-width: 735px; max-height: 350px;\">\n\n \t<div id=\"ngg-image-0\" class=\"ngg-gallery-slideshow-image\" style=\"height:350px\">\n\n        <a href=\"https:\/\/www.mbt-concept.rs\/wp-content\/gallery\/bw-plot-10\/BW-Diva-3.jpg\"\n           title=\"\"\n           data-src=\"https:\/\/www.mbt-concept.rs\/wp-content\/gallery\/bw-plot-10\/BW-Diva-3.jpg\"\n           data-thumbnail=\"https:\/\/www.mbt-concept.rs\/wp-content\/gallery\/bw-plot-10\/thumbs\/thumbs_BW-Diva-3.jpg\"\n           data-image-id=\"115\"\n           data-title=\"BW-Diva-3\"\n           data-description=\"\"\n           class=\"ngg-fancybox\" rel=\"fcf4126eede3a1427fd5f6dd91f58ee2\">\n\n            <img data-image-id='115'\n                 title=\"\"\n                 alt=\"BW-Diva-3\"\n                 src=\"https:\/\/www.mbt-concept.rs\/wp-content\/gallery\/bw-plot-10\/BW-Diva-3.jpg\"\n                 style=\"max-height: 330px;\"\/>\n        <\/a>\n\n        <\/div> \n<div id=\"ngg-image-1\" class=\"ngg-gallery-slideshow-image\" style=\"height:350px\">\n\n        <a href=\"https:\/\/www.mbt-concept.rs\/wp-content\/gallery\/bw-plot-10\/BW-Diva-2.jpg\"\n           title=\"\"\n           data-src=\"https:\/\/www.mbt-concept.rs\/wp-content\/gallery\/bw-plot-10\/BW-Diva-2.jpg\"\n           data-thumbnail=\"https:\/\/www.mbt-concept.rs\/wp-content\/gallery\/bw-plot-10\/thumbs\/thumbs_BW-Diva-2.jpg\"\n           data-image-id=\"116\"\n           data-title=\"BW-Diva-2\"\n           data-description=\"\"\n           class=\"ngg-fancybox\" rel=\"fcf4126eede3a1427fd5f6dd91f58ee2\">\n\n            <img data-image-id='116'\n                 title=\"\"\n                 alt=\"BW-Diva-2\"\n                 src=\"https:\/\/www.mbt-concept.rs\/wp-content\/gallery\/bw-plot-10\/BW-Diva-2.jpg\"\n                 style=\"max-height: 330px;\"\/>\n        <\/a>\n\n        <\/div> \n<div id=\"ngg-image-2\" class=\"ngg-gallery-slideshow-image\" style=\"height:350px\">\n\n        <a href=\"https:\/\/www.mbt-concept.rs\/wp-content\/gallery\/bw-plot-10\/BW-Alegra-1.jpg\"\n           title=\"\"\n           data-src=\"https:\/\/www.mbt-concept.rs\/wp-content\/gallery\/bw-plot-10\/BW-Alegra-1.jpg\"\n           data-thumbnail=\"https:\/\/www.mbt-concept.rs\/wp-content\/gallery\/bw-plot-10\/thumbs\/thumbs_BW-Alegra-1.jpg\"\n           data-image-id=\"117\"\n           data-title=\"BW-Alegra-1\"\n           data-description=\"\"\n           class=\"ngg-fancybox\" rel=\"fcf4126eede3a1427fd5f6dd91f58ee2\">\n\n            <img data-image-id='117'\n                 title=\"\"\n                 alt=\"BW-Alegra-1\"\n                 src=\"https:\/\/www.mbt-concept.rs\/wp-content\/gallery\/bw-plot-10\/BW-Alegra-1.jpg\"\n                 style=\"max-height: 330px;\"\/>\n        <\/a>\n\n        <\/div> \n<div id=\"ngg-image-3\" class=\"ngg-gallery-slideshow-image\" style=\"height:350px\">\n\n        <a href=\"https:\/\/www.mbt-concept.rs\/wp-content\/gallery\/bw-plot-10\/BW-Alegra-4.jpg\"\n           title=\"\"\n           data-src=\"https:\/\/www.mbt-concept.rs\/wp-content\/gallery\/bw-plot-10\/BW-Alegra-4.jpg\"\n           data-thumbnail=\"https:\/\/www.mbt-concept.rs\/wp-content\/gallery\/bw-plot-10\/thumbs\/thumbs_BW-Alegra-4.jpg\"\n           data-image-id=\"118\"\n           data-title=\"BW-Alegra-4\"\n           data-description=\"\"\n           class=\"ngg-fancybox\" rel=\"fcf4126eede3a1427fd5f6dd91f58ee2\">\n\n            <img data-image-id='118'\n                 title=\"\"\n                 alt=\"BW-Alegra-4\"\n                 src=\"https:\/\/www.mbt-concept.rs\/wp-content\/gallery\/bw-plot-10\/BW-Alegra-4.jpg\"\n                 style=\"max-height: 330px;\"\/>\n        <\/a>\n\n        <\/div> \n<div id=\"ngg-image-4\" class=\"ngg-gallery-slideshow-image\" style=\"height:350px\">\n\n        <a href=\"https:\/\/www.mbt-concept.rs\/wp-content\/gallery\/bw-plot-10\/BW-Maestra-1.jpg\"\n           title=\"\"\n           data-src=\"https:\/\/www.mbt-concept.rs\/wp-content\/gallery\/bw-plot-10\/BW-Maestra-1.jpg\"\n           data-thumbnail=\"https:\/\/www.mbt-concept.rs\/wp-content\/gallery\/bw-plot-10\/thumbs\/thumbs_BW-Maestra-1.jpg\"\n           data-image-id=\"119\"\n           data-title=\"BW-Maestra-1\"\n           data-description=\"\"\n           class=\"ngg-fancybox\" rel=\"fcf4126eede3a1427fd5f6dd91f58ee2\">\n\n            <img data-image-id='119'\n                 title=\"\"\n                 alt=\"BW-Maestra-1\"\n                 src=\"https:\/\/www.mbt-concept.rs\/wp-content\/gallery\/bw-plot-10\/BW-Maestra-1.jpg\"\n                 style=\"max-height: 330px;\"\/>\n        <\/a>\n\n        <\/div> \n<div id=\"ngg-image-5\" class=\"ngg-gallery-slideshow-image\" style=\"height:350px\">\n\n        <a href=\"https:\/\/www.mbt-concept.rs\/wp-content\/gallery\/bw-plot-10\/BW-Diva-1.jpg\"\n           title=\"\"\n           data-src=\"https:\/\/www.mbt-concept.rs\/wp-content\/gallery\/bw-plot-10\/BW-Diva-1.jpg\"\n           data-thumbnail=\"https:\/\/www.mbt-concept.rs\/wp-content\/gallery\/bw-plot-10\/thumbs\/thumbs_BW-Diva-1.jpg\"\n           data-image-id=\"120\"\n           data-title=\"BW-Diva-1\"\n           data-description=\"\"\n           class=\"ngg-fancybox\" rel=\"fcf4126eede3a1427fd5f6dd91f58ee2\">\n\n            <img data-image-id='120'\n                 title=\"\"\n                 alt=\"BW-Diva-1\"\n                 src=\"https:\/\/www.mbt-concept.rs\/wp-content\/gallery\/bw-plot-10\/BW-Diva-1.jpg\"\n                 style=\"max-height: 330px;\"\/>\n        <\/a>\n\n        <\/div> \n<div id=\"ngg-image-6\" class=\"ngg-gallery-slideshow-image\" style=\"height:350px\">\n\n        <a href=\"https:\/\/www.mbt-concept.rs\/wp-content\/gallery\/bw-plot-10\/BW-Maestra-5.jpg\"\n           title=\"\"\n           data-src=\"https:\/\/www.mbt-concept.rs\/wp-content\/gallery\/bw-plot-10\/BW-Maestra-5.jpg\"\n           data-thumbnail=\"https:\/\/www.mbt-concept.rs\/wp-content\/gallery\/bw-plot-10\/thumbs\/thumbs_BW-Maestra-5.jpg\"\n           data-image-id=\"121\"\n           data-title=\"BW-Maestra-5\"\n           data-description=\"\"\n           class=\"ngg-fancybox\" rel=\"fcf4126eede3a1427fd5f6dd91f58ee2\">\n\n            <img data-image-id='121'\n                 title=\"\"\n                 alt=\"BW-Maestra-5\"\n                 src=\"https:\/\/www.mbt-concept.rs\/wp-content\/gallery\/bw-plot-10\/BW-Maestra-5.jpg\"\n                 style=\"max-height: 330px;\"\/>\n        <\/a>\n\n        <\/div> \n<\/div>\n\n\n\n\n<\/p><\/div><\/div><\/div><\/div>\n<\/section>\n<p><\/p>","protected":false},"excerpt":{"rendered":"<p>Beograd na vodi, Plot 10 BW Alegra, BW Maestra, BW Diva &#8211; Stambeni kompleks Lokacija Beograd, Srbija Investitor Beograd na vodi d.o.o. Klijent Beograd na vodi d.o.o. Veli\u010dina projekta 107.000 m&sup2; Usluga Tehni\u010dka kontrola projekta Nezavisna kontrola projekta Vrednosno in\u017einjerstvo Beograd na vodi je monumentalni&hellip;<\/p>\n","protected":false},"author":3,"featured_media":0,"parent":555,"menu_order":0,"comment_status":"closed","ping_status":"closed","template":"","meta":{"ngg_post_thumbnail":0,"footnotes":""},"class_list":["post-2060","page","type-page","status-publish","hentry"],"acf":[],"_links":{"self":[{"href":"https:\/\/www.mbt-concept.rs\/sr\/wp-json\/wp\/v2\/pages\/2060","targetHints":{"allow":["GET"]}}],"collection":[{"href":"https:\/\/www.mbt-concept.rs\/sr\/wp-json\/wp\/v2\/pages"}],"about":[{"href":"https:\/\/www.mbt-concept.rs\/sr\/wp-json\/wp\/v2\/types\/page"}],"author":[{"embeddable":true,"href":"https:\/\/www.mbt-concept.rs\/sr\/wp-json\/wp\/v2\/users\/3"}],"replies":[{"embeddable":true,"href":"https:\/\/www.mbt-concept.rs\/sr\/wp-json\/wp\/v2\/comments?post=2060"}],"version-history":[{"count":0,"href":"https:\/\/www.mbt-concept.rs\/sr\/wp-json\/wp\/v2\/pages\/2060\/revisions"}],"up":[{"embeddable":true,"href":"https:\/\/www.mbt-concept.rs\/sr\/wp-json\/wp\/v2\/pages\/555"}],"wp:attachment":[{"href":"https:\/\/www.mbt-concept.rs\/sr\/wp-json\/wp\/v2\/media?parent=2060"}],"curies":[{"name":"wp","href":"https:\/\/api.w.org\/{rel}","templated":true}]}}