{"id":2062,"date":"2025-02-17T13:22:43","date_gmt":"2025-02-17T12:22:43","guid":{"rendered":"https:\/\/www.mbt-concept.rs\/?page_id=2062"},"modified":"2025-02-17T13:22:43","modified_gmt":"2025-02-17T12:22:43","slug":"porto-montenegro-hotel-regent-and-regent-pool-club-residences","status":"publish","type":"page","link":"https:\/\/www.mbt-concept.rs\/sr\/projects\/porto-montenegro-hotel-regent-and-regent-pool-club-residences\/","title":{"rendered":"Porto Montenegro &#8211; Hotel Regent  and Regent Pool Club Residences"},"content":{"rendered":"<p><\/p>\n<section class=\"mbt-proj__hero\">\n   <picture>\n      <img decoding=\"async\" src=\"https:\/\/www.mbt-concept.rs\/wp-content\/uploads\/2025\/04\/MBT_Concept_Portfolio_Image_Gallery_Porto_Montenegro3-1.jpg\" alt=\"Porto Montenegro - Hotel Regent and Regent Pool Club Residences\">\n   <\/picture>\n<div class=\"container\">\n<div class=\"row\">\n<div class=\"col-xs-12 col-lg-9\">\n<h1>Porto Montenegro<\/h1>\n<h4>Hotel Regent and Regent Pool Club Residences<\/h4>\n<hr><\/div><\/div><\/div>\n<\/section>\n<section class=\"mbt-proj__wrapper\">\n<div class=\"container\">\n<div class=\"row\">\n<div class=\"col-xs-12 col-sm-4 mbt-proj__service__wrapper\">\n<div class=\"mbt-proj__service\">\n<p>\n              <span>Lokacija<\/span><br \/>\n              <span>Porto Montenegro, Tivat, Crna Gora<\/span>\n            <\/p>\n<p>\n              <span>Investitor<\/span><br \/>\n              <span>Adriatic Marinas d.o.o.<\/span>\n            <\/p>\n<p>\n              <span>Klijent<\/span><br \/>\n              <span>Adriatic Marinas d.o.o.<\/span>\n            <\/p>\n<p>\n              <span>Veli\u010dina projekta<\/span><br \/>\n              <span>2.500 m&sup2;<\/span>\n            <\/p>\n<p>\n              <span>Usluga<\/span><br \/>\n              <span>Projekt menad\u017ement<\/span><br \/>\n              <span>Savetovanje, pronala\u017eenje i nabavka pokretnog name\u0161taja i opreme<\/span>\n            <\/p>\n<\/p><\/div><\/div>\n<div class=\"col-xs-12 col-sm-8\">\n<div class=\"mbt-proj__desc\">\n<p>Jedna od najve\u0107ih i najatraktivnijih investicija u Crnoj Gori. Marina za superjahte sa preko 450 vezova, koja pru\u017ea kompletnu uslugu vlasnicima, gostima i posadama. Prva i za sada jedina marina u svetu sa presti\u017enom Platinum Marina kategorizacijom britanskog Udru\u017eenja operatera marina The Yacht Harbour Association (TYHA).<\/p>\n<p>Kompleks sadr\u017ei i 7 rezidencijalnih objekata sa 240 luksuznih apartmana, kao i osmu zgradu u kojoj je sme\u0161ten hotel Regent, jedan od najekskluzivnijih hotela u Crnoj Gori, u okviru koga se nalazi 51 apartman. Projekat je realizacija ideje prvobitnih investitora, \u0161irom sveta uva\u017eavanih biznismena, kao \u0161to su Piter Mank, osniva\u010d i nekada\u0161nji predsednik kompanije Barik Gold, britanski biznismen Lord D\u017eejkob Rot\u0161ild i osniva\u010d LVMH-a Bernar Arno.<\/p>\n<p>2016. godine, Porto Montenegro preuzima Investiciona korporacija Dubaija (Investment Corporation of Dubai &#8211; ICD) sa ambicioznim planom daljeg razvoja.<\/p>\n\n\n<div class=\"ngg-galleryoverview ngg-slideshow\"\n\t id=\"ngg-slideshow-32f2e82ca14247f0b5c9f364af798acc-18601984140\"\n     data-gallery-id=\"32f2e82ca14247f0b5c9f364af798acc\"\n     style=\"max-width: 735px; max-height: 350px;\">\n\n \t<div id=\"ngg-image-0\" class=\"ngg-gallery-slideshow-image\" style=\"height:350px\">\n\n        <a href=\"https:\/\/www.mbt-concept.rs\/wp-content\/gallery\/portomontenegro\/1_MBT_Concept_Portfolio_Image_Gallery_Porto_Montenegro6.jpg\"\n           title=\"\"\n           data-src=\"https:\/\/www.mbt-concept.rs\/wp-content\/gallery\/portomontenegro\/1_MBT_Concept_Portfolio_Image_Gallery_Porto_Montenegro6.jpg\"\n           data-thumbnail=\"https:\/\/www.mbt-concept.rs\/wp-content\/gallery\/portomontenegro\/thumbs\/thumbs_1_MBT_Concept_Portfolio_Image_Gallery_Porto_Montenegro6.jpg\"\n           data-image-id=\"7\"\n           data-title=\"1_MBT_Concept_Portfolio_Image_Gallery_Porto_Montenegro6\"\n           data-description=\"\"\n           class=\"ngg-fancybox\" rel=\"32f2e82ca14247f0b5c9f364af798acc\">\n\n            <img data-image-id='7'\n                 title=\"\"\n                 alt=\"1_MBT_Concept_Portfolio_Image_Gallery_Porto_Montenegro6\"\n                 src=\"https:\/\/www.mbt-concept.rs\/wp-content\/gallery\/portomontenegro\/1_MBT_Concept_Portfolio_Image_Gallery_Porto_Montenegro6.jpg\"\n                 style=\"max-height: 330px;\"\/>\n        <\/a>\n\n        <\/div> \n<div id=\"ngg-image-1\" class=\"ngg-gallery-slideshow-image\" style=\"height:350px\">\n\n        <a href=\"https:\/\/www.mbt-concept.rs\/wp-content\/gallery\/portomontenegro\/1_MBT_Concept_Portfolio_Image_Gallery_Porto_Montenegro5.jpg\"\n           title=\"\"\n           data-src=\"https:\/\/www.mbt-concept.rs\/wp-content\/gallery\/portomontenegro\/1_MBT_Concept_Portfolio_Image_Gallery_Porto_Montenegro5.jpg\"\n           data-thumbnail=\"https:\/\/www.mbt-concept.rs\/wp-content\/gallery\/portomontenegro\/thumbs\/thumbs_1_MBT_Concept_Portfolio_Image_Gallery_Porto_Montenegro5.jpg\"\n           data-image-id=\"8\"\n           data-title=\"1_MBT_Concept_Portfolio_Image_Gallery_Porto_Montenegro5\"\n           data-description=\"\"\n           class=\"ngg-fancybox\" rel=\"32f2e82ca14247f0b5c9f364af798acc\">\n\n            <img data-image-id='8'\n                 title=\"\"\n                 alt=\"1_MBT_Concept_Portfolio_Image_Gallery_Porto_Montenegro5\"\n                 src=\"https:\/\/www.mbt-concept.rs\/wp-content\/gallery\/portomontenegro\/1_MBT_Concept_Portfolio_Image_Gallery_Porto_Montenegro5.jpg\"\n                 style=\"max-height: 330px;\"\/>\n        <\/a>\n\n        <\/div> \n<div id=\"ngg-image-2\" class=\"ngg-gallery-slideshow-image\" style=\"height:350px\">\n\n        <a href=\"https:\/\/www.mbt-concept.rs\/wp-content\/gallery\/portomontenegro\/1_MBT_Concept_Portfolio_Image_Gallery_Porto_Montenegro4.jpg\"\n           title=\"\"\n           data-src=\"https:\/\/www.mbt-concept.rs\/wp-content\/gallery\/portomontenegro\/1_MBT_Concept_Portfolio_Image_Gallery_Porto_Montenegro4.jpg\"\n           data-thumbnail=\"https:\/\/www.mbt-concept.rs\/wp-content\/gallery\/portomontenegro\/thumbs\/thumbs_1_MBT_Concept_Portfolio_Image_Gallery_Porto_Montenegro4.jpg\"\n           data-image-id=\"9\"\n           data-title=\"1_MBT_Concept_Portfolio_Image_Gallery_Porto_Montenegro4\"\n           data-description=\"\"\n           class=\"ngg-fancybox\" rel=\"32f2e82ca14247f0b5c9f364af798acc\">\n\n            <img data-image-id='9'\n                 title=\"\"\n                 alt=\"1_MBT_Concept_Portfolio_Image_Gallery_Porto_Montenegro4\"\n                 src=\"https:\/\/www.mbt-concept.rs\/wp-content\/gallery\/portomontenegro\/1_MBT_Concept_Portfolio_Image_Gallery_Porto_Montenegro4.jpg\"\n                 style=\"max-height: 330px;\"\/>\n        <\/a>\n\n        <\/div> \n<div id=\"ngg-image-3\" class=\"ngg-gallery-slideshow-image\" style=\"height:350px\">\n\n        <a href=\"https:\/\/www.mbt-concept.rs\/wp-content\/gallery\/portomontenegro\/1_MBT_Concept_Portfolio_Image_Gallery_Porto_Montenegro3.jpg\"\n           title=\"\"\n           data-src=\"https:\/\/www.mbt-concept.rs\/wp-content\/gallery\/portomontenegro\/1_MBT_Concept_Portfolio_Image_Gallery_Porto_Montenegro3.jpg\"\n           data-thumbnail=\"https:\/\/www.mbt-concept.rs\/wp-content\/gallery\/portomontenegro\/thumbs\/thumbs_1_MBT_Concept_Portfolio_Image_Gallery_Porto_Montenegro3.jpg\"\n           data-image-id=\"10\"\n           data-title=\"1_MBT_Concept_Portfolio_Image_Gallery_Porto_Montenegro3\"\n           data-description=\"\"\n           class=\"ngg-fancybox\" rel=\"32f2e82ca14247f0b5c9f364af798acc\">\n\n            <img data-image-id='10'\n                 title=\"\"\n                 alt=\"1_MBT_Concept_Portfolio_Image_Gallery_Porto_Montenegro3\"\n                 src=\"https:\/\/www.mbt-concept.rs\/wp-content\/gallery\/portomontenegro\/1_MBT_Concept_Portfolio_Image_Gallery_Porto_Montenegro3.jpg\"\n                 style=\"max-height: 330px;\"\/>\n        <\/a>\n\n        <\/div> \n<div id=\"ngg-image-4\" class=\"ngg-gallery-slideshow-image\" style=\"height:350px\">\n\n        <a href=\"https:\/\/www.mbt-concept.rs\/wp-content\/gallery\/portomontenegro\/1_MBT_Concept_Portfolio_Image_Gallery_Porto_Montenegro2.jpg\"\n           title=\"\"\n           data-src=\"https:\/\/www.mbt-concept.rs\/wp-content\/gallery\/portomontenegro\/1_MBT_Concept_Portfolio_Image_Gallery_Porto_Montenegro2.jpg\"\n           data-thumbnail=\"https:\/\/www.mbt-concept.rs\/wp-content\/gallery\/portomontenegro\/thumbs\/thumbs_1_MBT_Concept_Portfolio_Image_Gallery_Porto_Montenegro2.jpg\"\n           data-image-id=\"11\"\n           data-title=\"1_MBT_Concept_Portfolio_Image_Gallery_Porto_Montenegro2\"\n           data-description=\"\"\n           class=\"ngg-fancybox\" rel=\"32f2e82ca14247f0b5c9f364af798acc\">\n\n            <img data-image-id='11'\n                 title=\"\"\n                 alt=\"1_MBT_Concept_Portfolio_Image_Gallery_Porto_Montenegro2\"\n                 src=\"https:\/\/www.mbt-concept.rs\/wp-content\/gallery\/portomontenegro\/1_MBT_Concept_Portfolio_Image_Gallery_Porto_Montenegro2.jpg\"\n                 style=\"max-height: 330px;\"\/>\n        <\/a>\n\n        <\/div> \n<div id=\"ngg-image-5\" class=\"ngg-gallery-slideshow-image\" style=\"height:350px\">\n\n        <a href=\"https:\/\/www.mbt-concept.rs\/wp-content\/gallery\/portomontenegro\/1_MBT_Concept_Portfolio_Image_Gallery_Porto_Montenegro1.jpg\"\n           title=\"\"\n           data-src=\"https:\/\/www.mbt-concept.rs\/wp-content\/gallery\/portomontenegro\/1_MBT_Concept_Portfolio_Image_Gallery_Porto_Montenegro1.jpg\"\n           data-thumbnail=\"https:\/\/www.mbt-concept.rs\/wp-content\/gallery\/portomontenegro\/thumbs\/thumbs_1_MBT_Concept_Portfolio_Image_Gallery_Porto_Montenegro1.jpg\"\n           data-image-id=\"12\"\n           data-title=\"1_MBT_Concept_Portfolio_Image_Gallery_Porto_Montenegro1\"\n           data-description=\"\"\n           class=\"ngg-fancybox\" rel=\"32f2e82ca14247f0b5c9f364af798acc\">\n\n            <img data-image-id='12'\n                 title=\"\"\n                 alt=\"1_MBT_Concept_Portfolio_Image_Gallery_Porto_Montenegro1\"\n                 src=\"https:\/\/www.mbt-concept.rs\/wp-content\/gallery\/portomontenegro\/1_MBT_Concept_Portfolio_Image_Gallery_Porto_Montenegro1.jpg\"\n                 style=\"max-height: 330px;\"\/>\n        <\/a>\n\n        <\/div> \n<\/div>\n\n\n\n\n<p>Foto: Masano Kavana za Regent Porto Montenegro<\/p>\n<\/p><\/div><\/div><\/div><\/div>\n<\/section>\n<p><\/p>","protected":false},"excerpt":{"rendered":"<p>Porto Montenegro Hotel Regent and Regent Pool Club Residences Lokacija Porto Montenegro, Tivat, Crna Gora Investitor Adriatic Marinas d.o.o. Klijent Adriatic Marinas d.o.o. Veli\u010dina projekta 2.500 m&sup2; Usluga Projekt menad\u017ement Savetovanje, pronala\u017eenje i nabavka pokretnog name\u0161taja i opreme Jedna od najve\u0107ih i najatraktivnijih investicija u&hellip;<\/p>\n","protected":false},"author":3,"featured_media":0,"parent":555,"menu_order":0,"comment_status":"closed","ping_status":"closed","template":"","meta":{"ngg_post_thumbnail":0,"footnotes":""},"class_list":["post-2062","page","type-page","status-publish","hentry"],"acf":[],"_links":{"self":[{"href":"https:\/\/www.mbt-concept.rs\/sr\/wp-json\/wp\/v2\/pages\/2062","targetHints":{"allow":["GET"]}}],"collection":[{"href":"https:\/\/www.mbt-concept.rs\/sr\/wp-json\/wp\/v2\/pages"}],"about":[{"href":"https:\/\/www.mbt-concept.rs\/sr\/wp-json\/wp\/v2\/types\/page"}],"author":[{"embeddable":true,"href":"https:\/\/www.mbt-concept.rs\/sr\/wp-json\/wp\/v2\/users\/3"}],"replies":[{"embeddable":true,"href":"https:\/\/www.mbt-concept.rs\/sr\/wp-json\/wp\/v2\/comments?post=2062"}],"version-history":[{"count":0,"href":"https:\/\/www.mbt-concept.rs\/sr\/wp-json\/wp\/v2\/pages\/2062\/revisions"}],"up":[{"embeddable":true,"href":"https:\/\/www.mbt-concept.rs\/sr\/wp-json\/wp\/v2\/pages\/555"}],"wp:attachment":[{"href":"https:\/\/www.mbt-concept.rs\/sr\/wp-json\/wp\/v2\/media?parent=2062"}],"curies":[{"name":"wp","href":"https:\/\/api.w.org\/{rel}","templated":true}]}}