{"id":2069,"date":"2025-02-17T14:13:19","date_gmt":"2025-02-17T13:13:19","guid":{"rendered":"https:\/\/www.mbt-concept.rs\/?page_id=2069"},"modified":"2025-02-17T14:13:19","modified_gmt":"2025-02-17T13:13:19","slug":"hotel-viceroy-kopaonik","status":"publish","type":"page","link":"https:\/\/www.mbt-concept.rs\/sr\/projects\/hotel-viceroy-kopaonik\/","title":{"rendered":"Hotel VICEROY Kopaonik"},"content":{"rendered":"<p><\/p>\n<section class=\"mbt-proj__hero\">\n   <picture>\n      <img decoding=\"async\" src=\"https:\/\/www.mbt-concept.rs\/wp-content\/uploads\/2025\/02\/hotel-viceroy.jpg\" alt=\"Hotel VICEROY Kopaonik\">\n   <\/picture>\n<div class=\"container\">\n<div class=\"row\">\n<div class=\"col-xs-12 col-lg-9\">\n<h1>Hotel VICEROY<\/h1>\n<h4>Kopaonik<\/h4>\n<hr><\/div><\/div><\/div>\n<\/section>\n<section class=\"mbt-proj__wrapper\">\n<div class=\"container\">\n<div class=\"row\">\n<div class=\"col-xs-12 col-sm-4 mbt-proj__service__wrapper\">\n<div class=\"mbt-proj__service\">\n<p>\n              <span>Lokacija<\/span><br \/>\n              <span>Kopaonik, Srbija<\/span>\n            <\/p>\n<p>\n              <span>Investitor<\/span><br \/>\n              <span>Royal Group<\/span>\n            <\/p>\n<p>\n              <span>Klijent<\/span><br \/>\n              <span>M Enterijer Gradnja d.o.o.<\/span>\n            <\/p>\n<p>\n              <span>Veli\u010dina projekta<\/span><br \/>\n              <span>16.000 m&sup2;<\/span>\n            <\/p>\n<p>\n              <span>Usluga<\/span><br \/>\n              <span>Upravljanje ugovorima<\/span><br \/>\n              <span>Upravljanje tro\u0161kovima<\/span><br \/>\n              <span>Upravljanje izgradnjom<\/span><br \/>\n              <span>Planiranje i izrada dinamika<\/span>\n            <\/p>\n<\/p><\/div><\/div>\n<div class=\"col-xs-12 col-sm-8\">\n<div class=\"mbt-proj__desc\">\n<p>Jedna od najve\u0107ih i najeminentnijih kompanija iz Ujedinjenih Arapskih Emirata, Royal Grupa, investirala je u luksuzni hotel od 5 zvezdica sa 119 soba sme\u0161ten na planini Kopaonik, u samom centru najpoznatijeg skijali\u0161ta u Srbiji. Hotelom c\u0301e upravljati presti\u017eni operater VICEROY.<\/p>\n<p>Hotel je jedan od najluksuznijih hotela u ovom delu Evrope, poseduje SPA centar sa grejanim otvorenim bazenima, prostorijama za tretmane i hamamom, \u010detiri mesta gde \u0107e se slu\u017eiti hrana i pi\u0107e, uklju\u010duju\u0107i skija\u0161ki bar koji ima prekrasan pogled na planinske vrhove.<\/p>\n<p>MBT concept je bio odgovoran za nekoliko aktivnosti na projektu: upravljanje ugovorima, upravljanje tro\u0161kovima, upravljanje izgradnjom i planiranje i izrada dinamika.<\/p>\n\n\n<div class=\"ngg-galleryoverview ngg-slideshow\"\n\t id=\"ngg-slideshow-9aefb23305d96d50e813aa3fbf2773c4-7660738090\"\n     data-gallery-id=\"9aefb23305d96d50e813aa3fbf2773c4\"\n     style=\"max-width: 735px; max-height: 350px;\">\n\n \t<div id=\"ngg-image-0\" class=\"ngg-gallery-slideshow-image\" style=\"height:350px\">\n\n        <a href=\"https:\/\/www.mbt-concept.rs\/wp-content\/gallery\/viceroy\/viceroy-1-1024x600.jpg\"\n           title=\"\"\n           data-src=\"https:\/\/www.mbt-concept.rs\/wp-content\/gallery\/viceroy\/viceroy-1-1024x600.jpg\"\n           data-thumbnail=\"https:\/\/www.mbt-concept.rs\/wp-content\/gallery\/viceroy\/thumbs\/thumbs_viceroy-1-1024x600.jpg\"\n           data-image-id=\"46\"\n           data-title=\"viceroy-1-1024x600\"\n           data-description=\"\"\n           class=\"ngg-fancybox\" rel=\"9aefb23305d96d50e813aa3fbf2773c4\">\n\n            <img data-image-id='46'\n                 title=\"\"\n                 alt=\"viceroy-1-1024x600\"\n                 src=\"https:\/\/www.mbt-concept.rs\/wp-content\/gallery\/viceroy\/viceroy-1-1024x600.jpg\"\n                 style=\"max-height: 330px;\"\/>\n        <\/a>\n\n        <\/div> \n<div id=\"ngg-image-1\" class=\"ngg-gallery-slideshow-image\" style=\"height:350px\">\n\n        <a href=\"https:\/\/www.mbt-concept.rs\/wp-content\/gallery\/viceroy\/viceroy-2-1024x600.jpg\"\n           title=\"\"\n           data-src=\"https:\/\/www.mbt-concept.rs\/wp-content\/gallery\/viceroy\/viceroy-2-1024x600.jpg\"\n           data-thumbnail=\"https:\/\/www.mbt-concept.rs\/wp-content\/gallery\/viceroy\/thumbs\/thumbs_viceroy-2-1024x600.jpg\"\n           data-image-id=\"50\"\n           data-title=\"viceroy-2-1024x600\"\n           data-description=\"\"\n           class=\"ngg-fancybox\" rel=\"9aefb23305d96d50e813aa3fbf2773c4\">\n\n            <img data-image-id='50'\n                 title=\"\"\n                 alt=\"viceroy-2-1024x600\"\n                 src=\"https:\/\/www.mbt-concept.rs\/wp-content\/gallery\/viceroy\/viceroy-2-1024x600.jpg\"\n                 style=\"max-height: 330px;\"\/>\n        <\/a>\n\n        <\/div> \n<div id=\"ngg-image-2\" class=\"ngg-gallery-slideshow-image\" style=\"height:350px\">\n\n        <a href=\"https:\/\/www.mbt-concept.rs\/wp-content\/gallery\/viceroy\/viceroy-3-1024x600.jpg\"\n           title=\"\"\n           data-src=\"https:\/\/www.mbt-concept.rs\/wp-content\/gallery\/viceroy\/viceroy-3-1024x600.jpg\"\n           data-thumbnail=\"https:\/\/www.mbt-concept.rs\/wp-content\/gallery\/viceroy\/thumbs\/thumbs_viceroy-3-1024x600.jpg\"\n           data-image-id=\"49\"\n           data-title=\"viceroy-3-1024x600\"\n           data-description=\"\"\n           class=\"ngg-fancybox\" rel=\"9aefb23305d96d50e813aa3fbf2773c4\">\n\n            <img data-image-id='49'\n                 title=\"\"\n                 alt=\"viceroy-3-1024x600\"\n                 src=\"https:\/\/www.mbt-concept.rs\/wp-content\/gallery\/viceroy\/viceroy-3-1024x600.jpg\"\n                 style=\"max-height: 330px;\"\/>\n        <\/a>\n\n        <\/div> \n<div id=\"ngg-image-3\" class=\"ngg-gallery-slideshow-image\" style=\"height:350px\">\n\n        <a href=\"https:\/\/www.mbt-concept.rs\/wp-content\/gallery\/viceroy\/viceroy-5-1024x349.jpg\"\n           title=\"\"\n           data-src=\"https:\/\/www.mbt-concept.rs\/wp-content\/gallery\/viceroy\/viceroy-5-1024x349.jpg\"\n           data-thumbnail=\"https:\/\/www.mbt-concept.rs\/wp-content\/gallery\/viceroy\/thumbs\/thumbs_viceroy-5-1024x349.jpg\"\n           data-image-id=\"45\"\n           data-title=\"viceroy-5-1024x349\"\n           data-description=\"\"\n           class=\"ngg-fancybox\" rel=\"9aefb23305d96d50e813aa3fbf2773c4\">\n\n            <img data-image-id='45'\n                 title=\"\"\n                 alt=\"viceroy-5-1024x349\"\n                 src=\"https:\/\/www.mbt-concept.rs\/wp-content\/gallery\/viceroy\/viceroy-5-1024x349.jpg\"\n                 style=\"max-height: 330px;\"\/>\n        <\/a>\n\n        <\/div> \n<div id=\"ngg-image-4\" class=\"ngg-gallery-slideshow-image\" style=\"height:350px\">\n\n        <a href=\"https:\/\/www.mbt-concept.rs\/wp-content\/gallery\/viceroy\/viceroy-4-1024x346.jpg\"\n           title=\"\"\n           data-src=\"https:\/\/www.mbt-concept.rs\/wp-content\/gallery\/viceroy\/viceroy-4-1024x346.jpg\"\n           data-thumbnail=\"https:\/\/www.mbt-concept.rs\/wp-content\/gallery\/viceroy\/thumbs\/thumbs_viceroy-4-1024x346.jpg\"\n           data-image-id=\"48\"\n           data-title=\"viceroy-4-1024x346\"\n           data-description=\"\"\n           class=\"ngg-fancybox\" rel=\"9aefb23305d96d50e813aa3fbf2773c4\">\n\n            <img data-image-id='48'\n                 title=\"\"\n                 alt=\"viceroy-4-1024x346\"\n                 src=\"https:\/\/www.mbt-concept.rs\/wp-content\/gallery\/viceroy\/viceroy-4-1024x346.jpg\"\n                 style=\"max-height: 330px;\"\/>\n        <\/a>\n\n        <\/div> \n<\/div>\n\n\n\n\n<\/p><\/div><\/div><\/div><\/div>\n<\/section>\n<p><\/p>","protected":false},"excerpt":{"rendered":"<p>Hotel VICEROY Kopaonik Lokacija Kopaonik, Srbija Investitor Royal Group Klijent M Enterijer Gradnja d.o.o. Veli\u010dina projekta 16.000 m&sup2; Usluga Upravljanje ugovorima Upravljanje tro\u0161kovima Upravljanje izgradnjom Planiranje i izrada dinamika Jedna od najve\u0107ih i najeminentnijih kompanija iz Ujedinjenih Arapskih Emirata, Royal Grupa, investirala je u luksuzni&hellip;<\/p>\n","protected":false},"author":3,"featured_media":0,"parent":555,"menu_order":0,"comment_status":"closed","ping_status":"closed","template":"","meta":{"ngg_post_thumbnail":0,"footnotes":""},"class_list":["post-2069","page","type-page","status-publish","hentry"],"acf":[],"_links":{"self":[{"href":"https:\/\/www.mbt-concept.rs\/sr\/wp-json\/wp\/v2\/pages\/2069","targetHints":{"allow":["GET"]}}],"collection":[{"href":"https:\/\/www.mbt-concept.rs\/sr\/wp-json\/wp\/v2\/pages"}],"about":[{"href":"https:\/\/www.mbt-concept.rs\/sr\/wp-json\/wp\/v2\/types\/page"}],"author":[{"embeddable":true,"href":"https:\/\/www.mbt-concept.rs\/sr\/wp-json\/wp\/v2\/users\/3"}],"replies":[{"embeddable":true,"href":"https:\/\/www.mbt-concept.rs\/sr\/wp-json\/wp\/v2\/comments?post=2069"}],"version-history":[{"count":0,"href":"https:\/\/www.mbt-concept.rs\/sr\/wp-json\/wp\/v2\/pages\/2069\/revisions"}],"up":[{"embeddable":true,"href":"https:\/\/www.mbt-concept.rs\/sr\/wp-json\/wp\/v2\/pages\/555"}],"wp:attachment":[{"href":"https:\/\/www.mbt-concept.rs\/sr\/wp-json\/wp\/v2\/media?parent=2069"}],"curies":[{"name":"wp","href":"https:\/\/api.w.org\/{rel}","templated":true}]}}