{"id":2072,"date":"2025-02-17T14:29:32","date_gmt":"2025-02-17T13:29:32","guid":{"rendered":"https:\/\/www.mbt-concept.rs\/?page_id=2072"},"modified":"2025-02-17T14:29:32","modified_gmt":"2025-02-17T13:29:32","slug":"smokva-bay-development-budva","status":"publish","type":"page","link":"https:\/\/www.mbt-concept.rs\/sr\/projects\/smokva-bay-development-budva\/","title":{"rendered":"Smokva Bay Development, Budva"},"content":{"rendered":"<p><\/p>\n<section class=\"mbt-proj__hero\">\n  <picture>\n      <img decoding=\"async\" src=\"https:\/\/www.mbt-concept.rs\/wp-content\/uploads\/2025\/02\/smokva-bay.jpg\" alt=\"Mokva Bay\">\n  <\/picture>\n<div class=\"container\">\n<div class=\"row\">\n<div class=\"col-xs-12 col-lg-9\">\n<h1>Smokva Bay Development<\/h1>\n<h4>Budva<\/h4>\n<hr><\/div><\/div><\/div>\n<\/section>\n<section class=\"mbt-proj__wrapper\">\n<div class=\"container\">\n<div class=\"row\">\n<div class=\"col-xs-12 col-sm-4 mbt-proj__service__wrapper\">\n<div class=\"mbt-proj__service\">\n<p>\n            <span>Lokacija<\/span><br \/>\n            <span>Budva, Crna Gora<\/span>\n          <\/p>\n<p>\n            <span>Investitor<\/span><br \/>\n            <span>Boticelli Land Development d.o.o and VAS Invest d.o.o<\/span>\n          <\/p>\n<p>\n            <span>Klijent<\/span><br \/>\n            <span>Boticelli Land Development d.o.o and VAS Invest d.o.o<\/span>\n          <\/p>\n<p>\n            <span>Veli\u010dina projekta<\/span><br \/>\n            <span>140.000 m&sup2;<\/span>\n          <\/p>\n<p>\n            <span>Usluga<\/span><br \/>\n            <span>Divelopment Menad\u017ement<\/span><br \/>\n            <span>Projekt Menad\u017ement<\/span><br \/>\n            <span>Nezavisna kontrola projekta<\/span><br \/>\n            <span>Strategija nabavke i ugovaranje<\/span><br \/>\n            <span>Upravljanje ugovorima<\/span><br \/>\n            <span>Upravljanje tro\u0161kovima<\/span><br \/>\n            <span>Upravljanje izgradnjom<\/span>\n          <\/p>\n<\/p><\/div><\/div>\n<div class=\"col-xs-12 col-sm-8\">\n<div class=\"mbt-proj__desc\">\n<p>Smokva bay development je projekat koji se nalazi pored Re\u017eevi\u0107a, u op\u0161tini Budva, na jednoj od najlep\u0161ih lokacija na crnogorskom primorju i predstavlja najve\u0107e privatno vlasni\u0161tvo na crnogorskom primorju. Projekat \u0107e se sastojati od luksuznih hotela i vila.<\/p>\n<p>MBT concept je bio anga\u017eovan od strane investitora za usluge upravljanja projektom u fazi pre izgradnje &mdash; razvoj strategije ugovaranja za klijenta, priprema ugovora sa projektantskim konsultantom, pregovori sa projektantima, upravljanje projektnim procesom, kontrola kvaliteta projektne dokumentacije, izrada master programa, upravljanje preliminarnim radovima na terenu, ugovaranje i nadzor geotehni\u010dkih ispitivanja i izgradnje privremenog puta, u\u010de\u0161\u0107e u postupcima dobijanja dozvola i pregovorima sa nadle\u017enim organima, kao i sve druge svakodnevne aktivnosti upravljanja projektom.<\/p>\n\n\n<div class=\"ngg-galleryoverview ngg-slideshow\"\n\t id=\"ngg-slideshow-62c05cae2db0e0d8293e60bed13d905d-18799276480\"\n     data-gallery-id=\"62c05cae2db0e0d8293e60bed13d905d\"\n     style=\"max-width: 735px; max-height: 350px;\">\n\n \t<div id=\"ngg-image-0\" class=\"ngg-gallery-slideshow-image\" style=\"height:350px\">\n\n        <a href=\"https:\/\/www.mbt-concept.rs\/wp-content\/gallery\/smokvabay\/s16.jpg\"\n           title=\"\"\n           data-src=\"https:\/\/www.mbt-concept.rs\/wp-content\/gallery\/smokvabay\/s16.jpg\"\n           data-thumbnail=\"https:\/\/www.mbt-concept.rs\/wp-content\/gallery\/smokvabay\/thumbs\/thumbs_s16.jpg\"\n           data-image-id=\"32\"\n           data-title=\"s16\"\n           data-description=\"\"\n           class=\"ngg-fancybox\" rel=\"62c05cae2db0e0d8293e60bed13d905d\">\n\n            <img data-image-id='32'\n                 title=\"\"\n                 alt=\"s16\"\n                 src=\"https:\/\/www.mbt-concept.rs\/wp-content\/gallery\/smokvabay\/s16.jpg\"\n                 style=\"max-height: 330px;\"\/>\n        <\/a>\n\n        <\/div> \n<div id=\"ngg-image-1\" class=\"ngg-gallery-slideshow-image\" style=\"height:350px\">\n\n        <a href=\"https:\/\/www.mbt-concept.rs\/wp-content\/gallery\/smokvabay\/s15-1.jpg\"\n           title=\"\"\n           data-src=\"https:\/\/www.mbt-concept.rs\/wp-content\/gallery\/smokvabay\/s15-1.jpg\"\n           data-thumbnail=\"https:\/\/www.mbt-concept.rs\/wp-content\/gallery\/smokvabay\/thumbs\/thumbs_s15-1.jpg\"\n           data-image-id=\"33\"\n           data-title=\"s15-1\"\n           data-description=\"\"\n           class=\"ngg-fancybox\" rel=\"62c05cae2db0e0d8293e60bed13d905d\">\n\n            <img data-image-id='33'\n                 title=\"\"\n                 alt=\"s15-1\"\n                 src=\"https:\/\/www.mbt-concept.rs\/wp-content\/gallery\/smokvabay\/s15-1.jpg\"\n                 style=\"max-height: 330px;\"\/>\n        <\/a>\n\n        <\/div> \n<div id=\"ngg-image-2\" class=\"ngg-gallery-slideshow-image\" style=\"height:350px\">\n\n        <a href=\"https:\/\/www.mbt-concept.rs\/wp-content\/gallery\/smokvabay\/s14-1.jpg\"\n           title=\"\"\n           data-src=\"https:\/\/www.mbt-concept.rs\/wp-content\/gallery\/smokvabay\/s14-1.jpg\"\n           data-thumbnail=\"https:\/\/www.mbt-concept.rs\/wp-content\/gallery\/smokvabay\/thumbs\/thumbs_s14-1.jpg\"\n           data-image-id=\"34\"\n           data-title=\"s14-1\"\n           data-description=\"\"\n           class=\"ngg-fancybox\" rel=\"62c05cae2db0e0d8293e60bed13d905d\">\n\n            <img data-image-id='34'\n                 title=\"\"\n                 alt=\"s14-1\"\n                 src=\"https:\/\/www.mbt-concept.rs\/wp-content\/gallery\/smokvabay\/s14-1.jpg\"\n                 style=\"max-height: 330px;\"\/>\n        <\/a>\n\n        <\/div> \n<div id=\"ngg-image-3\" class=\"ngg-gallery-slideshow-image\" style=\"height:350px\">\n\n        <a href=\"https:\/\/www.mbt-concept.rs\/wp-content\/gallery\/smokvabay\/s13.jpg\"\n           title=\"\"\n           data-src=\"https:\/\/www.mbt-concept.rs\/wp-content\/gallery\/smokvabay\/s13.jpg\"\n           data-thumbnail=\"https:\/\/www.mbt-concept.rs\/wp-content\/gallery\/smokvabay\/thumbs\/thumbs_s13.jpg\"\n           data-image-id=\"35\"\n           data-title=\"s13\"\n           data-description=\"\"\n           class=\"ngg-fancybox\" rel=\"62c05cae2db0e0d8293e60bed13d905d\">\n\n            <img data-image-id='35'\n                 title=\"\"\n                 alt=\"s13\"\n                 src=\"https:\/\/www.mbt-concept.rs\/wp-content\/gallery\/smokvabay\/s13.jpg\"\n                 style=\"max-height: 330px;\"\/>\n        <\/a>\n\n        <\/div> \n<div id=\"ngg-image-4\" class=\"ngg-gallery-slideshow-image\" style=\"height:350px\">\n\n        <a href=\"https:\/\/www.mbt-concept.rs\/wp-content\/gallery\/smokvabay\/s12-1.jpg\"\n           title=\"\"\n           data-src=\"https:\/\/www.mbt-concept.rs\/wp-content\/gallery\/smokvabay\/s12-1.jpg\"\n           data-thumbnail=\"https:\/\/www.mbt-concept.rs\/wp-content\/gallery\/smokvabay\/thumbs\/thumbs_s12-1.jpg\"\n           data-image-id=\"36\"\n           data-title=\"s12-1\"\n           data-description=\"\"\n           class=\"ngg-fancybox\" rel=\"62c05cae2db0e0d8293e60bed13d905d\">\n\n            <img data-image-id='36'\n                 title=\"\"\n                 alt=\"s12-1\"\n                 src=\"https:\/\/www.mbt-concept.rs\/wp-content\/gallery\/smokvabay\/s12-1.jpg\"\n                 style=\"max-height: 330px;\"\/>\n        <\/a>\n\n        <\/div> \n<div id=\"ngg-image-5\" class=\"ngg-gallery-slideshow-image\" style=\"height:350px\">\n\n        <a href=\"https:\/\/www.mbt-concept.rs\/wp-content\/gallery\/smokvabay\/s11-1.jpg\"\n           title=\"\"\n           data-src=\"https:\/\/www.mbt-concept.rs\/wp-content\/gallery\/smokvabay\/s11-1.jpg\"\n           data-thumbnail=\"https:\/\/www.mbt-concept.rs\/wp-content\/gallery\/smokvabay\/thumbs\/thumbs_s11-1.jpg\"\n           data-image-id=\"37\"\n           data-title=\"s11-1\"\n           data-description=\"\"\n           class=\"ngg-fancybox\" rel=\"62c05cae2db0e0d8293e60bed13d905d\">\n\n            <img data-image-id='37'\n                 title=\"\"\n                 alt=\"s11-1\"\n                 src=\"https:\/\/www.mbt-concept.rs\/wp-content\/gallery\/smokvabay\/s11-1.jpg\"\n                 style=\"max-height: 330px;\"\/>\n        <\/a>\n\n        <\/div> \n<div id=\"ngg-image-6\" class=\"ngg-gallery-slideshow-image\" style=\"height:350px\">\n\n        <a href=\"https:\/\/www.mbt-concept.rs\/wp-content\/gallery\/smokvabay\/s8-1.jpg\"\n           title=\"\"\n           data-src=\"https:\/\/www.mbt-concept.rs\/wp-content\/gallery\/smokvabay\/s8-1.jpg\"\n           data-thumbnail=\"https:\/\/www.mbt-concept.rs\/wp-content\/gallery\/smokvabay\/thumbs\/thumbs_s8-1.jpg\"\n           data-image-id=\"38\"\n           data-title=\"s8-1\"\n           data-description=\"\"\n           class=\"ngg-fancybox\" rel=\"62c05cae2db0e0d8293e60bed13d905d\">\n\n            <img data-image-id='38'\n                 title=\"\"\n                 alt=\"s8-1\"\n                 src=\"https:\/\/www.mbt-concept.rs\/wp-content\/gallery\/smokvabay\/s8-1.jpg\"\n                 style=\"max-height: 330px;\"\/>\n        <\/a>\n\n        <\/div> \n<div id=\"ngg-image-7\" class=\"ngg-gallery-slideshow-image\" style=\"height:350px\">\n\n        <a href=\"https:\/\/www.mbt-concept.rs\/wp-content\/gallery\/smokvabay\/s6-1.jpg\"\n           title=\"\"\n           data-src=\"https:\/\/www.mbt-concept.rs\/wp-content\/gallery\/smokvabay\/s6-1.jpg\"\n           data-thumbnail=\"https:\/\/www.mbt-concept.rs\/wp-content\/gallery\/smokvabay\/thumbs\/thumbs_s6-1.jpg\"\n           data-image-id=\"39\"\n           data-title=\"s6-1\"\n           data-description=\"\"\n           class=\"ngg-fancybox\" rel=\"62c05cae2db0e0d8293e60bed13d905d\">\n\n            <img data-image-id='39'\n                 title=\"\"\n                 alt=\"s6-1\"\n                 src=\"https:\/\/www.mbt-concept.rs\/wp-content\/gallery\/smokvabay\/s6-1.jpg\"\n                 style=\"max-height: 330px;\"\/>\n        <\/a>\n\n        <\/div> \n<div id=\"ngg-image-8\" class=\"ngg-gallery-slideshow-image\" style=\"height:350px\">\n\n        <a href=\"https:\/\/www.mbt-concept.rs\/wp-content\/gallery\/smokvabay\/S1-1.jpg\"\n           title=\"\"\n           data-src=\"https:\/\/www.mbt-concept.rs\/wp-content\/gallery\/smokvabay\/S1-1.jpg\"\n           data-thumbnail=\"https:\/\/www.mbt-concept.rs\/wp-content\/gallery\/smokvabay\/thumbs\/thumbs_S1-1.jpg\"\n           data-image-id=\"40\"\n           data-title=\"S1-1\"\n           data-description=\"\"\n           class=\"ngg-fancybox\" rel=\"62c05cae2db0e0d8293e60bed13d905d\">\n\n            <img data-image-id='40'\n                 title=\"\"\n                 alt=\"S1-1\"\n                 src=\"https:\/\/www.mbt-concept.rs\/wp-content\/gallery\/smokvabay\/S1-1.jpg\"\n                 style=\"max-height: 330px;\"\/>\n        <\/a>\n\n        <\/div> \n<div id=\"ngg-image-9\" class=\"ngg-gallery-slideshow-image\" style=\"height:350px\">\n\n        <a href=\"https:\/\/www.mbt-concept.rs\/wp-content\/gallery\/smokvabay\/s2-1.jpg\"\n           title=\"\"\n           data-src=\"https:\/\/www.mbt-concept.rs\/wp-content\/gallery\/smokvabay\/s2-1.jpg\"\n           data-thumbnail=\"https:\/\/www.mbt-concept.rs\/wp-content\/gallery\/smokvabay\/thumbs\/thumbs_s2-1.jpg\"\n           data-image-id=\"41\"\n           data-title=\"s2-1\"\n           data-description=\"\"\n           class=\"ngg-fancybox\" rel=\"62c05cae2db0e0d8293e60bed13d905d\">\n\n            <img data-image-id='41'\n                 title=\"\"\n                 alt=\"s2-1\"\n                 src=\"https:\/\/www.mbt-concept.rs\/wp-content\/gallery\/smokvabay\/s2-1.jpg\"\n                 style=\"max-height: 330px;\"\/>\n        <\/a>\n\n        <\/div> \n<div id=\"ngg-image-10\" class=\"ngg-gallery-slideshow-image\" style=\"height:350px\">\n\n        <a href=\"https:\/\/www.mbt-concept.rs\/wp-content\/gallery\/smokvabay\/s4-1.jpg\"\n           title=\"\"\n           data-src=\"https:\/\/www.mbt-concept.rs\/wp-content\/gallery\/smokvabay\/s4-1.jpg\"\n           data-thumbnail=\"https:\/\/www.mbt-concept.rs\/wp-content\/gallery\/smokvabay\/thumbs\/thumbs_s4-1.jpg\"\n           data-image-id=\"42\"\n           data-title=\"s4-1\"\n           data-description=\"\"\n           class=\"ngg-fancybox\" rel=\"62c05cae2db0e0d8293e60bed13d905d\">\n\n            <img data-image-id='42'\n                 title=\"\"\n                 alt=\"s4-1\"\n                 src=\"https:\/\/www.mbt-concept.rs\/wp-content\/gallery\/smokvabay\/s4-1.jpg\"\n                 style=\"max-height: 330px;\"\/>\n        <\/a>\n\n        <\/div> \n<div id=\"ngg-image-11\" class=\"ngg-gallery-slideshow-image\" style=\"height:350px\">\n\n        <a href=\"https:\/\/www.mbt-concept.rs\/wp-content\/gallery\/smokvabay\/s3.jpg\"\n           title=\"\"\n           data-src=\"https:\/\/www.mbt-concept.rs\/wp-content\/gallery\/smokvabay\/s3.jpg\"\n           data-thumbnail=\"https:\/\/www.mbt-concept.rs\/wp-content\/gallery\/smokvabay\/thumbs\/thumbs_s3.jpg\"\n           data-image-id=\"43\"\n           data-title=\"s3\"\n           data-description=\"\"\n           class=\"ngg-fancybox\" rel=\"62c05cae2db0e0d8293e60bed13d905d\">\n\n            <img data-image-id='43'\n                 title=\"\"\n                 alt=\"s3\"\n                 src=\"https:\/\/www.mbt-concept.rs\/wp-content\/gallery\/smokvabay\/s3.jpg\"\n                 style=\"max-height: 330px;\"\/>\n        <\/a>\n\n        <\/div> \n<\/div>\n\n\n\n\n<\/p><\/div><\/div><\/div><\/div>\n<\/section>\n<p><\/p>","protected":false},"excerpt":{"rendered":"<p>Smokva Bay Development Budva Lokacija Budva, Crna Gora Investitor Boticelli Land Development d.o.o and VAS Invest d.o.o Klijent Boticelli Land Development d.o.o and VAS Invest d.o.o Veli\u010dina projekta 140.000 m&sup2; Usluga Divelopment Menad\u017ement Projekt Menad\u017ement Nezavisna kontrola projekta Strategija nabavke i ugovaranje Upravljanje ugovorima Upravljanje&hellip;<\/p>\n","protected":false},"author":3,"featured_media":0,"parent":555,"menu_order":0,"comment_status":"closed","ping_status":"closed","template":"","meta":{"ngg_post_thumbnail":0,"footnotes":""},"class_list":["post-2072","page","type-page","status-publish","hentry"],"acf":[],"_links":{"self":[{"href":"https:\/\/www.mbt-concept.rs\/sr\/wp-json\/wp\/v2\/pages\/2072","targetHints":{"allow":["GET"]}}],"collection":[{"href":"https:\/\/www.mbt-concept.rs\/sr\/wp-json\/wp\/v2\/pages"}],"about":[{"href":"https:\/\/www.mbt-concept.rs\/sr\/wp-json\/wp\/v2\/types\/page"}],"author":[{"embeddable":true,"href":"https:\/\/www.mbt-concept.rs\/sr\/wp-json\/wp\/v2\/users\/3"}],"replies":[{"embeddable":true,"href":"https:\/\/www.mbt-concept.rs\/sr\/wp-json\/wp\/v2\/comments?post=2072"}],"version-history":[{"count":0,"href":"https:\/\/www.mbt-concept.rs\/sr\/wp-json\/wp\/v2\/pages\/2072\/revisions"}],"up":[{"embeddable":true,"href":"https:\/\/www.mbt-concept.rs\/sr\/wp-json\/wp\/v2\/pages\/555"}],"wp:attachment":[{"href":"https:\/\/www.mbt-concept.rs\/sr\/wp-json\/wp\/v2\/media?parent=2072"}],"curies":[{"name":"wp","href":"https:\/\/api.w.org\/{rel}","templated":true}]}}