{"id":2080,"date":"2025-02-17T15:05:27","date_gmt":"2025-02-17T14:05:27","guid":{"rendered":"https:\/\/www.mbt-concept.rs\/?page_id=2080"},"modified":"2025-02-17T15:05:27","modified_gmt":"2025-02-17T14:05:27","slug":"hotel-centre-ville-podgorica","status":"publish","type":"page","link":"https:\/\/www.mbt-concept.rs\/sr\/projects\/hotel-centre-ville-podgorica\/","title":{"rendered":"Hotel Centre Ville Podgorica"},"content":{"rendered":"<p><\/p>\n<section class=\"mbt-proj__hero\">\n   <picture>\n      <img decoding=\"async\" src=\"https:\/\/www.mbt-concept.rs\/wp-content\/uploads\/2016\/07\/0002-Exterior-5128.jpg\" alt=\"Centre Ville\">\n   <\/picture>\n<div class=\"container\">\n<div class=\"row\">\n<div class=\"col-xs-12 col-lg-9\">\n<h1>CENTRE VILLE<\/h1>\n<h4>Podgorica, Crna Gora<\/h4>\n<hr><\/div><\/div><\/div>\n<\/section>\n<section class=\"mbt-proj__wrapper\">\n<div class=\"container\">\n<div class=\"row\">\n<div class=\"col-xs-12 col-sm-4 mbt-proj__service__wrapper\">\n<div class=\"mbt-proj__service\">\n<p>\n                  <span>Lokacija<\/span><br \/>\n                  <span>Podgorica, Crna Gora<\/span>\n               <\/p>\n<p>\n                  <span>Investitor<\/span><br \/>\n                  <span>Abu Dhabi Financial Group (ADFG)<\/span>\n               <\/p>\n<p>\n                  <span>Klijent<\/span><br \/>\n                  <span>Abu Dhabi Financial Group (ADFG)<\/span>\n               <\/p>\n<p>\n                  <span>Veli\u010dina projekta<\/span><br \/>\n                  <span>10.000 m&sup2;<\/span>\n               <\/p>\n<p>\n                  <span>Usluga<\/span><br \/>\n                  <span>Upravljanje izgradnjom<\/span><br \/>\n                  <span>Savetovanje, pronala\u017eenje i nabavka pokretnog name\u0161taja i opreme<\/span>\n               <\/p>\n<\/p><\/div><\/div>\n<div class=\"col-xs-12 col-md-8\">\n<div class=\"mbt-proj__desc\">\n<p>Abu Dhabi Financial Group (ADFG), globalna investiciona grupa sa kapitalom od preko 5 milijardi dolara, odlu\u010dila se za izgradnju hotela u okviru svog multifunkcionalnog kompleksa Capital Plaza u Podgorici, u Crnoj Gori.<\/p>\n<p>Centre Ville Hotel &amp; Experiences jedan je od najatraktivnijih hotela u Podgorici. U pitanju je poslovni hotel sa \u010detiri zvezdice, 122 sobe, prostranom recepcijom, restoranom i prostorijama za konferencije i specijalne doga\u0111aje.<\/p>\n\n\n<div class=\"ngg-galleryoverview ngg-slideshow\"\n\t id=\"ngg-slideshow-e9a9354923d3a274b0917914c837a052-9173437330\"\n     data-gallery-id=\"e9a9354923d3a274b0917914c837a052\"\n     style=\"max-width: 735px; max-height: 350px;\">\n\n \t<div id=\"ngg-image-0\" class=\"ngg-gallery-slideshow-image\" style=\"height:350px\">\n\n        <a href=\"https:\/\/www.mbt-concept.rs\/wp-content\/gallery\/centreville\/The-Living-Room-lobby-Gallery.jpg\"\n           title=\"\"\n           data-src=\"https:\/\/www.mbt-concept.rs\/wp-content\/gallery\/centreville\/The-Living-Room-lobby-Gallery.jpg\"\n           data-thumbnail=\"https:\/\/www.mbt-concept.rs\/wp-content\/gallery\/centreville\/thumbs\/thumbs_The-Living-Room-lobby-Gallery.jpg\"\n           data-image-id=\"13\"\n           data-title=\"The-Living-Room-lobby-Gallery\"\n           data-description=\"\"\n           class=\"ngg-fancybox\" rel=\"e9a9354923d3a274b0917914c837a052\">\n\n            <img data-image-id='13'\n                 title=\"\"\n                 alt=\"The-Living-Room-lobby-Gallery\"\n                 src=\"https:\/\/www.mbt-concept.rs\/wp-content\/gallery\/centreville\/The-Living-Room-lobby-Gallery.jpg\"\n                 style=\"max-height: 330px;\"\/>\n        <\/a>\n\n        <\/div> \n<div id=\"ngg-image-1\" class=\"ngg-gallery-slideshow-image\" style=\"height:350px\">\n\n        <a href=\"https:\/\/www.mbt-concept.rs\/wp-content\/gallery\/centreville\/The-Living-Room-lobby-close-up.jpg\"\n           title=\"\"\n           data-src=\"https:\/\/www.mbt-concept.rs\/wp-content\/gallery\/centreville\/The-Living-Room-lobby-close-up.jpg\"\n           data-thumbnail=\"https:\/\/www.mbt-concept.rs\/wp-content\/gallery\/centreville\/thumbs\/thumbs_The-Living-Room-lobby-close-up.jpg\"\n           data-image-id=\"14\"\n           data-title=\"The-Living-Room-lobby-close-up\"\n           data-description=\"\"\n           class=\"ngg-fancybox\" rel=\"e9a9354923d3a274b0917914c837a052\">\n\n            <img data-image-id='14'\n                 title=\"\"\n                 alt=\"The-Living-Room-lobby-close-up\"\n                 src=\"https:\/\/www.mbt-concept.rs\/wp-content\/gallery\/centreville\/The-Living-Room-lobby-close-up.jpg\"\n                 style=\"max-height: 330px;\"\/>\n        <\/a>\n\n        <\/div> \n<div id=\"ngg-image-2\" class=\"ngg-gallery-slideshow-image\" style=\"height:350px\">\n\n        <a href=\"https:\/\/www.mbt-concept.rs\/wp-content\/gallery\/centreville\/The-Living-Room-2-Gallery.jpg\"\n           title=\"\"\n           data-src=\"https:\/\/www.mbt-concept.rs\/wp-content\/gallery\/centreville\/The-Living-Room-2-Gallery.jpg\"\n           data-thumbnail=\"https:\/\/www.mbt-concept.rs\/wp-content\/gallery\/centreville\/thumbs\/thumbs_The-Living-Room-2-Gallery.jpg\"\n           data-image-id=\"15\"\n           data-title=\"The-Living-Room-2-Gallery\"\n           data-description=\"\"\n           class=\"ngg-fancybox\" rel=\"e9a9354923d3a274b0917914c837a052\">\n\n            <img data-image-id='15'\n                 title=\"\"\n                 alt=\"The-Living-Room-2-Gallery\"\n                 src=\"https:\/\/www.mbt-concept.rs\/wp-content\/gallery\/centreville\/The-Living-Room-2-Gallery.jpg\"\n                 style=\"max-height: 330px;\"\/>\n        <\/a>\n\n        <\/div> \n<div id=\"ngg-image-3\" class=\"ngg-gallery-slideshow-image\" style=\"height:350px\">\n\n        <a href=\"https:\/\/www.mbt-concept.rs\/wp-content\/gallery\/centreville\/Terrace-The-Living-Room-2.jpg\"\n           title=\"\"\n           data-src=\"https:\/\/www.mbt-concept.rs\/wp-content\/gallery\/centreville\/Terrace-The-Living-Room-2.jpg\"\n           data-thumbnail=\"https:\/\/www.mbt-concept.rs\/wp-content\/gallery\/centreville\/thumbs\/thumbs_Terrace-The-Living-Room-2.jpg\"\n           data-image-id=\"16\"\n           data-title=\"Terrace-The-Living-Room-2\"\n           data-description=\"\"\n           class=\"ngg-fancybox\" rel=\"e9a9354923d3a274b0917914c837a052\">\n\n            <img data-image-id='16'\n                 title=\"\"\n                 alt=\"Terrace-The-Living-Room-2\"\n                 src=\"https:\/\/www.mbt-concept.rs\/wp-content\/gallery\/centreville\/Terrace-The-Living-Room-2.jpg\"\n                 style=\"max-height: 330px;\"\/>\n        <\/a>\n\n        <\/div> \n<div id=\"ngg-image-4\" class=\"ngg-gallery-slideshow-image\" style=\"height:350px\">\n\n        <a href=\"https:\/\/www.mbt-concept.rs\/wp-content\/gallery\/centreville\/0036-Centre-Ville-23-1.jpg\"\n           title=\"\"\n           data-src=\"https:\/\/www.mbt-concept.rs\/wp-content\/gallery\/centreville\/0036-Centre-Ville-23-1.jpg\"\n           data-thumbnail=\"https:\/\/www.mbt-concept.rs\/wp-content\/gallery\/centreville\/thumbs\/thumbs_0036-Centre-Ville-23-1.jpg\"\n           data-image-id=\"29\"\n           data-title=\"0036-Centre-Ville-23-1\"\n           data-description=\"\"\n           class=\"ngg-fancybox\" rel=\"e9a9354923d3a274b0917914c837a052\">\n\n            <img data-image-id='29'\n                 title=\"\"\n                 alt=\"0036-Centre-Ville-23-1\"\n                 src=\"https:\/\/www.mbt-concept.rs\/wp-content\/gallery\/centreville\/0036-Centre-Ville-23-1.jpg\"\n                 style=\"max-height: 330px;\"\/>\n        <\/a>\n\n        <\/div> \n<div id=\"ngg-image-5\" class=\"ngg-gallery-slideshow-image\" style=\"height:350px\">\n\n        <a href=\"https:\/\/www.mbt-concept.rs\/wp-content\/gallery\/centreville\/Terrace-The-Living-Room-1.jpg\"\n           title=\"\"\n           data-src=\"https:\/\/www.mbt-concept.rs\/wp-content\/gallery\/centreville\/Terrace-The-Living-Room-1.jpg\"\n           data-thumbnail=\"https:\/\/www.mbt-concept.rs\/wp-content\/gallery\/centreville\/thumbs\/thumbs_Terrace-The-Living-Room-1.jpg\"\n           data-image-id=\"18\"\n           data-title=\"Terrace-The-Living-Room-1\"\n           data-description=\"\"\n           class=\"ngg-fancybox\" rel=\"e9a9354923d3a274b0917914c837a052\">\n\n            <img data-image-id='18'\n                 title=\"\"\n                 alt=\"Terrace-The-Living-Room-1\"\n                 src=\"https:\/\/www.mbt-concept.rs\/wp-content\/gallery\/centreville\/Terrace-The-Living-Room-1.jpg\"\n                 style=\"max-height: 330px;\"\/>\n        <\/a>\n\n        <\/div> \n<div id=\"ngg-image-6\" class=\"ngg-gallery-slideshow-image\" style=\"height:350px\">\n\n        <a href=\"https:\/\/www.mbt-concept.rs\/wp-content\/gallery\/centreville\/0014-Centre-Ville-24-So.jpg\"\n           title=\"\"\n           data-src=\"https:\/\/www.mbt-concept.rs\/wp-content\/gallery\/centreville\/0014-Centre-Ville-24-So.jpg\"\n           data-thumbnail=\"https:\/\/www.mbt-concept.rs\/wp-content\/gallery\/centreville\/thumbs\/thumbs_0014-Centre-Ville-24-So.jpg\"\n           data-image-id=\"19\"\n           data-title=\"0014-Centre-Ville-24-So\"\n           data-description=\"\"\n           class=\"ngg-fancybox\" rel=\"e9a9354923d3a274b0917914c837a052\">\n\n            <img data-image-id='19'\n                 title=\"\"\n                 alt=\"0014-Centre-Ville-24-So\"\n                 src=\"https:\/\/www.mbt-concept.rs\/wp-content\/gallery\/centreville\/0014-Centre-Ville-24-So.jpg\"\n                 style=\"max-height: 330px;\"\/>\n        <\/a>\n\n        <\/div> \n<div id=\"ngg-image-7\" class=\"ngg-gallery-slideshow-image\" style=\"height:350px\">\n\n        <a href=\"https:\/\/www.mbt-concept.rs\/wp-content\/gallery\/centreville\/IMG_7252.jpg\"\n           title=\"\"\n           data-src=\"https:\/\/www.mbt-concept.rs\/wp-content\/gallery\/centreville\/IMG_7252.jpg\"\n           data-thumbnail=\"https:\/\/www.mbt-concept.rs\/wp-content\/gallery\/centreville\/thumbs\/thumbs_IMG_7252.jpg\"\n           data-image-id=\"24\"\n           data-title=\"IMG_7252\"\n           data-description=\"\"\n           class=\"ngg-fancybox\" rel=\"e9a9354923d3a274b0917914c837a052\">\n\n            <img data-image-id='24'\n                 title=\"\"\n                 alt=\"IMG_7252\"\n                 src=\"https:\/\/www.mbt-concept.rs\/wp-content\/gallery\/centreville\/IMG_7252.jpg\"\n                 style=\"max-height: 330px;\"\/>\n        <\/a>\n\n        <\/div> \n<div id=\"ngg-image-8\" class=\"ngg-gallery-slideshow-image\" style=\"height:350px\">\n\n        <a href=\"https:\/\/www.mbt-concept.rs\/wp-content\/gallery\/centreville\/0016-Centre-Ville-26-1.jpg\"\n           title=\"\"\n           data-src=\"https:\/\/www.mbt-concept.rs\/wp-content\/gallery\/centreville\/0016-Centre-Ville-26-1.jpg\"\n           data-thumbnail=\"https:\/\/www.mbt-concept.rs\/wp-content\/gallery\/centreville\/thumbs\/thumbs_0016-Centre-Ville-26-1.jpg\"\n           data-image-id=\"20\"\n           data-title=\"0016-Centre-Ville-26-1\"\n           data-description=\"\"\n           class=\"ngg-fancybox\" rel=\"e9a9354923d3a274b0917914c837a052\">\n\n            <img data-image-id='20'\n                 title=\"\"\n                 alt=\"0016-Centre-Ville-26-1\"\n                 src=\"https:\/\/www.mbt-concept.rs\/wp-content\/gallery\/centreville\/0016-Centre-Ville-26-1.jpg\"\n                 style=\"max-height: 330px;\"\/>\n        <\/a>\n\n        <\/div> \n<div id=\"ngg-image-9\" class=\"ngg-gallery-slideshow-image\" style=\"height:350px\">\n\n        <a href=\"https:\/\/www.mbt-concept.rs\/wp-content\/gallery\/centreville\/0005-Centre-Ville-25.jpg\"\n           title=\"\"\n           data-src=\"https:\/\/www.mbt-concept.rs\/wp-content\/gallery\/centreville\/0005-Centre-Ville-25.jpg\"\n           data-thumbnail=\"https:\/\/www.mbt-concept.rs\/wp-content\/gallery\/centreville\/thumbs\/thumbs_0005-Centre-Ville-25.jpg\"\n           data-image-id=\"21\"\n           data-title=\"0005-Centre-Ville-25\"\n           data-description=\"\"\n           class=\"ngg-fancybox\" rel=\"e9a9354923d3a274b0917914c837a052\">\n\n            <img data-image-id='21'\n                 title=\"\"\n                 alt=\"0005-Centre-Ville-25\"\n                 src=\"https:\/\/www.mbt-concept.rs\/wp-content\/gallery\/centreville\/0005-Centre-Ville-25.jpg\"\n                 style=\"max-height: 330px;\"\/>\n        <\/a>\n\n        <\/div> \n<div id=\"ngg-image-10\" class=\"ngg-gallery-slideshow-image\" style=\"height:350px\">\n\n        <a href=\"https:\/\/www.mbt-concept.rs\/wp-content\/gallery\/centreville\/Signature-Small-Room-Gallery.jpg\"\n           title=\"\"\n           data-src=\"https:\/\/www.mbt-concept.rs\/wp-content\/gallery\/centreville\/Signature-Small-Room-Gallery.jpg\"\n           data-thumbnail=\"https:\/\/www.mbt-concept.rs\/wp-content\/gallery\/centreville\/thumbs\/thumbs_Signature-Small-Room-Gallery.jpg\"\n           data-image-id=\"22\"\n           data-title=\"Signature-Small-Room-Gallery\"\n           data-description=\"\"\n           class=\"ngg-fancybox\" rel=\"e9a9354923d3a274b0917914c837a052\">\n\n            <img data-image-id='22'\n                 title=\"\"\n                 alt=\"Signature-Small-Room-Gallery\"\n                 src=\"https:\/\/www.mbt-concept.rs\/wp-content\/gallery\/centreville\/Signature-Small-Room-Gallery.jpg\"\n                 style=\"max-height: 330px;\"\/>\n        <\/a>\n\n        <\/div> \n<div id=\"ngg-image-11\" class=\"ngg-gallery-slideshow-image\" style=\"height:350px\">\n\n        <a href=\"https:\/\/www.mbt-concept.rs\/wp-content\/gallery\/centreville\/0015-Centre-Ville-30-1.jpg\"\n           title=\"\"\n           data-src=\"https:\/\/www.mbt-concept.rs\/wp-content\/gallery\/centreville\/0015-Centre-Ville-30-1.jpg\"\n           data-thumbnail=\"https:\/\/www.mbt-concept.rs\/wp-content\/gallery\/centreville\/thumbs\/thumbs_0015-Centre-Ville-30-1.jpg\"\n           data-image-id=\"23\"\n           data-title=\"0015-Centre-Ville-30-1\"\n           data-description=\"\"\n           class=\"ngg-fancybox\" rel=\"e9a9354923d3a274b0917914c837a052\">\n\n            <img data-image-id='23'\n                 title=\"\"\n                 alt=\"0015-Centre-Ville-30-1\"\n                 src=\"https:\/\/www.mbt-concept.rs\/wp-content\/gallery\/centreville\/0015-Centre-Ville-30-1.jpg\"\n                 style=\"max-height: 330px;\"\/>\n        <\/a>\n\n        <\/div> \n<div id=\"ngg-image-12\" class=\"ngg-gallery-slideshow-image\" style=\"height:350px\">\n\n        <a href=\"https:\/\/www.mbt-concept.rs\/wp-content\/gallery\/centreville\/Excutive-Suite-living-room-Gallery.jpg\"\n           title=\"\"\n           data-src=\"https:\/\/www.mbt-concept.rs\/wp-content\/gallery\/centreville\/Excutive-Suite-living-room-Gallery.jpg\"\n           data-thumbnail=\"https:\/\/www.mbt-concept.rs\/wp-content\/gallery\/centreville\/thumbs\/thumbs_Excutive-Suite-living-room-Gallery.jpg\"\n           data-image-id=\"25\"\n           data-title=\"Excutive-Suite-living-room-Gallery\"\n           data-description=\"\"\n           class=\"ngg-fancybox\" rel=\"e9a9354923d3a274b0917914c837a052\">\n\n            <img data-image-id='25'\n                 title=\"\"\n                 alt=\"Excutive-Suite-living-room-Gallery\"\n                 src=\"https:\/\/www.mbt-concept.rs\/wp-content\/gallery\/centreville\/Excutive-Suite-living-room-Gallery.jpg\"\n                 style=\"max-height: 330px;\"\/>\n        <\/a>\n\n        <\/div> \n<div id=\"ngg-image-13\" class=\"ngg-gallery-slideshow-image\" style=\"height:350px\">\n\n        <a href=\"https:\/\/www.mbt-concept.rs\/wp-content\/gallery\/centreville\/Dipolatic-Suite-living-room-Gallery.jpg\"\n           title=\"\"\n           data-src=\"https:\/\/www.mbt-concept.rs\/wp-content\/gallery\/centreville\/Dipolatic-Suite-living-room-Gallery.jpg\"\n           data-thumbnail=\"https:\/\/www.mbt-concept.rs\/wp-content\/gallery\/centreville\/thumbs\/thumbs_Dipolatic-Suite-living-room-Gallery.jpg\"\n           data-image-id=\"26\"\n           data-title=\"Dipolatic-Suite-living-room-Gallery\"\n           data-description=\"\"\n           class=\"ngg-fancybox\" rel=\"e9a9354923d3a274b0917914c837a052\">\n\n            <img data-image-id='26'\n                 title=\"\"\n                 alt=\"Dipolatic-Suite-living-room-Gallery\"\n                 src=\"https:\/\/www.mbt-concept.rs\/wp-content\/gallery\/centreville\/Dipolatic-Suite-living-room-Gallery.jpg\"\n                 style=\"max-height: 330px;\"\/>\n        <\/a>\n\n        <\/div> \n<div id=\"ngg-image-14\" class=\"ngg-gallery-slideshow-image\" style=\"height:350px\">\n\n        <a href=\"https:\/\/www.mbt-concept.rs\/wp-content\/gallery\/centreville\/0018-Centre-Ville-16-1.jpg\"\n           title=\"\"\n           data-src=\"https:\/\/www.mbt-concept.rs\/wp-content\/gallery\/centreville\/0018-Centre-Ville-16-1.jpg\"\n           data-thumbnail=\"https:\/\/www.mbt-concept.rs\/wp-content\/gallery\/centreville\/thumbs\/thumbs_0018-Centre-Ville-16-1.jpg\"\n           data-image-id=\"30\"\n           data-title=\"0018-Centre-Ville-16-1\"\n           data-description=\"\"\n           class=\"ngg-fancybox\" rel=\"e9a9354923d3a274b0917914c837a052\">\n\n            <img data-image-id='30'\n                 title=\"\"\n                 alt=\"0018-Centre-Ville-16-1\"\n                 src=\"https:\/\/www.mbt-concept.rs\/wp-content\/gallery\/centreville\/0018-Centre-Ville-16-1.jpg\"\n                 style=\"max-height: 330px;\"\/>\n        <\/a>\n\n        <\/div> \n<\/div>\n\n\n\n\n<\/p><\/div><\/div><\/div><\/div>\n<\/section>\n<p><\/p>","protected":false},"excerpt":{"rendered":"<p>CENTRE VILLE Podgorica, Crna Gora Lokacija Podgorica, Crna Gora Investitor Abu Dhabi Financial Group (ADFG) Klijent Abu Dhabi Financial Group (ADFG) Veli\u010dina projekta 10.000 m&sup2; Usluga Upravljanje izgradnjom Savetovanje, pronala\u017eenje i nabavka pokretnog name\u0161taja i opreme Abu Dhabi Financial Group (ADFG), globalna investiciona grupa sa&hellip;<\/p>\n","protected":false},"author":3,"featured_media":0,"parent":555,"menu_order":0,"comment_status":"closed","ping_status":"closed","template":"","meta":{"ngg_post_thumbnail":0,"footnotes":""},"class_list":["post-2080","page","type-page","status-publish","hentry"],"acf":[],"_links":{"self":[{"href":"https:\/\/www.mbt-concept.rs\/sr\/wp-json\/wp\/v2\/pages\/2080","targetHints":{"allow":["GET"]}}],"collection":[{"href":"https:\/\/www.mbt-concept.rs\/sr\/wp-json\/wp\/v2\/pages"}],"about":[{"href":"https:\/\/www.mbt-concept.rs\/sr\/wp-json\/wp\/v2\/types\/page"}],"author":[{"embeddable":true,"href":"https:\/\/www.mbt-concept.rs\/sr\/wp-json\/wp\/v2\/users\/3"}],"replies":[{"embeddable":true,"href":"https:\/\/www.mbt-concept.rs\/sr\/wp-json\/wp\/v2\/comments?post=2080"}],"version-history":[{"count":0,"href":"https:\/\/www.mbt-concept.rs\/sr\/wp-json\/wp\/v2\/pages\/2080\/revisions"}],"up":[{"embeddable":true,"href":"https:\/\/www.mbt-concept.rs\/sr\/wp-json\/wp\/v2\/pages\/555"}],"wp:attachment":[{"href":"https:\/\/www.mbt-concept.rs\/sr\/wp-json\/wp\/v2\/media?parent=2080"}],"curies":[{"name":"wp","href":"https:\/\/api.w.org\/{rel}","templated":true}]}}