{"id":340,"date":"2016-07-24T09:20:01","date_gmt":"2016-07-24T07:20:01","guid":{"rendered":"http:\/\/webicode.com\/wp-demos\/albist-wp\/?page_id=340"},"modified":"2021-12-01T12:05:42","modified_gmt":"2021-12-01T11:05:42","slug":"who-we-are","status":"publish","type":"page","link":"https:\/\/www.mbt-concept.rs\/sr\/who-we-are\/","title":{"rendered":"Ko smo mi"},"content":{"rendered":"<p><\/p>\n<p>[vc_row][vc_column][rev_slider_vc alias=&#8220;who-we-are-rs&#8220;][\/vc_column][\/vc_row][vc_row css=&#8220;.vc_custom_1518093703325{padding-top: 50px !important;}&#8220;][vc_column]<div class=\"container \">[vc_row_inner][vc_column_inner width=&#8220;1\/6&#8243;][\/vc_column_inner][vc_column_inner width=&#8220;2\/3&#8243;][vc_column_text]<\/p>\n<p style=\"text-align: center;\">Mi smo tim stru\u010dnjaka sa velikim iskustvom u regionu i van njega u oblasti upravljanja svim fazama projekata razvoja i izgradnje gra\u0111evinskih objekata, kompleksa i infrastrukturnih projekata, kao i u oblasti finansijskih usluga.<\/p>\n<p style=\"text-align: center;\">Mi smo tu da za\u0161titimo i pove\u0107amo vrednost va\u0161eg razvojnog projekta potpuno se prilago\u0111avaju\u0107i va\u0161im potrebama i ciljevima, koriste\u0107i snagu znanja i iskustva na\u0161eg internog tima i spoljnih saradnika najvi\u0161e reputacije.<\/p>\n<p>[\/vc_column_text][\/vc_column_inner][vc_column_inner width=&#8220;1\/6&#8243;][\/vc_column_inner][\/vc_row_inner]<\/div>[\/vc_column][\/vc_row][vc_row][vc_column]<div class=\"heading text-center dark\"><span>Na\u0161e vrednosti<\/span><h4>Ono \u0161to nas izdvaja<\/h4><hr><p><\/p><\/div><div class=\"container uski\">[vc_row_inner equal_height=&#8220;yes&#8220; content_placement=&#8220;top&#8220; css=&#8220;.vc_custom_1518093816611{margin-bottom: 50px !important;}&#8220;][vc_column_inner width=&#8220;1\/3&#8243;]<div class=\"we-offer\"><div class=\"media-left\"><div class=\"icon\"> <i class=\"lnr lnr-cog\"><\/i> <\/div><\/div><div class=\"media-body\"><h6>Znanje<\/h6><hr><p>To je osnova na\u0161eg poslovanja. Tokom godina, stekli smo bogato iskustvo i \u0161iroko znanje kroz aktivno prisustvo na razli\u010ditim tr\u017ei\u0161tima.<\/p><\/div><\/div>[\/vc_column_inner][vc_column_inner width=&#8220;1\/3&#8243;]<div class=\"we-offer\"><div class=\"media-left\"><div class=\"icon\"> <i class=\"lnr lnr-license\"><\/i> <\/div><\/div><div class=\"media-body\"><h6>Poverenje<\/h6><hr><p>Poverenje je uslov za dobar partnerski odnos. Mi unosimo iskrenost, pouzdanost i sigurnost u sve poslove koje obavljamo.<\/p><\/div><\/div>[\/vc_column_inner][vc_column_inner width=&#8220;1\/3&#8243;]<div class=\"we-offer\"><div class=\"media-left\"><div class=\"icon\"> <i class=\"lnr lnr-star\"><\/i> <\/div><\/div><div class=\"media-body\"><h6>Kvalitet<\/h6><hr><p>Kvalitet na\u0161eg rada je na\u0161 glavni cilj. Posve\u0107eni smo dostizanju najvi\u0161ih me\u0111unarodnih standarda u svim oblastima poslovanja.<\/p><\/div><\/div>[\/vc_column_inner][\/vc_row_inner]<\/div>[\/vc_column][\/vc_row][vc_row][vc_column]<div class=\"container \">[vc_row_inner][vc_column_inner width=&#8220;1\/3&#8243;][\/vc_column_inner][vc_column_inner width=&#8220;1\/3&#8243;]<div class=\"heading text-center dark\"><span><\/span><h4>Osniva\u010d<\/h4><hr><p><\/p><\/div>[vc_single_image image=&#8220;1315&#8243; img_size=&#8220;full&#8220;][vc_column_text]<\/p>\n<h3>Toma Mihailovi\u0107<\/h3>\n<p><strong>Generalni direktor<\/strong><br \/>\nPriznati ekspert za upravljanje projektima sa iskustvom na klju\u010dnim pozicijama u rukovo\u0111enju nekim od najve\u0107ih razvojnih projekata u regionu, uklju\u010duju\u0107i Porto Montenegro i Beograd na vodi. \u010clan tima za upravljanje projektom izgradnje novog krila naftne rafinerije Kiri\u0161i \u200b\u200bu Rusiji.[\/vc_column_text][\/vc_column_inner][vc_column_inner width=&#8220;1\/3&#8243;][\/vc_column_inner][\/vc_row_inner]<\/div>[\/vc_column][\/vc_row]<\/p>\n<p><\/p>","protected":false},"excerpt":{"rendered":"<p>[vc_row][vc_column][rev_slider_vc alias=&#8220;who-we-are-rs&#8220;][\/vc_column][\/vc_row][vc_row css=&#8220;.vc_custom_1518093703325{padding-top: 50px !important;}&#8220;][vc_column][\/vc_column][\/vc_row][vc_row][vc_column][\/vc_column][\/vc_row][vc_row][vc_column][\/vc_column][\/vc_row]<\/p>\n","protected":false},"author":2,"featured_media":0,"parent":0,"menu_order":0,"comment_status":"closed","ping_status":"closed","template":"","meta":{"ngg_post_thumbnail":0,"footnotes":""},"class_list":["post-340","page","type-page","status-publish","hentry"],"acf":[],"_links":{"self":[{"href":"https:\/\/www.mbt-concept.rs\/sr\/wp-json\/wp\/v2\/pages\/340","targetHints":{"allow":["GET"]}}],"collection":[{"href":"https:\/\/www.mbt-concept.rs\/sr\/wp-json\/wp\/v2\/pages"}],"about":[{"href":"https:\/\/www.mbt-concept.rs\/sr\/wp-json\/wp\/v2\/types\/page"}],"author":[{"embeddable":true,"href":"https:\/\/www.mbt-concept.rs\/sr\/wp-json\/wp\/v2\/users\/2"}],"replies":[{"embeddable":true,"href":"https:\/\/www.mbt-concept.rs\/sr\/wp-json\/wp\/v2\/comments?post=340"}],"version-history":[{"count":107,"href":"https:\/\/www.mbt-concept.rs\/sr\/wp-json\/wp\/v2\/pages\/340\/revisions"}],"predecessor-version":[{"id":1829,"href":"https:\/\/www.mbt-concept.rs\/sr\/wp-json\/wp\/v2\/pages\/340\/revisions\/1829"}],"wp:attachment":[{"href":"https:\/\/www.mbt-concept.rs\/sr\/wp-json\/wp\/v2\/media?parent=340"}],"curies":[{"name":"wp","href":"https:\/\/api.w.org\/{rel}","templated":true}]}}